{"id":99,"date":"2021-09-22T05:47:51","date_gmt":"2021-09-22T03:47:51","guid":{"rendered":"https:\/\/expertentagung.info\/virtuelles-konferenz-center\/?page_id=99"},"modified":"2021-11-22T10:17:24","modified_gmt":"2021-11-22T09:17:24","slug":"fachprogramm-am-15-12-2021","status":"publish","type":"page","link":"https:\/\/expertentagung.info\/virtuelles-konferenz-center\/fachprogramm-am-15-12-2021\/","title":{"rendered":"Fachprogramm am 15.12.2021"},"content":{"rendered":"<p>Das NEUE Tagungsprogramm der ONLINE-FACHTAGUNG wurde ver\u00f6ffentlicht und steht <a href=\"https:\/\/ifv-bahntechnik.de\/zulassung.pdf\" target=\"_blank\" rel=\"noopener\"><strong>HIER<\/strong><\/a> zum Download bereit.<\/p>\n<p>&nbsp;<\/p>\n<p><a href=\"https:\/\/ifv-bahntechnik.de\/zulassung.pdf\" target=\"_blank\" rel=\"noopener\"><img decoding=\"async\" class=\"aligncenter\" src=\"https:\/\/ifv-bahntechnik.de\/fileserver\/2021\/zulassung-2021\/zulassung-prospekt-600px.jpg\"><\/a><\/p>\n<p style=\"text-align: center;\"><a class=\"fasc-button fasc-size-xlarge fasc-type-glossy fasc-rounded-medium fasc-ico-before dashicons-admin-links fasc-style-bold\" style=\"background-color: #ff0000; color: #ffffff;\" target=\"_blank\" rel=\"noopener\" href=\"https:\/\/ifv-bahntechnik.de\/zulassung.pdf\">DOWNLOAD &gt;&gt;&gt; zulassung.pdf<\/a><\/p>\n<p>&nbsp;<\/p>\n<p>Teilnehmer k\u00f6nnen sich konventionell mit der PDF-DATEI oder online \u00fcber den TICKETSHOP (wird momentan aktualisiert) anmelden.<\/p>\n","protected":false},"excerpt":{"rendered":"<p>Das NEUE Tagungsprogramm der ONLINE-FACHTAGUNG wurde ver\u00f6ffentlicht und steht HIER zum Download bereit. &nbsp; DOWNLOAD &gt;&gt;&gt; zulassung.pdf &nbsp; Teilnehmer k\u00f6nnen sich konventionell mit der PDF-DATEI oder online \u00fcber den TICKETSHOP (wird momentan aktualisiert) anmelden.<\/p>\n","protected":false},"author":1,"featured_media":0,"parent":0,"menu_order":0,"comment_status":"closed","ping_status":"closed","template":"","meta":{"footnotes":""},"class_list":["post-99","page","type-page","status-publish","hentry"],"_links":{"self":[{"href":"https:\/\/expertentagung.info\/virtuelles-konferenz-center\/wp-json\/wp\/v2\/pages\/99","targetHints":{"allow":["GET"]}}],"collection":[{"href":"https:\/\/expertentagung.info\/virtuelles-konferenz-center\/wp-json\/wp\/v2\/pages"}],"about":[{"href":"https:\/\/expertentagung.info\/virtuelles-konferenz-center\/wp-json\/wp\/v2\/types\/page"}],"author":[{"embeddable":true,"href":"https:\/\/expertentagung.info\/virtuelles-konferenz-center\/wp-json\/wp\/v2\/users\/1"}],"replies":[{"embeddable":true,"href":"https:\/\/expertentagung.info\/virtuelles-konferenz-center\/wp-json\/wp\/v2\/comments?post=99"}],"version-history":[{"count":3,"href":"https:\/\/expertentagung.info\/virtuelles-konferenz-center\/wp-json\/wp\/v2\/pages\/99\/revisions"}],"predecessor-version":[{"id":127,"href":"https:\/\/expertentagung.info\/virtuelles-konferenz-center\/wp-json\/wp\/v2\/pages\/99\/revisions\/127"}],"wp:attachment":[{"href":"https:\/\/expertentagung.info\/virtuelles-konferenz-center\/wp-json\/wp\/v2\/media?parent=99"}],"curies":[{"name":"wp","href":"https:\/\/api.w.org\/{rel}","templated":true}]}}