{"id":20,"date":"2021-09-10T09:45:35","date_gmt":"2021-09-10T07:45:35","guid":{"rendered":"https:\/\/expertentagung.info\/virtuelles-konferenz-center\/?page_id=20"},"modified":"2021-12-14T23:48:12","modified_gmt":"2021-12-14T22:48:12","slug":"teilnahmebedingungen","status":"publish","type":"page","link":"https:\/\/expertentagung.info\/virtuelles-konferenz-center\/teilnahmebedingungen\/","title":{"rendered":"Teilnahmebedingungen"},"content":{"rendered":"<p>&nbsp;<br \/>\n&nbsp;<\/p>\n<h2>F\u00fcr die Veranstaltungen der IFV Beratung und Service GmbH gelten folgende Teilnahmebedingungen:<\/h2>\n<p>&nbsp;<\/p>\n<p>&nbsp;<\/p>\n<blockquote>\n<ul>\n<li>Allgemeine Gesch\u00e4ftsbedingungen (AGB) &gt;&gt;&gt; <strong><a href=\"https:\/\/www.ifv-servicegesellschaft.de\/agb.pdf\" target=\"_blank\" rel=\"noopener noreferrer\">www.ifv-servicegesellschaft.de\/agb.pdf<\/a><\/strong><\/li>\n<\/ul>\n<\/blockquote>\n<p>&nbsp;<\/p>\n<blockquote>\n<ul>\n<li>Besondere Gesch\u00e4ftsbedingungen f\u00fcr die Teilnahme an Online-Veranstaltungen &gt;&gt;&gt; <strong><a href=\"https:\/\/expertentagung.info\/sonderbedingungen\/\">Sonderbedingungen<\/a><\/strong><\/li>\n<\/ul>\n<\/blockquote>\n<p>&nbsp;<\/p>\n<blockquote>\n<ul>\n<li>Hygienekonzept (bei Pr\u00e4senzveranstaltungen w\u00e4hrend der COVID-19-Pandemie &gt;&gt;&gt; <a href=\"https:\/\/expertentagung.info\/hygienekonzept\/\"><strong>Hygienekonzept<\/strong><\/a><\/li>\n<\/ul>\n<\/blockquote>\n<p>&nbsp;<\/p>\n<blockquote>\n<ul>\n<li>Datenschutzerkl\u00e4rung: <strong><a href=\"https:\/\/expertentagung.info\/datenschutz\/\">Datenschutz<\/a><\/strong><\/li>\n<\/ul>\n<\/blockquote>\n<p>&nbsp;<\/p>\n<p>&nbsp;<\/p>\n<p>&nbsp;<\/p>\n<p style=\"text-align: right;\"><span style=\"color: #ffffff;\">.<\/span><\/p>\n<hr>\n<p style=\"text-align: right;\"><span style=\"color: #ffffff;\">.<\/span><\/p>\n<p style=\"text-align: right;\"><span style=\"color: #ffffff;\">.<\/span><\/p>\n<p>&nbsp;<\/p>\n<blockquote>\n<blockquote>\n<ul>\n<li>Gesch\u00e4ftsbedingungen f\u00fcr die Teilnahme an Expertentagungen &gt;&gt;&gt; <strong><a href=\"https:\/\/expertentagung.info\/teilnahmebedingungen\/\">Teilnahmebedingungen<\/a><\/strong><\/li>\n<li>AKTUALISIERUNGEN zu den Teilnahmebedingungen finden Sie stets unter folgender Adresse:<\/li>\n<li><a class=\"fasc-button fasc-size-large fasc-type-popout fasc-rounded-medium fasc-ico-before dashicons-menu fasc-style-bold\" style=\"background-color: #ff0000; color: #ffffff;\" href=\"https:\/\/expertentagung.info\/teilnahmebedingungen\/\">Teilnahmebedingungen<\/a><\/li>\n<\/ul>\n<\/blockquote>\n<\/blockquote>\n<p>&nbsp;<\/p>\n<p>&nbsp;<\/p>\n","protected":false},"excerpt":{"rendered":"<p>&nbsp; &nbsp; F\u00fcr die Veranstaltungen der IFV Beratung und Service GmbH gelten folgende Teilnahmebedingungen: &nbsp; &nbsp; Allgemeine Gesch\u00e4ftsbedingungen (AGB) &gt;&gt;&gt; www.ifv-servicegesellschaft.de\/agb.pdf &nbsp; Besondere Gesch\u00e4ftsbedingungen f\u00fcr die Teilnahme an Online-Veranstaltungen &gt;&gt;&gt; Sonderbedingungen &nbsp; Hygienekonzept (bei Pr\u00e4senzveranstaltungen w\u00e4hrend der COVID-19-Pandemie &gt;&gt;&gt; Hygienekonzept &nbsp; Datenschutzerkl\u00e4rung: Datenschutz &nbsp; &nbsp; &nbsp; . . . &nbsp; Gesch\u00e4ftsbedingungen f\u00fcr die Teilnahme an [&hellip;]<\/p>\n","protected":false},"author":1,"featured_media":0,"parent":0,"menu_order":0,"comment_status":"closed","ping_status":"closed","template":"","meta":{"footnotes":""},"class_list":["post-20","page","type-page","status-publish","hentry"],"_links":{"self":[{"href":"https:\/\/expertentagung.info\/virtuelles-konferenz-center\/wp-json\/wp\/v2\/pages\/20","targetHints":{"allow":["GET"]}}],"collection":[{"href":"https:\/\/expertentagung.info\/virtuelles-konferenz-center\/wp-json\/wp\/v2\/pages"}],"about":[{"href":"https:\/\/expertentagung.info\/virtuelles-konferenz-center\/wp-json\/wp\/v2\/types\/page"}],"author":[{"embeddable":true,"href":"https:\/\/expertentagung.info\/virtuelles-konferenz-center\/wp-json\/wp\/v2\/users\/1"}],"replies":[{"embeddable":true,"href":"https:\/\/expertentagung.info\/virtuelles-konferenz-center\/wp-json\/wp\/v2\/comments?post=20"}],"version-history":[{"count":13,"href":"https:\/\/expertentagung.info\/virtuelles-konferenz-center\/wp-json\/wp\/v2\/pages\/20\/revisions"}],"predecessor-version":[{"id":223,"href":"https:\/\/expertentagung.info\/virtuelles-konferenz-center\/wp-json\/wp\/v2\/pages\/20\/revisions\/223"}],"wp:attachment":[{"href":"https:\/\/expertentagung.info\/virtuelles-konferenz-center\/wp-json\/wp\/v2\/media?parent=20"}],"curies":[{"name":"wp","href":"https:\/\/api.w.org\/{rel}","templated":true}]}}