{"id":162,"date":"2021-12-14T04:10:39","date_gmt":"2021-12-14T03:10:39","guid":{"rendered":"https:\/\/expertentagung.info\/virtuelles-konferenz-center\/?page_id=162"},"modified":"2021-12-24T23:43:38","modified_gmt":"2021-12-24T22:43:38","slug":"2-etage-plenarsaal","status":"publish","type":"page","link":"https:\/\/expertentagung.info\/virtuelles-konferenz-center\/2-etage-plenarsaal\/","title":{"rendered":"Plenarsaal"},"content":{"rendered":"<div class=\"art-postheadericons art-metadata-icons\">&nbsp;<\/div>\n<div class=\"art-postcontent clearfix\">\n<p style=\"text-align: center;\"><a href=\"https:\/\/expertentagung.info\/virtuelles-konferenz-center\/fahrstuhl\/\"><img loading=\"lazy\" decoding=\"async\" class=\"alignnone aligncenter\" src=\"https:\/\/technik-netzwerk.de\/fileserver-zentrale\/www-virtuelles-konferenz-center-de\/999-expertentagung-1200px.png\" alt=\"\" width=\"1200\" height=\"163\"><\/a><a href=\"#\" target=\"_blank\" rel=\"noopener\"><img loading=\"lazy\" decoding=\"async\" class=\"aligncenter\" src=\"https:\/\/technik-netzwerk.de\/fileserver-zentrale\/www-virtuelles-konferenz-center-de\/2-etage-plenarsaal-1200px.png\" alt=\"\" width=\"1200\" height=\"94\"><\/a><\/p>\n<\/div>\n<p>&nbsp;<\/p>\n<p style=\"text-align: center;\"><strong>PLENARSAAL<\/strong> f\u00fcr die FACHVORTR\u00c4GE im Virtuellen Konferenz-Centers (VKC):<\/p>\n<p style=\"text-align: center;\"><span style=\"color: #ffffff;\">.<\/span><\/p>\n<p style=\"text-align: center;\"><span style=\"color: #ffffff;\">.<\/span><\/p>\n<p style=\"text-align: center;\"><a class=\"fasc-button fasc-size-xlarge fasc-type-popout fasc-rounded-medium fasc-ico-before dashicons-welcome-view-site fasc-style-bold\" style=\"background-color: #0000ff; color: #ffffff;\" target=\"_blank\" href=\"#\" rel=\"noopener\">PLENARSAAL (BIG BLUE BUTTON)<\/a><\/p>\n<p style=\"text-align: center;\"><span style=\"color: #ffffff;\">.<\/span><\/p>\n<p style=\"text-align: center;\"><span style=\"color: #ffffff;\">.<\/span><\/p>\n<p style=\"text-align: center;\">=== Alle registrierten Teilnehmer &amp; Referenten haben ein Zugangs-Passwort per E-Mail erhalten ===<\/p>\n<p style=\"text-align: right;\"><span style=\"color: #ffffff;\">.<\/span><\/p>\n<p><a href=\"#\" target=\"_blank\" rel=\"noopener\"><img loading=\"lazy\" decoding=\"async\" class=\"aligncenter\" src=\"https:\/\/technik-netzwerk.de\/fileserver-zentrale\/online-fachtagung-de\/online-fachtagung-de-ebene2plenarsaal600px.png\" alt=\"\" width=\"600\" height=\"413\"><\/a><\/p>\n<p style=\"text-align: right;\"><span style=\"color: #ffffff;\">.<\/span><\/p>\n<p>Das <strong>PLENUM<\/strong> ist das Herz des virtuellen Konferenz-Centers.<\/p>\n<p>Hier finden alle <strong>FACHVORTR\u00c4GE<\/strong> und <strong>DISKUSSIONSRUNDEN<\/strong> statt.<\/p>\n<p>Im Anschluss an jeden Vortrag gibt es eine <strong>FRAGE- und ANTWORTRUNDE <\/strong>f\u00fcr Nachfragen zum jeweiligen Referat.<\/p>\n<p style=\"text-align: center;\"><span style=\"color: #ffffff;\">.<\/span><\/p>\n<p style=\"text-align: center;\"><span style=\"color: #ffffff;\">.<\/span><\/p>\n<p style=\"text-align: center;\"><a class=\"fasc-button fasc-size-xlarge fasc-type-popout fasc-rounded-medium fasc-ico-before dashicons-welcome-view-site fasc-style-bold\" style=\"background-color: #0000ff; color: #ffffff;\" target=\"_blank\" href=\"#\" rel=\"noopener\">PLENARSAAL (BIG BLUE BUTTON)<\/a><\/p>\n<p style=\"text-align: center;\"><span style=\"color: #ffffff;\">.<\/span><\/p>\n<p style=\"text-align: center;\"><span style=\"color: #ffffff;\">.<\/span><\/p>\n<p style=\"text-align: right;\"><span style=\"color: #ffffff;\">.<\/span><\/p>\n<p style=\"text-align: right;\">.<\/p>\n<div class=\" accordion-jjvsvp style1 magee-shortcode panel-group magee-accordion accordion-spacing\" role=\"tablist\" aria-multiselectable=\"no\" id=\"accordion-jjvsvp\"> <div class=\"panel panel-default \" id=\"panelaccordion-jjvsvp-1\"><div class=\"panel-heading\" role=\"tab\" id=\"headingcollapseaccordion-jjvsvp-1\">\r\n\t\t\t\t<a class=\"accordion-toggle collapsed\" data-toggle=\"collapse\" data-parent=\"#accordion-jjvsvp\" href=\"#collapseaccordion-jjvsvp-1\" aria-expanded=\"false\" aria-controls=\"collapseaccordion-jjvsvp-1\">\r\n\t\t\t\t\t<h4 class=\"panel-title\">\r\n\t\t\t\t\t\t\tTechnische \/ Rechtliche \/ Organisatorische Hinweise f\u00fcr Teilnehmer an einer Video-Konferenz im VKC von TECHNIK-NETZWERK.de bzw. von Online-FACHTAGUNG.de \r\n\t\t\t\t\t<\/h4>\r\n\t\t\t\t<\/a>\r\n\t\t\t<\/div>\r\n\t\t\t<div id=\"collapseaccordion-jjvsvp-1\" class=\"panel-collapse collapse \" role=\"tabpanel\" aria-labelledby=\"headingcollapseaccordion-jjvsvp-1\" aria-expanded=\"false\">\r\n\t\t\t\t<div class=\"panel-body\">\r\n\t\t\t\t\t\n<ul>\n<li><strong>Mit der Nutzung der Konferenzr\u00e4ume (des Plenarsaals) werden folgende Teilnahme- und Nutzungsbedingungen des Veranstalters bzw. des Portalbetreibers anerkannt: <\/strong><\/li>\n<li>Die f\u00fcr diese Veranstaltung geltenden TEILNAHMEBEDINGUNGEN sind Vertragsbestandteil und k\u00f6nnen hier eingesehen werden &gt;&gt;&gt; <a href=\"https:\/\/expertentagung.info\/virtuelles-konferenz-center\/teilnahmebedingungen\/\">https:\/\/expertentagung.info\/virtuelles-konferenz-center\/teilnahmebedingungen\/<\/a><\/li>\n<li>Bitte verwenden Sie keine im Computer oder Notebook eingebauten Mikrofone oder Lautsprecher (weil diese unangenehme St\u00f6rger\u00e4usche erzeugen) . Verwenden Sie besser ein <strong>Headset<\/strong>, bei welchem Kopfh\u00f6rer und Mikrofon dicht am Kopf getragen werden &#8211; hierdurch werden Nebenger\u00e4usche sowie unerw\u00fcnschte akustische R\u00fcckkopplungen wirksam vermieden. Ggf. m\u00fcssen w\u00e4hrend der Plansaal-Vortr\u00e4ge der Mikrofone (mit Ausnahme des Vortragenden) auf &#8222;<strong>stumm<\/strong>&#8220; geschaltet werden.<\/li>\n<li>Wer sich mit einer <strong>Wortmeldung<\/strong> an der Diskussion beteiligen m\u00f6chte, kann sich durch virtuelles HAND-HEBEN ( RAISE HAND) bemerkbar machen. Zudem steht f\u00fcr viele Veranstaltungs- und Sitzungsformate eine von der Tagungsleitung freigeschaltete TEXT-CHAT-FUNKTION zur Verf\u00fcgung, mit der Fragen f\u00fcr die Diskussionsrunde schriftlich formuliert werden k\u00f6nnen. Bitte beachten Sie dass Chat-Nachrichten ggf. von ALLEN Teilnehmern gelesen werden k\u00f6nnen, sofern nicht ausdr\u00fccklich auf PRIVATE NACHRICHT an einen bestimmten Teilnehmer geklickt wird.<\/li>\n<li>Beachten Sie unbedingt, dass es ausdr\u00fccklich <strong>NICHT GESTATTET<\/strong> ist, Video- oder Audio-Aufnahmen zu erstellen, oder wissentlich zuzulassen, dass Dritte solche Aufnahmen erstellen, verwenden oder verbreiten. Die n\u00e4heren Einzelheiten (sowie die rechtlichen Konsequenzen) sind in den AGB (allgemeinen Gesch\u00e4ftsbedingungen) sowie in den besonderen Teilnahmebedingungen geregelt. (Dies gilt f\u00fcr jede Art von Aufnahme (z. B. Screenshots, Videograbbing, Fotos oder Videoaufnahmen mit einem Smartphone, Tonaufnahmen mit einem Diktierger\u00e4t) durch den Tagungsteilnehmer oder durch eine andere Person, die sich in der N\u00e4he des \u00dcbertragungsger\u00e4tes befindet. Bitte vergewissern Sie sich, dass weder Sie noch eine andere Person in Ihrer N\u00e4he vors\u00e4tzlich oder fahrl\u00e4ssige Aufnahmen anfertigt.) Bei Zuwiderhandlung gegen das Aufzeichnungsverbot gilt in jedem Einzelfall eine <strong>Konventionalstrafe in H\u00f6he von 25000,\u2013 Euro pro Aufzeichnung<\/strong> als vereinbart, die direkt im Anschluss an die Aufzeichnung f\u00e4llig wird.<\/li>\n<li>Danke, dass Sie die <strong>Datenschutzrichtlinien<\/strong> und <strong>Teilnahmebedingungen<\/strong> des Veranstalters respektieren. Auch wir wollen datenschutzkonforme Durchf\u00fchrung der virtuellen Konferenz sicherstellen und rechtssicher ausschlie\u00dfen, dass Aufnahmen ohne vorherige Zustimmung des Veranstalters sowie ohne vorherige Einwilligung ALLER aufgenommenen Personen angefertigt bzw. verbreitet werden. [Siehe: https:\/\/technik-netzwerk.de\/nutzungsbedingungen\/]<\/li>\n<li>Sie k\u00f6nnen selbst entscheiden, ob Sie Ihre Video-Kamera ein- oder augeschaltet lassen m\u00f6chten. Die Tagungsleitung kann die Stummschaltung einzelner oder alle Teilnehmer zentral steuern. Bei starker Serverauslastung werden ggf. die Video-Datenstr\u00f6me von Teilnehmern, die nicht das Wort haben, automatisch ausgeblendet oder in der Bildaufl\u00f6sung reduziert.<\/li>\n<\/ul>\n\r\n\t\t\t\t\t<div class=\"clear\"><\/div>\r\n\t\t\t\t<\/div>\r\n\t\t\t<\/div>\r\n\t\t<\/div> <\/div>\n<p style=\"text-align: right;\"><span style=\"color: #ffffff;\">.<\/span><\/p>\n<p style=\"text-align: right;\"><span style=\"color: #ffffff;\">.<\/span><\/p>\n<hr>\n<p style=\"text-align: center;\"><span style=\"color: #ffffff;\">.<\/span><\/p>\n<p style=\"text-align: center;\"><span style=\"color: #ffffff;\">.<\/span><\/p>\n<p style=\"text-align: center;\"><a class=\"fasc-button fasc-size-xlarge fasc-type-popout fasc-rounded-medium fasc-ico-before dashicons-welcome-view-site fasc-style-bold\" style=\"background-color: #0000ff; color: #ffffff;\" target=\"_blank\" href=\"#\" rel=\"noopener\">PLENARSAAL (BIG BLUE BUTTON)<\/a><\/p>\n<p style=\"text-align: center;\"><span style=\"color: #ffffff;\">.<\/span><\/p>\n<p style=\"text-align: center;\"><span style=\"color: #ffffff;\">.<\/span><\/p>\n<hr>\n<p>&nbsp;<\/p>\n<p>&nbsp;<\/p>\n<p style=\"text-align: center;\"><span style=\"color: #ffffff;\">&nbsp;.<\/span><\/p>\n<p style=\"text-align: center;\"><span style=\"color: #ffffff;\">.<\/span><\/p>\n<p>F\u00fcr die Fachvortr\u00e4ge, Diskussionsrunden bzw. Workshops nutzen wir den &#8222;BLAUEN SAAL&#8220; im Videokonferenzsystem von Big Blue Button:&nbsp;<\/p>\n<p>&#8211; Hochleistungs-Serverstandort in DEUTSCHLAND<\/p>\n<p>&#8211; Deutsche Datenschutzstandards werden ERF\u00dcLLT<\/p>\n<p>&#8211; Sehr gute AUDIO- und VIDEO-QUALIT\u00c4T<\/p>\n<p>&#8211; Optimale INTERAKTIONSM\u00d6GLICHKEITEN zwischen Teilnehmern und Referenten<\/p>\n<p>&nbsp;<\/p>\n<p>&nbsp;<\/p>\n<hr>\n<p>&nbsp;<\/p>\n<p>&nbsp;<\/p>\n<p><em>Bei TECHNISCHEN PROBLEMEN mit dem Zugang zum Plenarsaal nehmen Sie bitte DIREKTEN KONTAKT mit der Tagungsmanagerin, Frau Jenny HEYER auf:<\/em><\/p>\n<p>&nbsp;<\/p>\n<ul>\n<li>Telefonisch &gt;&gt;&gt; <span style=\"font-size: 18pt;\"><strong>030 39720172<\/strong><\/span><\/li>\n<\/ul>\n<p>&nbsp;<\/p>\n<ul>\n<li>E-Mail &gt;&gt;&gt; <strong><a href=\"mailto:tagung@ifv-bahntechnik.de\"><span style=\"font-size: 18pt;\">tagung@ifv-bahntechnik.de<\/span><\/a><\/strong><\/li>\n<\/ul>\n<p>&nbsp;<\/p>\n<ul>\n<li>Online-Videokonferenz im FOYER &gt;&gt;&gt;&nbsp;&nbsp; <a class=\"fasc-button fasc-size-small fasc-type-glossy fasc-rounded-medium fasc-ico-before dashicons-format-chat fasc-style-bold\" style=\"background-color: #ff0000; color: #ffffff;\" target=\"_blank\" href=\"#\" rel=\"noopener\">FOYER des Virtuellen Konferenz Centers<\/a>&nbsp;<\/li>\n<\/ul>\n<p>&nbsp;<\/p>\n<p>&nbsp;<\/p>\n<p>&nbsp;<\/p>\n<p>&nbsp;<\/p>\n<p>&nbsp;<\/p>\n","protected":false},"excerpt":{"rendered":"<p>&nbsp; &nbsp; PLENARSAAL f\u00fcr die FACHVORTR\u00c4GE im Virtuellen Konferenz-Centers (VKC): . . PLENARSAAL (BIG BLUE BUTTON) . . === Alle registrierten Teilnehmer &amp; Referenten haben ein Zugangs-Passwort per E-Mail erhalten === . . Das PLENUM ist das Herz des virtuellen Konferenz-Centers. Hier finden alle FACHVORTR\u00c4GE und DISKUSSIONSRUNDEN statt. Im Anschluss an jeden Vortrag gibt es [&hellip;]<\/p>\n","protected":false},"author":1,"featured_media":0,"parent":0,"menu_order":0,"comment_status":"closed","ping_status":"closed","template":"","meta":{"footnotes":""},"class_list":["post-162","page","type-page","status-publish","hentry"],"_links":{"self":[{"href":"https:\/\/expertentagung.info\/virtuelles-konferenz-center\/wp-json\/wp\/v2\/pages\/162","targetHints":{"allow":["GET"]}}],"collection":[{"href":"https:\/\/expertentagung.info\/virtuelles-konferenz-center\/wp-json\/wp\/v2\/pages"}],"about":[{"href":"https:\/\/expertentagung.info\/virtuelles-konferenz-center\/wp-json\/wp\/v2\/types\/page"}],"author":[{"embeddable":true,"href":"https:\/\/expertentagung.info\/virtuelles-konferenz-center\/wp-json\/wp\/v2\/users\/1"}],"replies":[{"embeddable":true,"href":"https:\/\/expertentagung.info\/virtuelles-konferenz-center\/wp-json\/wp\/v2\/comments?post=162"}],"version-history":[{"count":10,"href":"https:\/\/expertentagung.info\/virtuelles-konferenz-center\/wp-json\/wp\/v2\/pages\/162\/revisions"}],"predecessor-version":[{"id":328,"href":"https:\/\/expertentagung.info\/virtuelles-konferenz-center\/wp-json\/wp\/v2\/pages\/162\/revisions\/328"}],"wp:attachment":[{"href":"https:\/\/expertentagung.info\/virtuelles-konferenz-center\/wp-json\/wp\/v2\/media?parent=162"}],"curies":[{"name":"wp","href":"https:\/\/api.w.org\/{rel}","templated":true}]}}