{"id":159,"date":"2021-12-14T04:09:34","date_gmt":"2021-12-14T03:09:34","guid":{"rendered":"https:\/\/expertentagung.info\/virtuelles-konferenz-center\/?page_id=159"},"modified":"2021-12-15T05:18:51","modified_gmt":"2021-12-15T04:18:51","slug":"3-etage-networking-lounge","status":"publish","type":"page","link":"https:\/\/expertentagung.info\/virtuelles-konferenz-center\/3-etage-networking-lounge\/","title":{"rendered":"Networking Lounge"},"content":{"rendered":"<p><a href=\"https:\/\/expertentagung.info\/virtuelles-konferenz-center\/fahrstuhl\/\"><img loading=\"lazy\" decoding=\"async\" class=\"alignnone aligncenter\" src=\"https:\/\/technik-netzwerk.de\/fileserver-zentrale\/www-virtuelles-konferenz-center-de\/999-expertentagung-1200px.png\" alt=\"\" width=\"1200\" height=\"163\"><\/a><br \/>\n<a href=\"https:\/\/start.online-konferenzraum.de\/expertentagung-lounge-01\"><img loading=\"lazy\" decoding=\"async\" class=\"aligncenter\" src=\"https:\/\/technik-netzwerk.de\/fileserver-zentrale\/www-virtuelles-konferenz-center-de\/3-etage-networking-lounge-1200px.png\" alt=\"\" width=\"1200\" height=\"96\"><\/a><\/p>\n<p style=\"text-align: center;\"><span style=\"color: #ffffff;\">&#8211;<\/span><\/p>\n<p style=\"text-align: center;\"><strong>LOUNGE-BEREICH<\/strong> des Virtuellen Konferenz-Centers<\/p>\n<p style=\"text-align: center;\"><span style=\"color: #ffffff;\">.<\/span><\/p>\n<p style=\"text-align: center;\"><a href=\"https:\/\/start.online-konferenzraum.de\/expertentagung-lounge-01\"><img loading=\"lazy\" decoding=\"async\" class=\"aligncenter ls-is-cached lazyloaded\" src=\"https:\/\/technik-netzwerk.de\/fileserver-zentrale\/online-fachtagung-de\/online-fachtagung-de-ebene3lounge600px.png\" alt=\"\" data-src=\"https:\/\/technik-netzwerk.de\/fileserver-zentrale\/online-fachtagung-de\/online-fachtagung-de-ebene3lounge600px.png\" width=\"600\" height=\"413\"><\/a>.<\/p>\n<p style=\"text-align: center;\">Die <strong>Lounge<\/strong> ist ein idealer Ausgangspunkt, um neue Gespr\u00e4chspartner zu treffen.<\/p>\n<p style=\"text-align: center;\">In der <strong>virtuellen Lounge<\/strong> stehen mehrere Networking-Bereiche zu Ihrer Verf\u00fcgung.<\/p>\n<p style=\"text-align: center;\">Nutzen Sie die Konferenzpausen f\u00fcr informelle Gespr\u00e4che mit Teilnehmern und Referenten!<\/p>\n<p style=\"text-align: center;\">&nbsp;<\/p>\n<p style=\"text-align: right;\"><span style=\"color: #ffffff;\">.<\/span><\/p>\n<hr>\n<p style=\"text-align: right;\"><span style=\"color: #ffffff;\">.<\/span><\/p>\n<p style=\"text-align: right;\"><span style=\"color: #ffffff;\">.<\/span><\/p>\n<h4>Lounge-Bereich 1: COME TOGETHER<\/h4>\n<p>&nbsp;<\/p>\n<blockquote><p><a class=\"fasc-button fasc-size-medium fasc-type-popout fasc-ico-before dashicons-welcome-view-site\" style=\"background-color: #ff0000; color: #ffffff;\" target=\"_blank\" rel=\"noopener\" href=\"https:\/\/start.online-konferenzraum.de\/expertentagung-lounge-01\">===&nbsp; KAFFEE-Runde im Online-Konferenzraum.de<\/a>&nbsp;<\/p><\/blockquote>\n<p>&nbsp;<\/p>\n<p style=\"text-align: right;\"><span style=\"color: #ffffff;\">.<\/span><\/p>\n<h4>Lounge-Bereich 2 = TSI Allgemein &amp; Spezialfragen<\/h4>\n<p>&nbsp;<\/p>\n<blockquote><p><a class=\"fasc-button fasc-size-medium fasc-type-popout fasc-ico-before dashicons-welcome-view-site\" style=\"background-color: #ff0000; color: #ffffff;\" target=\"_blank\" rel=\"noopener\" href=\"https:\/\/start.online-konferenzraum.de\/expertentagung-lounge-02\">===&nbsp; ESPRESSO-Runde im Online-Konferenzraum.de<\/a><\/p><\/blockquote>\n<p>&nbsp;<\/p>\n<p style=\"text-align: right;\">.<\/p>\n<h4>Lounge-Bereich 3 = BOStrab Allgemein &amp; Spezialfragen<\/h4>\n<p>&nbsp;<\/p>\n<blockquote><p><a class=\"fasc-button fasc-size-medium fasc-type-popout fasc-ico-before dashicons-welcome-view-site\" style=\"background-color: #ff0000; color: #ffffff;\" target=\"_blank\" rel=\"noopener\" href=\"https:\/\/start.online-konferenzraum.de\/expertentagung-lounge-03\">=== CAPPUCCINO-Runde im Online-Konferenzraum.de<\/a><\/p><\/blockquote>\n<p>&nbsp;<\/p>\n<p style=\"text-align: right;\">.<\/p>\n<h4>Lounge-Bereich 4 = Alle anderen Themengebiete &#8230;<\/h4>\n<p>&nbsp;<\/p>\n<blockquote><p><a class=\"fasc-button fasc-size-medium fasc-type-popout fasc-ico-before dashicons-welcome-view-site\" style=\"background-color: #ff0000; color: #ffffff;\" target=\"_blank\" rel=\"noopener\" href=\"https:\/\/start.online-konferenzraum.de\/expertentagung-lounge-04\">=== TEA-TIME im Online-Konferenzraum.de<\/a><\/p><\/blockquote>\n<p>&nbsp;<\/p>\n<p>.<\/p>\n<p>.<\/p>\n<hr>\n<p>.<\/p>\n<p>.<\/p>\n<h4>&gt;&gt;&gt; Virtueller Biergarten \u2013 ab 16:45 Uhr ge\u00f6ffnet \u2013<\/h4>\n<p>.<\/p>\n<p><a href=\"https:\/\/start.online-konferenzraum.de\/virtueller-biergarten\" target=\"_blank\" rel=\"noopener noreferrer\"><img loading=\"lazy\" decoding=\"async\" class=\"aligncenter lazyloaded\" src=\"https:\/\/vereine-und-verbaende.de\/fileserver\/virtuelles-konferenz-center\/bild==feierabendprogramm-1-biergarten.png\" alt=\"\" data-src=\"https:\/\/vereine-und-verbaende.de\/fileserver\/virtuelles-konferenz-center\/bild==feierabendprogramm-1-biergarten.png\" width=\"600\" height=\"474\"><\/a><\/p>\n<p>Bildquelle: https:\/\/pixabay.com\/de\/photos\/biergarten-schild-bl%C3%A4tter-8290\/<\/p>\n<p><strong>Der virtuelle BIERGARTEN hat an allen Konferenztagen ge\u00f6ffnet. Schalten Sie sich von Ihrem Lieblingsort (Wintergarten, Terrasse, Gartenlaube etc.) einfach ONLINE per Video-Chat dazu!<\/strong><\/p>\n<p><strong>Sie k\u00f6nnen gerne Biersorten eigner Wahl genie\u00dfen \u2026 selbstverst\u00e4ndlich auch andere Getr\u00e4nke.<\/strong><\/p>\n<p style=\"text-align: right;\"><span style=\"color: #ffffff;\">.<\/span><\/p>\n<p style=\"text-align: right;\"><span style=\"color: #ffffff;\">.<\/span><\/p>\n<hr>\n<p style=\"text-align: right;\"><span style=\"color: #ffffff;\">.<\/span><\/p>\n<p style=\"text-align: right;\"><span style=\"color: #ffffff;\">.<\/span><\/p>\n<p>&nbsp;<\/p>\n<div class=\" accordion-csc9cj style1 magee-shortcode panel-group magee-accordion accordion-simple\" role=\"tablist\" aria-multiselectable=\"yes\" id=\"accordion-csc9cj\"> <div class=\"panel panel-default \" id=\"panelaccordion-csc9cj-1\"><div class=\"panel-heading\" role=\"tab\" id=\"headingcollapseaccordion-csc9cj-1\">\r\n\t\t\t\t<a class=\"accordion-toggle collapsed\" data-toggle=\"collapse\" data-parent=\"#accordion-csc9cj\" href=\"#collapseaccordion-csc9cj-1\" aria-expanded=\"false\" aria-controls=\"collapseaccordion-csc9cj-1\">\r\n\t\t\t\t\t<h4 class=\"panel-title\">\r\n\t\t\t\t\t\t\tAKTIVE PAUSENGESTALTUNG === SPORT oder ENTSPANNUNG?\r\n\t\t\t\t\t<\/h4>\r\n\t\t\t\t<\/a>\r\n\t\t\t<\/div>\r\n\t\t\t<div id=\"collapseaccordion-csc9cj-1\" class=\"panel-collapse collapse \" role=\"tabpanel\" aria-labelledby=\"headingcollapseaccordion-csc9cj-1\" aria-expanded=\"false\">\r\n\t\t\t\t<div class=\"panel-body\">\r\n\t\t\t\t\t\n<h4 style=\"text-align: center;\">Aktive Pausengestaltung<\/h4>\n<h5 style=\"text-align: center;\">Fitness-Pause<\/h5>\n<p style=\"text-align: center;\">&gt;&gt;&gt; Fitness-Programm (Ganzk\u00f6rpertraining \u2013 ohne Ger\u00e4te)<\/p>\n<p style=\"text-align: center;\"><a href=\"https:\/\/www.youtube.com\/watch?v=UItWltVZZmE\" target=\"_blank\" rel=\"noopener noreferrer\"><img loading=\"lazy\" decoding=\"async\" class=\"alignnone lazyloaded\" src=\"https:\/\/vereine-und-verbaende.de\/fileserver\/virtuelles-konferenz-center\/bild==fitnessprogramm2--workout.__png\" alt=\"\" data-src=\"https:\/\/vereine-und-verbaende.de\/fileserver\/virtuelles-konferenz-center\/bild==fitnessprogramm2--workout.__png\" width=\"600\" height=\"474\"><\/a><\/p>\n<p style=\"text-align: center;\">Quelle: https:\/\/www.youtube.com\/watch?v=UItWltVZZmE<\/p>\n<p style=\"text-align: center;\">\u2026<\/p>\n<p style=\"text-align: center;\">&gt;&gt;&gt; Fitness-Programm (R\u00fcckentraining)<\/p>\n<p style=\"text-align: center;\"><a href=\"https:\/\/www.youtube.com\/watch?v=obIUFdvLIaw\" target=\"_blank\" rel=\"noopener noreferrer\"><img loading=\"lazy\" decoding=\"async\" class=\"alignnone lazyloaded\" src=\"https:\/\/vereine-und-verbaende.de\/fileserver\/virtuelles-konferenz-center\/bild==fitnessprogramm1--rueckentraining__.png\" alt=\"\" data-src=\"https:\/\/vereine-und-verbaende.de\/fileserver\/virtuelles-konferenz-center\/bild==fitnessprogramm1--rueckentraining__.png\" width=\"600\" height=\"470\"><\/a><\/p>\n<p style=\"text-align: center;\">Quelle: https:\/\/www.youtube.com\/watch?v=obIUFdvLIaw<\/p>\n<p style=\"text-align: center;\">\u2026<\/p>\n<h5 style=\"text-align: center;\">Musik-Pause<\/h5>\n<p style=\"text-align: center;\">&gt;&gt;&gt; Jazz to Relax<\/p>\n<p style=\"text-align: center;\"><a href=\"https:\/\/www.youtube.com\/watch?v=_ytFg0hFad8\" target=\"_blank\" rel=\"noopener noreferrer\"><img decoding=\"async\" class=\" lazyloaded\" src=\"https:\/\/vereine-und-verbaende.de\/fileserver\/virtuelles-konferenz-center\/bild==musikprogramm1--jazz.png\" data-src=\"https:\/\/vereine-und-verbaende.de\/fileserver\/virtuelles-konferenz-center\/bild==musikprogramm1--jazz.png\"><\/a><\/p>\n<p style=\"text-align: center;\">Quelle: https:\/\/www.youtube.com\/watch?v=_ytFg0hFad8<\/p>\n<p style=\"text-align: center;\">\u2026<\/p>\n<p style=\"text-align: center;\">&gt;&gt;&gt; Beach Music<\/p>\n<p style=\"text-align: center;\"><a href=\"https:\/\/www.youtube.com\/watch?v=NS4pwo0Ocew\" target=\"_blank\" rel=\"noopener noreferrer\"><img loading=\"lazy\" decoding=\"async\" class=\"alignnone lazyloaded\" src=\"https:\/\/vereine-und-verbaende.de\/fileserver\/virtuelles-konferenz-center\/bild==musikprogramm2--beach.png\" alt=\"\" data-src=\"https:\/\/vereine-und-verbaende.de\/fileserver\/virtuelles-konferenz-center\/bild==musikprogramm2--beach.png\" width=\"600\" height=\"470\"><\/a><\/p>\n<p style=\"text-align: center;\">Quelle: https:\/\/www.youtube.com\/watch?v=NS4pwo0Ocew<\/p>\n<p style=\"text-align: center;\">\u2026<\/p>\n<p style=\"text-align: center;\">&gt;&gt;&gt; Klassische Musik zum Entspannen und Genie\u00dfen<\/p>\n<p style=\"text-align: center;\"><a href=\"https:\/\/www.youtube.com\/watch?v=jgpJVI3tDbY&amp;list=RDjgpJVI3tDbY&amp;start_radio=1\" target=\"_blank\" rel=\"noopener noreferrer\"><img loading=\"lazy\" decoding=\"async\" class=\"alignnone lazyloaded\" src=\"https:\/\/vereine-und-verbaende.de\/fileserver\/virtuelles-konferenz-center\/bild==musikprogramm3--klassik.png\" alt=\"\" data-src=\"https:\/\/vereine-und-verbaende.de\/fileserver\/virtuelles-konferenz-center\/bild==musikprogramm3--klassik.png\" width=\"600\" height=\"470\"><\/a><\/p>\n<p style=\"text-align: center;\">Quelle:https:\/\/www.youtube.com\/watch?v=jgpJVI3tDbY&amp;list=RDjgpJVI3tDbY&amp;start_radio=1<\/p>\n\r\n\t\t\t\t\t<div class=\"clear\"><\/div>\r\n\t\t\t\t<\/div>\r\n\t\t\t<\/div>\r\n\t\t<\/div> <\/div>\n<p>&nbsp;<\/p>\n<p>&nbsp;<\/p>\n<p>&nbsp;<\/p>\n","protected":false},"excerpt":{"rendered":"<p>&#8211; LOUNGE-BEREICH des Virtuellen Konferenz-Centers . . Die Lounge ist ein idealer Ausgangspunkt, um neue Gespr\u00e4chspartner zu treffen. In der virtuellen Lounge stehen mehrere Networking-Bereiche zu Ihrer Verf\u00fcgung. Nutzen Sie die Konferenzpausen f\u00fcr informelle Gespr\u00e4che mit Teilnehmern und Referenten! &nbsp; . . . Lounge-Bereich 1: COME TOGETHER &nbsp; ===&nbsp; KAFFEE-Runde im Online-Konferenzraum.de&nbsp; &nbsp; . Lounge-Bereich [&hellip;]<\/p>\n","protected":false},"author":1,"featured_media":0,"parent":0,"menu_order":0,"comment_status":"closed","ping_status":"closed","template":"","meta":{"footnotes":""},"class_list":["post-159","page","type-page","status-publish","hentry"],"_links":{"self":[{"href":"https:\/\/expertentagung.info\/virtuelles-konferenz-center\/wp-json\/wp\/v2\/pages\/159","targetHints":{"allow":["GET"]}}],"collection":[{"href":"https:\/\/expertentagung.info\/virtuelles-konferenz-center\/wp-json\/wp\/v2\/pages"}],"about":[{"href":"https:\/\/expertentagung.info\/virtuelles-konferenz-center\/wp-json\/wp\/v2\/types\/page"}],"author":[{"embeddable":true,"href":"https:\/\/expertentagung.info\/virtuelles-konferenz-center\/wp-json\/wp\/v2\/users\/1"}],"replies":[{"embeddable":true,"href":"https:\/\/expertentagung.info\/virtuelles-konferenz-center\/wp-json\/wp\/v2\/comments?post=159"}],"version-history":[{"count":9,"href":"https:\/\/expertentagung.info\/virtuelles-konferenz-center\/wp-json\/wp\/v2\/pages\/159\/revisions"}],"predecessor-version":[{"id":313,"href":"https:\/\/expertentagung.info\/virtuelles-konferenz-center\/wp-json\/wp\/v2\/pages\/159\/revisions\/313"}],"wp:attachment":[{"href":"https:\/\/expertentagung.info\/virtuelles-konferenz-center\/wp-json\/wp\/v2\/media?parent=159"}],"curies":[{"name":"wp","href":"https:\/\/api.w.org\/{rel}","templated":true}]}}