{"id":157,"date":"2021-12-14T04:08:11","date_gmt":"2021-12-14T03:08:11","guid":{"rendered":"https:\/\/expertentagung.info\/virtuelles-konferenz-center\/?page_id=157"},"modified":"2021-12-19T02:18:34","modified_gmt":"2021-12-19T01:18:34","slug":"4-etage-download-und-interaktion","status":"publish","type":"page","link":"https:\/\/expertentagung.info\/virtuelles-konferenz-center\/4-etage-download-und-interaktion\/","title":{"rendered":"Download und Interaktion"},"content":{"rendered":"<p>&nbsp;<\/p>\n<p><a href=\"https:\/\/expertentagung.info\/virtuelles-konferenz-center\/fahrstuhl\/\"><img loading=\"lazy\" decoding=\"async\" class=\"aligncenter\" src=\"https:\/\/technik-netzwerk.de\/fileserver-zentrale\/www-virtuelles-konferenz-center-de\/999-expertentagung-1200px.png\" alt=\"\" width=\"1200\" height=\"163\" \/><\/a><\/p>\n<p style=\"text-align: right;\"><a href=\"https:\/\/expertentagung.info\/virtuelles-konferenz-center\/4-etage-download-und-interaktion\"><img loading=\"lazy\" decoding=\"async\" class=\"aligncenter\" src=\"https:\/\/technik-netzwerk.de\/fileserver-zentrale\/www-virtuelles-konferenz-center-de\/4-etage-download-und-interaktion-1200px.png\" alt=\"\" width=\"1200\" height=\"95\" \/><\/a><span style=\"color: #ffffff;\">.<\/span><\/p>\n<p style=\"text-align: center;\"><strong>Informationsbereich<\/strong> des Virtuellen Konferenz-Centers (VKC):<\/p>\n<p>&nbsp;<\/p>\n<p style=\"text-align: right;\"><img loading=\"lazy\" decoding=\"async\" class=\"aligncenter\" src=\"https:\/\/technik-netzwerk.de\/fileserver-zentrale\/online-fachtagung-de\/online-fachtagung-de-ebene4informationsbereich1200px.png\" width=\"598\" height=\"408\" \/><span style=\"color: #ffffff;\">.<\/span><\/p>\n<p>&nbsp;<\/p>\n<p style=\"text-align: center;\">Der Informationsbereich erf\u00fcllt ZWEI Funktionen:<\/p>\n<p style=\"text-align: center;\">[1.] <strong>DOWNLOAD<\/strong> von Pr\u00e4sentationsfolien bzw. von erg\u00e4nzenden Materialien \u2013 tagungsbegleitende Informationen<\/p>\n<p style=\"text-align: center;\">[2.] <strong>INTERAKTION<\/strong>: Whiteboard (Brainstorming-Funktion), Kommentarfunktion, Live-Chat-Funktion, Onine-Abstimmungen (Voting-Funktion), Fragebogen zu den Tagungsinhalten bzw. zur Tagungsorganisation<\/p>\n<p style=\"text-align: right;\"><span style=\"color: #ffffff;\">.<\/span><\/p>\n<hr \/>\n<p style=\"text-align: right;\"><span style=\"color: #ffffff;\">.<\/span><\/p>\n<p style=\"text-align: right;\"><span style=\"color: #ffffff;\">.<\/span><\/p>\n<p>&nbsp;<\/p>\n<h4>DOWNLOAD-BEREICH &gt;&gt;&gt; PDF-Dateien der Vortragsfolien<\/h4>\n<p>&nbsp;<\/p>\n<blockquote><p>1. Vortrag &gt;&gt;&gt; DOWNLOAD &gt;&gt;&gt; ### &lt;&lt;&lt;<\/p><\/blockquote>\n<p>&nbsp;<\/p>\n<blockquote><p>2. Vortrag &gt;&gt;&gt; DOWNLOAD &gt;&gt;&gt; ### &lt;&lt;&lt;<\/p><\/blockquote>\n<p>&nbsp;<\/p>\n<blockquote><p>3. Vortrag &gt;&gt;&gt; DOWNLOAD &gt;&gt;&gt; ### &lt;&lt;&lt;<\/p><\/blockquote>\n<p>&nbsp;<\/p>\n<blockquote><p>4. Vortrag &gt;&gt;&gt; DOWNLOAD &gt;&gt;&gt; ### &lt;&lt;&lt;<\/p><\/blockquote>\n<p>&nbsp;<\/p>\n<blockquote><p>5. Vortrag &gt;&gt;&gt; DOWNLOAD &gt;&gt;&gt; ### &lt;&lt;&lt;<\/p><\/blockquote>\n<p>&nbsp;<\/p>\n<p style=\"text-align: right;\"><span style=\"color: #ffffff;\">.<\/span><\/p>\n<p style=\"text-align: right;\"><span style=\"color: #ffffff;\">.<\/span><\/p>\n<hr \/>\n<p style=\"text-align: right;\"><span style=\"color: #ffffff;\">.<\/span><\/p>\n<p style=\"text-align: right;\"><span style=\"color: #ffffff;\">.<\/span><\/p>\n<p style=\"text-align: right;\"><span style=\"color: #ffffff;\">..<\/span><\/p>\n<h4>INTERAKTIONSBEREICH:<\/h4>\n<h4><\/h4>\n<blockquote><p><span style=\"font-size: 14pt;\"><strong>Die interaktiven Funktionen k\u00f6nnen neuerdings direkt im PLENARSAAL \u00fcber BIG BLUE BUTTON aktiviert werden.<\/strong><\/span><\/p><\/blockquote>\n<h4><\/h4>\n<p style=\"text-align: right;\">.<\/p>\n<p style=\"text-align: right;\">.<\/p>\n<h4>WHITEBOARD \/ BRAINSTORMING<\/h4>\n<p>&nbsp;<\/p>\n<blockquote><p>=== Die interaktive <strong>WHITEBOARD-FUNKTION<\/strong> steht momentan nicht zur Verf\u00fcgung.<\/p><\/blockquote>\n<p>&nbsp;<\/p>\n<p style=\"text-align: right;\"><span style=\"color: #ffffff;\">.<\/span><\/p>\n<p style=\"text-align: right;\"><span style=\"color: #ffffff;\">.<\/span><\/p>\n<h4>VOTING = FEEDBACKBOGEN<\/h4>\n<p>&nbsp;<\/p>\n<blockquote><p>=== Die interaktive <strong>VOTING-FUNKTION<\/strong> steht momentan nicht zur Verf\u00fcgung.<\/p><\/blockquote>\n<p>&nbsp;<\/p>\n<p style=\"text-align: right;\">.<\/p>\n<p style=\"text-align: right;\">.<\/p>\n<p style=\"text-align: right;\">#<\/p>\n<p>&nbsp;<\/p>\n","protected":false},"excerpt":{"rendered":"<p>&nbsp; . Informationsbereich des Virtuellen Konferenz-Centers (VKC): &nbsp; . &nbsp; Der Informationsbereich erf\u00fcllt ZWEI Funktionen: [1.] DOWNLOAD von Pr\u00e4sentationsfolien bzw. von erg\u00e4nzenden Materialien \u2013 tagungsbegleitende Informationen [2.] INTERAKTION: Whiteboard (Brainstorming-Funktion), Kommentarfunktion, Live-Chat-Funktion, Onine-Abstimmungen (Voting-Funktion), Fragebogen zu den Tagungsinhalten bzw. zur Tagungsorganisation . . . &nbsp; DOWNLOAD-BEREICH &gt;&gt;&gt; PDF-Dateien der Vortragsfolien &nbsp; 1. Vortrag &gt;&gt;&gt; DOWNLOAD [&hellip;]<\/p>\n","protected":false},"author":1,"featured_media":0,"parent":0,"menu_order":0,"comment_status":"closed","ping_status":"closed","template":"","meta":{"footnotes":""},"class_list":["post-157","page","type-page","status-publish","hentry"],"_links":{"self":[{"href":"https:\/\/expertentagung.info\/virtuelles-konferenz-center\/wp-json\/wp\/v2\/pages\/157","targetHints":{"allow":["GET"]}}],"collection":[{"href":"https:\/\/expertentagung.info\/virtuelles-konferenz-center\/wp-json\/wp\/v2\/pages"}],"about":[{"href":"https:\/\/expertentagung.info\/virtuelles-konferenz-center\/wp-json\/wp\/v2\/types\/page"}],"author":[{"embeddable":true,"href":"https:\/\/expertentagung.info\/virtuelles-konferenz-center\/wp-json\/wp\/v2\/users\/1"}],"replies":[{"embeddable":true,"href":"https:\/\/expertentagung.info\/virtuelles-konferenz-center\/wp-json\/wp\/v2\/comments?post=157"}],"version-history":[{"count":20,"href":"https:\/\/expertentagung.info\/virtuelles-konferenz-center\/wp-json\/wp\/v2\/pages\/157\/revisions"}],"predecessor-version":[{"id":326,"href":"https:\/\/expertentagung.info\/virtuelles-konferenz-center\/wp-json\/wp\/v2\/pages\/157\/revisions\/326"}],"wp:attachment":[{"href":"https:\/\/expertentagung.info\/virtuelles-konferenz-center\/wp-json\/wp\/v2\/media?parent=157"}],"curies":[{"name":"wp","href":"https:\/\/api.w.org\/{rel}","templated":true}]}}