{"id":8066,"date":"2025-05-07T05:50:54","date_gmt":"2025-05-07T03:50:54","guid":{"rendered":"https:\/\/expertentagung.info\/?page_id=8066"},"modified":"2026-01-08T13:51:03","modified_gmt":"2026-01-08T12:51:03","slug":"06_tagungsdokumentation","status":"publish","type":"page","link":"https:\/\/expertentagung.info\/tsi\/06_tagungsdokumentation\/","title":{"rendered":"06_Tagungsdokumentation"},"content":{"rendered":"<p style=\"text-align: right;\"><a class=\"fasc-button fasc-size-medium fasc-type-popout fasc-style-bold\" style=\"background-color: #ababab; color: #ffffff;\" href=\"https:\/\/expertentagung.info\/tsi\">Tagungshomepage TSI &amp; ETCS 2026<\/a><\/p>\n<p>&nbsp;<\/p>\n<p style=\"text-align: center;\"><span style=\"background-color: #ffff00;\">Der Tagungsband zur 27. Expertentagung TSI &amp; ETCS 2026 wird am 24. Juni 2026 ver\u00f6ffentlicht.<\/span><\/p>\n<p style=\"text-align: right;\">&nbsp;<\/p>\n<hr>\n<p>&nbsp;<\/p>\n<p style=\"text-align: center;\">DOKUMENTATION der VERANSTALTUNGSREIHE<\/p>\n<p style=\"text-align: center;\"><strong>B\u00fccher zum Thema TSI &amp; ETCS<\/strong><\/p>\n<p style=\"text-align: center;\"><span style=\"color: #ffffff;\">.<\/span><\/p>\n<hr>\n<p style=\"text-align: right;\"><span style=\"color: #ffffff;\">.<\/span><\/p>\n<blockquote><p><a class=\"fasc-button fasc-size-medium fasc-type-flat\" style=\"background-color: #ff0000; color: #ffffff;\" target=\"_blank\" rel=\"noopener\" href=\"https:\/\/bahnverlag.com\/deutsch\/produkt\/tsi-2025\/\">1. Tagungsdokumentation der Expertentagung TSI &amp; ETCS 2025:<\/a><\/p>\n<ul>\n<li>Tagungsband TSI &amp; ETCS 2025<\/li>\n<\/ul>\n<p><a href=\"https:\/\/bahnverlag.com\/deutsch\/produkt\/tsi-2025\/\" target=\"_blank\" rel=\"noopener\"><img loading=\"lazy\" decoding=\"async\" class=\"aligncenter\" src=\"https:\/\/bahnverlag.com\/deutsch\/wp-content\/uploads\/sites\/8\/tsi-2025.png\" alt=\"\" width=\"796\" height=\"796\"><\/a><\/p>\n<ul>\n<li>DIESE Publikation kann ab sofort beim BAHNVERLAG bestellt werden &gt;&gt;&gt; <a class=\"fasc-button fasc-size-small fasc-type-flat fasc-rounded-medium fasc-ico-before dashicons-cart fasc-style-bold\" style=\"background-color: #ff0000; color: #ffffff;\" target=\"_blank\" rel=\"noopener\" href=\"https:\/\/bahnverlag.com\/deutsch\/produkt\/tsi-2025\/\">BAHNVERLAG<\/a><\/li>\n<\/ul>\n<p style=\"text-align: right;\"><span style=\"color: #ffffff;\">.<\/span><\/p>\n<ul>\n<li style=\"text-align: left;\">ALLE Publikationen zum Thema BAHNTECHNISCHE ZULASSUNG (TSI) k\u00f6nnen &#8211; in gedruckter Form &#8211; beim BahnVerlag bestellt werden:<\/li>\n<\/ul>\n<p style=\"text-align: center;\"><a class=\"fasc-button fasc-size-small fasc-type-flat fasc-rounded-medium fasc-ico-before dashicons-cart fasc-style-bold\" style=\"background-color: #ff0000; color: #ffffff;\" target=\"_blank\" rel=\"noopener\" href=\"https:\/\/bahnverlag.com\/deutsch\/produkt-kategorie\/fachliteratur\/tsi\/\">BAHNVERLAG<\/a><\/p>\n<p style=\"text-align: right;\"><span style=\"color: #ffffff;\">.<\/span><\/p>\n<hr>\n<p style=\"text-align: right;\"><span style=\"color: #ffffff;\">.<\/span><\/p>\n<p style=\"text-align: center;\"><span style=\"color: #ffffff;\">.<\/span><\/p>\n<p><strong>Verzeichnis lieferbarer Publikationen 2015 &#8211; 2024: <\/strong><\/p>\n<p>Fachb\u00fccher \/ Tagungsdokumentationen zum Thema BAHNTECHNISCHE ZULASSUNG in Deutschland bzw. Europa:<\/p>\n<p style=\"text-align: center;\"><span style=\"color: #ffffff;\">.<\/span><\/p>\n<blockquote><p><a href=\"https:\/\/bahnverlag.com\/deutsch\/produkt\/tsi-2024\/\" target=\"_blank\" rel=\"noopener\"><img loading=\"lazy\" decoding=\"async\" class=\"aligncenter\" src=\"https:\/\/bahntechnik-symposium.de\/fileserver11\/archiv\/publikation\/tsi2024.png\" alt=\"\" width=\"313\" height=\"403\"><\/a><\/p><\/blockquote>\n<p style=\"text-align: center;\"><span style=\"color: #ffffff;\">.<\/span><\/p>\n<hr>\n<p style=\"text-align: center;\"><span style=\"color: #ffffff;\">.<\/span><\/p>\n<p style=\"text-align: center;\"><span style=\"color: #ffffff;\">.<\/span><\/p>\n<blockquote><p><a href=\"https:\/\/bahnverlag.com\/deutsch\/produkt\/tsi-2023\/\" target=\"_blank\" rel=\"noopener\"><img loading=\"lazy\" decoding=\"async\" class=\"aligncenter\" src=\"https:\/\/bahntechnik-symposium.de\/fileserver11\/archiv\/publikation\/tsi2023.png\" alt=\"\" width=\"313\" height=\"403\"><\/a><\/p><\/blockquote>\n<p style=\"text-align: center;\"><span style=\"color: #ffffff;\">.<\/span><\/p>\n<hr>\n<p style=\"text-align: center;\"><span style=\"color: #ffffff;\">.<\/span><\/p>\n<p style=\"text-align: center;\"><span style=\"color: #ffffff;\">.<\/span><\/p>\n<blockquote><p><a href=\"https:\/\/bahnverlag.com\/deutsch\/produkt\/tsi-2022\/\" target=\"_blank\" rel=\"noopener\"><img loading=\"lazy\" decoding=\"async\" class=\"aligncenter\" src=\"https:\/\/bahntechnik-symposium.de\/fileserver11\/archiv\/publikation\/tsi2022.png\" alt=\"\" width=\"313\" height=\"403\"><\/a><\/p><\/blockquote>\n<p style=\"text-align: center;\"><span style=\"color: #ffffff;\">.<\/span><\/p>\n<hr>\n<p style=\"text-align: center;\"><span style=\"color: #ffffff;\">.<\/span><\/p>\n<p style=\"text-align: center;\">VERLAGSHINWEIS:<\/p>\n<p><em><span style=\"color: #999999;\">F\u00fcr die Tagungen TSI 2020 sowie TSI 2021 gibt es KEINE Tagungsdokumentation in gedruckter Form, weil die w\u00e4hrend der Pandemie-Phase durchgef\u00fchrten Veranstaltungen TSI 2020, TSI 2021 als VIDEO-KONFERENZ durchgef\u00fchrt wurden. Es gilt das gesprochene Wort \/ (spoken word applies).<\/span><\/em><\/p>\n<p style=\"text-align: center;\"><span style=\"color: #ffffff;\">.<\/span><\/p>\n<hr>\n<p style=\"text-align: center;\"><span style=\"color: #ffffff;\">.<\/span><\/p>\n<p style=\"text-align: center;\"><span style=\"color: #ffffff;\">.<\/span><\/p>\n<blockquote><p><a href=\"https:\/\/bahnverlag.com\/deutsch\/produkt\/tsi-2019\/\" target=\"_blank\" rel=\"noopener\"><img loading=\"lazy\" decoding=\"async\" class=\"aligncenter\" src=\"https:\/\/bahntechnik-symposium.de\/fileserver11\/archiv\/publikation\/tsi-2019.png\" alt=\"\" width=\"313\" height=\"403\"><\/a><\/p><\/blockquote>\n<p style=\"text-align: center;\"><span style=\"color: #ffffff;\">.<\/span><\/p>\n<hr>\n<p style=\"text-align: center;\"><span style=\"color: #ffffff;\">.<\/span><\/p>\n<p style=\"text-align: center;\"><span style=\"color: #ffffff;\">.<\/span><\/p>\n<blockquote><p><a href=\"https:\/\/bahnverlag.com\/deutsch\/produkt\/tsi-2018\/\" target=\"_blank\" rel=\"noopener\"><img loading=\"lazy\" decoding=\"async\" class=\"aligncenter\" src=\"https:\/\/bahntechnik-symposium.de\/fileserver11\/archiv\/publikation\/tsi-2018.png\" alt=\"\" width=\"313\" height=\"403\"><\/a><\/p><\/blockquote>\n<p style=\"text-align: center;\"><span style=\"color: #ffffff;\">.<\/span><\/p>\n<hr>\n<p style=\"text-align: center;\"><span style=\"color: #ffffff;\">.<\/span><\/p>\n<p style=\"text-align: center;\"><span style=\"color: #ffffff;\">.<\/span><\/p>\n<blockquote><p><a href=\"https:\/\/bahnverlag.com\/deutsch\/produkt\/tsi-2017\/\" target=\"_blank\" rel=\"noopener\"><img loading=\"lazy\" decoding=\"async\" class=\"aligncenter\" src=\"https:\/\/bahntechnik-symposium.de\/fileserver11\/archiv\/publikation\/tsi-2017.png\" alt=\"\" width=\"313\" height=\"403\"><\/a><\/p><\/blockquote>\n<p style=\"text-align: center;\"><span style=\"color: #ffffff;\">.<\/span><\/p>\n<hr>\n<p style=\"text-align: center;\"><span style=\"color: #ffffff;\">.<\/span><\/p>\n<p style=\"text-align: center;\"><span style=\"color: #ffffff;\">.<\/span><\/p>\n<blockquote><p><a href=\"https:\/\/bahnverlag.com\/deutsch\/produkt\/tsi-2016\/\" target=\"_blank\" rel=\"noopener\"><img loading=\"lazy\" decoding=\"async\" class=\"aligncenter\" src=\"https:\/\/bahntechnik-symposium.de\/fileserver11\/archiv\/publikation\/tsi-2016.png\" alt=\"\" width=\"313\" height=\"403\"><\/a><\/p><\/blockquote>\n<p style=\"text-align: center;\"><span style=\"color: #ffffff;\">.<\/span><\/p>\n<hr>\n<p style=\"text-align: center;\"><span style=\"color: #ffffff;\">.<\/span><\/p>\n<p style=\"text-align: center;\"><span style=\"color: #ffffff;\">.<\/span><\/p>\n<blockquote><p><a href=\"https:\/\/bahnverlag.com\/deutsch\/produkt\/tsi-2015\/\" target=\"_blank\" rel=\"noopener\"><img loading=\"lazy\" decoding=\"async\" class=\"aligncenter\" src=\"https:\/\/bahntechnik-symposium.de\/fileserver11\/archiv\/publikation\/tsi-2015.png\" alt=\"\" width=\"313\" height=\"403\"><\/a><\/p><\/blockquote>\n<p style=\"text-align: center;\"><span style=\"color: #ffffff;\">.<\/span><\/p>\n<hr>\n<p style=\"text-align: center;\"><span style=\"color: #ffffff;\">.<\/span><\/p>\n<p>Weitere Fachb\u00fccher finden Sie im BookShop vom BahnVerlag.com<\/p>\n<p>&nbsp;<\/p>\n<p style=\"text-align: center;\"><a class=\"fasc-button fasc-size-small fasc-type-flat fasc-rounded-medium fasc-ico-before dashicons-cart fasc-style-bold\" style=\"background-color: #ff0000; color: #ffffff;\" target=\"_blank\" rel=\"noopener\" href=\"https:\/\/bahnverlag.com\/deutsch\/publikationen\/\">https:\/\/bahnverlag.com\/deutsch\/publikationen\/<\/a><\/p>\n<p style=\"text-align: center;\"><a href=\"https:\/\/bahnverlag.com\/deutsch\/publikationen\/\"><img loading=\"lazy\" decoding=\"async\" class=\"magee-shortcode magee-qrcode\" src=\"https:\/\/expertentagung.info\/tsi\/wp-content\/plugins\/magee-shortcodes\/Includes\/qrcode-image.php?size=400&fgcolor=000000&bgcolor=FFFFFF&content=https:\/\/bahnverlag.com\/deutsch\/publikationen\/\" alt=\"https:\/\/bahnverlag.com\/deutsch\/publikationen\/\" width=\"400\" height=\"400\" \/><\/a><\/p>\n<p style=\"text-align: center;\">:::<\/p>\n<p style=\"text-align: center;\">&#8230;<\/p>\n<p>&nbsp;<\/p>\n<p>&nbsp;<\/p><\/blockquote>\n<p style=\"text-align: right;\"><span style=\"color: #ffffff;\">.<\/span><\/p>\n<p style=\"text-align: right;\"><span style=\"color: #ffffff;\">.<\/span><\/p>\n<hr>\n<p style=\"text-align: right;\"><span style=\"color: #ffffff;\">..<\/span><\/p>\n<p>Anfragen \/ Kontakt:<\/p>\n<p style=\"text-align: center;\">&gt;&gt;&gt; <a class=\"fasc-button fasc-size-large fasc-type-glossy fasc-rounded-medium fasc-style-bold\" style=\"background-color: #ff0000; color: #ffffff;\" href=\"mailto:email@bahnverband.info\">email@bahnverband.info<\/a><\/p>\n<p style=\"text-align: right;\"><span style=\"color: #ffffff;\">.<\/span><\/p>\n<hr>\n<div data-post-id=\"8026\" class=\"insert-page insert-page-8026 \"><p>&nbsp;<br \/>\n<div class=\" accordion-ng3zzl style1 magee-shortcode panel-group magee-accordion accordion-boxed\" role=\"tablist\" aria-multiselectable=\"no\" id=\"accordion-ng3zzl\"> <div class=\"panel panel-default \" id=\"panelaccordion-ng3zzl-1\"><div class=\"panel-heading\" role=\"tab\" id=\"headingcollapseaccordion-ng3zzl-1\">\r\n\t\t\t\t<a class=\"accordion-toggle \" data-toggle=\"collapse\" data-parent=\"#accordion-ng3zzl\" href=\"#collapseaccordion-ng3zzl-1\" aria-expanded=\"true\" aria-controls=\"collapseaccordion-ng3zzl-1\">\r\n\t\t\t\t\t<h4 class=\"panel-title\">\r\n\t\t\t\t\t\t\tWas k\u00f6nnen Sie jetzt tun?\r\n\t\t\t\t\t<\/h4>\r\n\t\t\t\t<\/a>\r\n\t\t\t<\/div>\r\n\t\t\t<div id=\"collapseaccordion-ng3zzl-1\" class=\"panel-collapse collapse in\" role=\"tabpanel\" aria-labelledby=\"headingcollapseaccordion-ng3zzl-1\" aria-expanded=\"true\">\r\n\t\t\t\t<div class=\"panel-body\">\r\n\t\t\t\t\t\n<p style=\"text-align: right;\"><span style=\"color: #ffffff;\">_<\/span><\/p>\n<blockquote><p>Download <a class=\"fasc-button fasc-size-small fasc-type-flat fasc-rounded-medium fasc-ico-before dashicons-admin-page fasc-style-bold\" style=\"background-color: #ff0000; color: #ffffff;\" href=\"https:\/\/expertentagung.info\/tsi.pdf\">Tagungsprogramm tsi (pdf) f\u00fcr TSI ETCS 2026<\/a><\/p>\n<p style=\"text-align: right;\"><span style=\"color: #ffffff;\">_<\/span><\/p>\n<p><strong>Anmeldung als Teilnehmer:<\/strong><\/p>\n<p>(a) <a class=\"fasc-button fasc-size-small fasc-type-flat fasc-rounded-medium fasc-ico-before dashicons-cart fasc-style-bold\" style=\"background-color: #ff0000; color: #ffffff;\" target=\"_blank\" rel=\"noopener\" href=\"https:\/\/expertentagung.info\/tsi-anmeldeformular.pdf\">Klassisches Anmeldeformular f\u00fcr TSI ETCS 2026<\/a><\/p>\n<p>oder (b) <a class=\"fasc-button fasc-size-small fasc-type-flat fasc-rounded-medium fasc-ico-before dashicons-cart fasc-style-bold\" style=\"background-color: #ff0000; color: #ffffff;\" href=\"https:\/\/bahnverlag.com\/deutsch\/produkt-kategorie\/fachtagung\/tsi-2026\/\">Tickets im WebShop vom BahnVerlag<\/a><\/p>\n<p style=\"text-align: right;\"><span style=\"color: #ffffff;\">_<\/span><\/p>\n<\/blockquote>\n<p>&nbsp;<\/p>\n<p style=\"text-align: left;\"><a class=\"fasc-button fasc-size-medium fasc-type-popout fasc-style-bold\" style=\"background-color: #ababab; color: #ffffff;\" href=\"https:\/\/expertentagung.info\/tsi\">Zur\u00fcck zur Tagungshomepage TSI &amp; ETCS 2026<\/a><\/p>\n\r\n\t\t\t\t\t<div class=\"clear\"><\/div>\r\n\t\t\t\t<\/div>\r\n\t\t\t<\/div>\r\n\t\t<\/div> <\/div><br \/>\n&nbsp;<\/p>\n<\/div>\n<p>&nbsp;<\/p>\n","protected":false},"excerpt":{"rendered":"<p>Tagungshomepage TSI &amp; ETCS 2026 &nbsp; Der Tagungsband zur 27. Expertentagung TSI &amp; ETCS 2026 wird am 24. Juni 2026 ver\u00f6ffentlicht. &nbsp; &nbsp; DOKUMENTATION der VERANSTALTUNGSREIHE B\u00fccher zum Thema TSI &amp; ETCS . . 1. Tagungsdokumentation der Expertentagung TSI &amp; ETCS 2025: Tagungsband TSI &amp; ETCS 2025 DIESE Publikation kann ab sofort beim BAHNVERLAG bestellt [&hellip;]<\/p>\n","protected":false},"author":1,"featured_media":0,"parent":0,"menu_order":0,"comment_status":"closed","ping_status":"closed","template":"","meta":{"footnotes":""},"class_list":["post-8066","page","type-page","status-publish","hentry"],"_links":{"self":[{"href":"https:\/\/expertentagung.info\/tsi\/wp-json\/wp\/v2\/pages\/8066","targetHints":{"allow":["GET"]}}],"collection":[{"href":"https:\/\/expertentagung.info\/tsi\/wp-json\/wp\/v2\/pages"}],"about":[{"href":"https:\/\/expertentagung.info\/tsi\/wp-json\/wp\/v2\/types\/page"}],"author":[{"embeddable":true,"href":"https:\/\/expertentagung.info\/tsi\/wp-json\/wp\/v2\/users\/1"}],"replies":[{"embeddable":true,"href":"https:\/\/expertentagung.info\/tsi\/wp-json\/wp\/v2\/comments?post=8066"}],"version-history":[{"count":14,"href":"https:\/\/expertentagung.info\/tsi\/wp-json\/wp\/v2\/pages\/8066\/revisions"}],"predecessor-version":[{"id":8506,"href":"https:\/\/expertentagung.info\/tsi\/wp-json\/wp\/v2\/pages\/8066\/revisions\/8506"}],"wp:attachment":[{"href":"https:\/\/expertentagung.info\/tsi\/wp-json\/wp\/v2\/media?parent=8066"}],"curies":[{"name":"wp","href":"https:\/\/api.w.org\/{rel}","templated":true}]}}