{"id":8053,"date":"2025-05-07T04:54:04","date_gmt":"2025-05-07T02:54:04","guid":{"rendered":"https:\/\/expertentagung.info\/?page_id=8053"},"modified":"2026-03-18T07:09:48","modified_gmt":"2026-03-18T06:09:48","slug":"03_teilnehmeranmeldung","status":"publish","type":"page","link":"https:\/\/expertentagung.info\/tsi\/03_teilnehmeranmeldung\/","title":{"rendered":"03_Teilnehmeranmeldung"},"content":{"rendered":"<p style=\"text-align: right;\"><a class=\"fasc-button fasc-size-medium fasc-type-popout fasc-style-bold\" style=\"background-color: #ababab; color: #ffffff;\" href=\"https:\/\/expertentagung.info\/tsi\">Tagungshomepage TSI &amp; ETCS 2026<\/a><br \/>\n&nbsp;<\/p>\n<p style=\"text-align: center;\">&nbsp;<\/p>\n<p style=\"text-align: center;\"><strong>Tagungstickets f\u00fcr die 27. Expertentagung TSI &amp; ETCS 2026<\/strong><\/p>\n<p style=\"text-align: center;\">Tagungstermin: 24. &#8211; 25. Juni 2026<\/p>\n<p style=\"text-align: center;\">Finaler Anmeldeschluss: 25. Mai 2026<\/p>\n<p style=\"text-align: center;\"><span style=\"color: #ff0000;\">Tagungsprogramm und Anmeldeformular zum Download:<\/span><\/p>\n<p><a href=\"https:\/\/expertentagung.info\/tsi.pdf\" target=\"_blank\" rel=\"noopener\"><img loading=\"lazy\" decoding=\"async\" class=\"aligncenter\" src=\"https:\/\/technik-netzwerk.de\/fileserver-zentrale\/2026\/tsi-etcs\/tsi-2026-prospekt-01.jpg\" alt=\"\" width=\"404\" height=\"571\"><\/a><\/p>\n<p style=\"text-align: center;\"><a class=\"fasc-button fasc-size-small fasc-type-flat fasc-rounded-medium ico-fa fasc-ico-before fa-long-arrow-right fasc-style-bold\" style=\"background-color: #ff0000; color: #ffffff;\" target=\"_blank\" href=\"https:\/\/expertentagung.info\/tsi.pdf\">Tagungsprogramm und Anmeldeformular zum Download &gt;&gt;&gt; tsi.pdf<\/a><\/p>\n<p style=\"text-align: center;\"><span style=\"color: #ffffff;\">.<\/span><\/p>\n<p style=\"text-align: center;\"><span style=\"background-color: #ffff00;\"><span style=\"text-decoration: underline;\"><strong>Ab sofort<\/strong><\/span> sind f\u00fcr Mitglieder des BAHNVERBANDES e.V. Teilnehmertickets zu verg\u00fcnstigten Mitgliederkonditionen erh\u00e4ltlich. &gt;&gt;&gt; <a href=\"mailto:email@bahnverband.info\">email@bahnverband.info<\/a><\/span><\/p>\n<p style=\"text-align: center;\"><span style=\"background-color: #ffff00;\"><strong><span style=\"text-decoration: underline;\">Ab sofort<\/span><\/strong> startet auch f\u00fcr Fachaussteller und Sponsoren die Informations- und Buchungsphase &gt;&gt;&gt; <a style=\"background-color: #ffff00;\" href=\"mailto:email@bahnverband.info\">email@bahnverband.info<\/a><\/span><\/p>\n<p style=\"text-align: center;\">&nbsp;<\/p>\n<p style=\"text-align: center;\">&nbsp;<\/p>\n<p style=\"text-align: center;\"><span style=\"color: #ffffff;\">.<\/span><\/p>\n<hr>\n<p style=\"text-align: right;\"><span style=\"color: #ffffff;\">.<\/span><\/p>\n<p><a class=\"fasc-button fasc-size-medium fasc-type-flat\" style=\"background-color: #aaaaaa; color: #ffffff;\" target=\"_blank\" rel=\"noopener\" href=\"https:\/\/expertentagung.info\/tsi-anmeldeformular.pdf\">1. Buchungsm\u00f6glichkeit: Anmeldung mit dem konventionellen ANMELDEFORMULAR im pdf-Format:<\/a><\/p>\n<p style=\"text-align: right;\"><a href=\"https:\/\/expertentagung.info\/tsi-anmeldeformular.pdf\" target=\"_blank\" rel=\"noopener\"><img loading=\"lazy\" decoding=\"async\" class=\"aligncenter\" src=\"https:\/\/technik-netzwerk.de\/fileserver-zentrale\/2026\/tsi-etcs\/tsi_Seite_11-px800.webp\" alt=\"\" width=\"400\" height=\"566\"><\/a><span style=\"color: #ffffff;\">.<\/span><\/p>\n<p>Bitte senden Sie das vollst\u00e4ndig ausgef\u00fcllte und rechtsverbindlich unterschriebene Anmeldeformular per E-Mail an:<\/p>\n<p style=\"text-align: center;\">&gt;&gt;&gt; <a class=\"fasc-button fasc-size-large fasc-type-glossy fasc-rounded-medium fasc-style-bold\" style=\"background-color: #ff0000; color: #ffffff;\" href=\"mailto:email@bahnverband.info\">email@bahnverband.info<\/a><\/p>\n<p style=\"text-align: right;\"><span style=\"color: #ffffff;\">.<\/span><\/p>\n<hr>\n<p style=\"text-align: right;\"><span style=\"color: #ffffff;\">.<\/span><\/p>\n<p><strong><a class=\"fasc-button fasc-size-medium fasc-type-flat\" style=\"background-color: #aaaaaa; color: #ffffff;\" target=\"_blank\" rel=\"noopener\" href=\"https:\/\/bahnverlag.com\/deutsch\/produkt-kategorie\/fachtagung\/tsi-2025\/\">2. Buchungsm\u00f6glichkeit: Sie k\u00f6nnen Ihre Teilnehmertickets auch ONLINE im Webshop vom Bahnverlag buchen:<\/a><\/strong><\/p>\n<p style=\"text-align: right;\"><span style=\"color: #ffffff;\">.<\/span><\/p>\n<div id=\"accordion-lpsq6m\" class=\" accordion-lpsq6m style2 magee-shortcode panel-group magee-accordion accordion-boxed\" role=\"tablist\">\n<div id=\"panelaccordion-lpsq6m-1\" class=\"panel panel-default \">\n<div id=\"collapseaccordion-lpsq6m-1\" class=\"panel-collapse collapse in\" role=\"tabpanel\" aria-labelledby=\"headingcollapseaccordion-lpsq6m-1\" aria-expanded=\"true\">\n<div class=\"panel-body\">\n<ul>\n<li>STANDARDTICKET f\u00fcr beide Konferenztage (plus Abendveranstaltung und Tagungsdokumentation):<\/li>\n<\/ul>\n<p><a href=\"https:\/\/bahnverlag.com\/deutsch\/produkt\/tsi-etcs-2026-standardticket\/\" target=\"_blank\" rel=\"noopener\"><img loading=\"lazy\" decoding=\"async\" class=\"aligncenter\" src=\"https:\/\/bahnverlag.com\/deutsch\/wp-content\/uploads\/sites\/8\/TSI_Zweitages-Ticket.png\" alt=\"\" width=\"250\" height=\"322\"><\/a><\/p>\n<p style=\"text-align: right;\"><span style=\"color: #ffffff;\">.<\/span><\/p>\n<ul>\n<li>EINTAGESTICKET &gt;&gt;&gt;<\/li>\n<\/ul>\n<p><a href=\"https:\/\/bahnverlag.com\/deutsch\/produkt\/tsi-etcs-2026-standardticket\/\" target=\"_blank\" rel=\"noopener\"><img loading=\"lazy\" decoding=\"async\" class=\"aligncenter\" src=\"https:\/\/bahnverlag.com\/deutsch\/wp-content\/uploads\/sites\/8\/TSI_Eintages-Ticket.png\" alt=\"\" width=\"250\" height=\"322\"><\/a><\/p>\n<\/div>\n<\/div>\n<\/div>\n<\/div>\n<p style=\"text-align: left;\">Der BAHNVERBAND empfiehlt die Buchung BEIDER KONFERENZTAGE mit dem <strong><a href=\"https:\/\/bahnverlag.com\/deutsch\/produkt\/tsi-2025-standardticket\/\" target=\"_blank\" rel=\"noopener\">Zweitagesticket<\/a><\/strong>, um die Tagungsinhalte im Gesamtzusammenhang zu erhalten.<\/p>\n<p style=\"text-align: right;\"><span style=\"color: #ffffff;\">.<\/span><\/p>\n<hr>\n<p style=\"text-align: right;\"><span style=\"color: #ffffff;\">.<\/span><\/p>\n<p><a class=\"fasc-button fasc-size-small fasc-type-flat fasc-rounded-medium fasc-ico-before dashicons-cart fasc-style-bold\" style=\"background-color: #ff0000; color: #ffffff;\" href=\"https:\/\/bahnverband.info\/tsi\/SPONSORING &amp; FACHAUSSTELLUNG\">SPONSORING &amp; FACHAUSSTELLUNG<\/a><\/p>\n<p style=\"text-align: right;\"><span style=\"color: #ffffff;\">.<\/span><\/p>\n<p style=\"text-align: center;\"><a href=\"https:\/\/bahnverlag.com\/deutsch\/produkt\/tsi-2025-gold-sponsoring\/\" target=\"_blank\" rel=\"noopener\"><img loading=\"lazy\" decoding=\"async\" class=\"aligncenter\" src=\"https:\/\/bahnverlag.com\/deutsch\/wp-content\/uploads\/sites\/8\/TSI_Gold_SPO.png\" alt=\"\" width=\"300\" height=\"301\"><\/a><span style=\"color: #ffffff;\">.<\/span><\/p>\n<p style=\"text-align: center;\"><a href=\"https:\/\/bahnverlag.com\/deutsch\/produkt\/tsi-2025-silber-sponsoring\/\" target=\"_blank\" rel=\"noopener\"><img loading=\"lazy\" decoding=\"async\" class=\"aligncenter\" src=\"https:\/\/bahnverlag.com\/deutsch\/wp-content\/uploads\/sites\/8\/TSI_SPO_Silber.png\" alt=\"\" width=\"237\" height=\"237\"><\/a><span style=\"color: #ffffff;\">.<\/span><\/p>\n<p><a href=\"https:\/\/bahnverlag.com\/deutsch\/produkt\/tsi-2025-bronze-sponsoring\/\" target=\"_blank\" rel=\"noopener\"><img loading=\"lazy\" decoding=\"async\" class=\"aligncenter\" src=\"https:\/\/bahnverlag.com\/deutsch\/wp-content\/uploads\/sites\/8\/TSI_Bronze_SPO.png\" alt=\"\" width=\"171\" height=\"172\"><\/a><\/p>\n<p style=\"text-align: right;\"><span style=\"color: #ffffff;\">.<\/span><\/p>\n<p><strong>Anfragen zur Fachausstellung bzw. f\u00fcr Sponsoren<\/strong><\/p>\n<ul>\n<li><a class=\"fasc-button fasc-size-medium fasc-type-glossy fasc-rounded-medium fasc-ico-before dashicons-email fasc-style-bold\" style=\"background-color: #aba9a9; color: #ffffff;\" href=\"mailto:email@bahnverband.info\">email@bahnverband.info<\/a><\/li>\n<li>Telefon: <strong>030 39720170<\/strong><\/li>\n<\/ul>\n<p style=\"text-align: right;\"><span style=\"color: #ffffff;\">.<\/span><\/p>\n<hr>\n<p style=\"text-align: right;\"><span style=\"color: #ffffff;\">.<\/span><\/p>\n<p style=\"text-align: right;\"><span style=\"color: #ffffff;\">..<\/span><\/p>\n<p>F\u00fcr die Teilnahme an dieser Veranstaltung gelten die&nbsp; <strong><a href=\"https:\/\/hdv-gmbh.de\/geschaeftsbedingungen.html\">Gesch\u00e4ftsbedingungen des Veranstalters<\/a><\/strong>*:<\/p>\n<p style=\"text-align: center;\"><a class=\"fasc-button fasc-size-small fasc-type-flat fasc-style-bold\" style=\"background-color: #aaaaaa; color: #ffffff;\" target=\"_blank\" rel=\"noopener\" href=\"https:\/\/hdv-gmbh.de\/geschaeftsbedingungen.html\">Allgemeine Gesch\u00e4ftsbedingung und Anlage Teilnahmebedingungen (agb.pdf)<\/a><\/p>\n<p style=\"text-align: right;\"><span style=\"color: #ffffff;\">.<\/span><\/p>\n<p><strong>* Veranstalter:<\/strong><\/p>\n<p style=\"padding-left: 40px;\">Haus der Verb\u00e4nde Servicegesellschaft mbH, Fregestr. 67, 12159 Berlin (www.hdv-gmbh.de)<\/p>\n<p style=\"text-align: right;\"><span style=\"color: #ffffff;\">.<\/span><\/p>\n<p><strong>Fachliche Leitung und Moderation:<\/strong><\/p>\n<p style=\"padding-left: 40px;\">Bahnverband e.V., Fregestr. 67, 12159 Berlin (www.bahnverband.info)<\/p>\n<p style=\"text-align: right;\"><span style=\"color: #ffffff;\">.<\/span><\/p>\n<hr>\n<p style=\"text-align: right;\"><span style=\"color: #ffffff;\">.<\/span><\/p>\n<p>Organisatorische Hinweise:<\/p>\n<p>Erg\u00e4nzende Hinweise zur Anmeldung und zum Tagungsablauf finden Sie im Tagungsprospekt auf der vorletzten Seite:<\/p>\n<p><a href=\"https:\/\/expertentagung.info\/tsi.pdf\" target=\"_blank\" rel=\"noopener\"><img loading=\"lazy\" decoding=\"async\" class=\"aligncenter\" src=\"https:\/\/technik-netzwerk.de\/fileserver-zentrale\/2026\/tsi-etcs\/tsi_Seite_10-px800.webp\" alt=\"\" width=\"400\" height=\"566\"><\/a><\/p>\n<p style=\"text-align: right;\"><span style=\"color: #ffffff;\">.<\/span><\/p>\n<hr>\n<div data-post-id=\"8026\" class=\"insert-page insert-page-8026 \"><p>&nbsp;<br \/>\n<div class=\" accordion-nea2wk style1 magee-shortcode panel-group magee-accordion accordion-boxed\" role=\"tablist\" aria-multiselectable=\"no\" id=\"accordion-nea2wk\"> <div class=\"panel panel-default \" id=\"panelaccordion-nea2wk-1\"><div class=\"panel-heading\" role=\"tab\" id=\"headingcollapseaccordion-nea2wk-1\">\r\n\t\t\t\t<a class=\"accordion-toggle \" data-toggle=\"collapse\" data-parent=\"#accordion-nea2wk\" href=\"#collapseaccordion-nea2wk-1\" aria-expanded=\"true\" aria-controls=\"collapseaccordion-nea2wk-1\">\r\n\t\t\t\t\t<h4 class=\"panel-title\">\r\n\t\t\t\t\t\t\tWas k\u00f6nnen Sie jetzt tun?\r\n\t\t\t\t\t<\/h4>\r\n\t\t\t\t<\/a>\r\n\t\t\t<\/div>\r\n\t\t\t<div id=\"collapseaccordion-nea2wk-1\" class=\"panel-collapse collapse in\" role=\"tabpanel\" aria-labelledby=\"headingcollapseaccordion-nea2wk-1\" aria-expanded=\"true\">\r\n\t\t\t\t<div class=\"panel-body\">\r\n\t\t\t\t\t\n<p style=\"text-align: right;\"><span style=\"color: #ffffff;\">_<\/span><\/p>\n<blockquote><p>Download <a class=\"fasc-button fasc-size-small fasc-type-flat fasc-rounded-medium fasc-ico-before dashicons-admin-page fasc-style-bold\" style=\"background-color: #ff0000; color: #ffffff;\" href=\"https:\/\/expertentagung.info\/tsi.pdf\">Tagungsprogramm tsi (pdf) f\u00fcr TSI ETCS 2026<\/a><\/p>\n<p style=\"text-align: right;\"><span style=\"color: #ffffff;\">_<\/span><\/p>\n<p><strong>Anmeldung als Teilnehmer:<\/strong><\/p>\n<p>(a) <a class=\"fasc-button fasc-size-small fasc-type-flat fasc-rounded-medium fasc-ico-before dashicons-cart fasc-style-bold\" style=\"background-color: #ff0000; color: #ffffff;\" target=\"_blank\" rel=\"noopener\" href=\"https:\/\/expertentagung.info\/tsi-anmeldeformular.pdf\">Klassisches Anmeldeformular f\u00fcr TSI ETCS 2026<\/a><\/p>\n<p>oder (b) <a class=\"fasc-button fasc-size-small fasc-type-flat fasc-rounded-medium fasc-ico-before dashicons-cart fasc-style-bold\" style=\"background-color: #ff0000; color: #ffffff;\" href=\"https:\/\/bahnverlag.com\/deutsch\/produkt-kategorie\/fachtagung\/tsi-2026\/\">Tickets im WebShop vom BahnVerlag<\/a><\/p>\n<p style=\"text-align: right;\"><span style=\"color: #ffffff;\">_<\/span><\/p>\n<\/blockquote>\n<p>&nbsp;<\/p>\n<p style=\"text-align: left;\"><a class=\"fasc-button fasc-size-medium fasc-type-popout fasc-style-bold\" style=\"background-color: #ababab; color: #ffffff;\" href=\"https:\/\/expertentagung.info\/tsi\">Zur\u00fcck zur Tagungshomepage TSI &amp; ETCS 2026<\/a><\/p>\n\r\n\t\t\t\t\t<div class=\"clear\"><\/div>\r\n\t\t\t\t<\/div>\r\n\t\t\t<\/div>\r\n\t\t<\/div> <\/div><br \/>\n&nbsp;<\/p>\n<\/div>\n<p>&nbsp;<\/p>\n","protected":false},"excerpt":{"rendered":"<p>Tagungshomepage TSI &amp; ETCS 2026 &nbsp; &nbsp; Tagungstickets f\u00fcr die 27. Expertentagung TSI &amp; ETCS 2026 Tagungstermin: 24. &#8211; 25. Juni 2026 Finaler Anmeldeschluss: 25. Mai 2026 Tagungsprogramm und Anmeldeformular zum Download: Tagungsprogramm und Anmeldeformular zum Download &gt;&gt;&gt; tsi.pdf . Ab sofort sind f\u00fcr Mitglieder des BAHNVERBANDES e.V. Teilnehmertickets zu verg\u00fcnstigten Mitgliederkonditionen erh\u00e4ltlich. &gt;&gt;&gt; email@bahnverband.info [&hellip;]<\/p>\n","protected":false},"author":1,"featured_media":0,"parent":0,"menu_order":0,"comment_status":"closed","ping_status":"closed","template":"","meta":{"footnotes":""},"class_list":["post-8053","page","type-page","status-publish","hentry"],"_links":{"self":[{"href":"https:\/\/expertentagung.info\/tsi\/wp-json\/wp\/v2\/pages\/8053","targetHints":{"allow":["GET"]}}],"collection":[{"href":"https:\/\/expertentagung.info\/tsi\/wp-json\/wp\/v2\/pages"}],"about":[{"href":"https:\/\/expertentagung.info\/tsi\/wp-json\/wp\/v2\/types\/page"}],"author":[{"embeddable":true,"href":"https:\/\/expertentagung.info\/tsi\/wp-json\/wp\/v2\/users\/1"}],"replies":[{"embeddable":true,"href":"https:\/\/expertentagung.info\/tsi\/wp-json\/wp\/v2\/comments?post=8053"}],"version-history":[{"count":11,"href":"https:\/\/expertentagung.info\/tsi\/wp-json\/wp\/v2\/pages\/8053\/revisions"}],"predecessor-version":[{"id":8596,"href":"https:\/\/expertentagung.info\/tsi\/wp-json\/wp\/v2\/pages\/8053\/revisions\/8596"}],"wp:attachment":[{"href":"https:\/\/expertentagung.info\/tsi\/wp-json\/wp\/v2\/media?parent=8053"}],"curies":[{"name":"wp","href":"https:\/\/api.w.org\/{rel}","templated":true}]}}