{"id":22,"date":"2021-09-10T09:46:00","date_gmt":"2021-09-10T07:46:00","guid":{"rendered":"https:\/\/expertentagung.info\/tsi-2023\/?page_id=22"},"modified":"2021-12-14T23:38:21","modified_gmt":"2021-12-14T22:38:21","slug":"kontakt","status":"publish","type":"page","link":"https:\/\/expertentagung.info\/tsi-2023\/kontakt\/","title":{"rendered":"Kontakt \/ Ansprechpartner"},"content":{"rendered":"<p>&nbsp;<\/p>\n<p><strong>Bei Fragen k\u00f6nnen Sie gerne KONTAKT zu Ihren direkten Ansprechpartnern aufnehmen:<\/strong><\/p>\n<div class=\"art-postcontent clearfix\">\n<p style=\"text-align: right;\">&nbsp;<\/p>\n<p>&nbsp;<\/p>\n<div class=\"insert-page insert-page-96 \" data-post-id=\"96\">\n<div class=\"art-postcontent clearfix\">\n<div class=\"art-postcontent clearfix\">\n<div class=\"art-postcontent clearfix\">\n<div class=\"art-postcontent clearfix\">\n<blockquote>\n<h2>Event-Management &amp; Digital Content Management:<\/h2>\n<p>&nbsp;<\/p>\n<p><img decoding=\"async\" class=\"lazy-loaded aligncenter\" src=\"https:\/\/technik-netzwerk.de\/fileserver-zentrale\/technik-netzwerk\/heyer600px.jpg\" data-lazy-type=\"image\" data-src=\"https:\/\/technik-netzwerk.de\/fileserver-zentrale\/technik-netzwerk\/heyer600px.jpg\"><\/p>\n<p><strong>Frau<\/strong>&nbsp;<strong>J. HEYER<\/strong><\/p>\n<p>* Gepr\u00fcfte Veranstaltungsfachwirtin \/ Bachelor Professional of Event Organisation, CCI<\/p>\n<p>* Gesch\u00e4ftsbereichsleiterin f\u00fcr Tagungen &amp; Events (Head of Event-Management)<\/p>\n<p>* Projektmanagerin f\u00fcr Digitale Events (seit 06\/2020)<\/p>\n<p>* Hygienebeauftragte f\u00fcr die Veranstaltungswirtschaft (seit 05\/2021)<\/p>\n<p>* Kooperationsmanagement IFV Beratung und Service GmbH \u2013 Bahntechnik-Netzwerk.de sowie Technik-Netzwerk.de<\/p>\n<p>* Zust\u00e4ndig f\u00fcr <strong><em>Veranstaltungsorganisation,&nbsp;<\/em><\/strong><em><strong>Teilnehmer, Lieferanten, Dienstleister, Sponsoren und Aussteller <\/strong><\/em><\/p>\n<p>* Telefon &gt;&gt;&gt; <a class=\"fasc-button fasc-size-large fasc-type-glossy fasc-rounded-medium ico-fa fasc-ico-after fa-phone-square fasc-style-bold\" style=\"background-color: #ff0000; color: #ffffff;\" href=\"tel:+493039720172\">030 39720172<\/a><\/p>\n<p>&nbsp;<\/p>\n<p>* E-Mail &gt;&gt;&gt; &nbsp; <a class=\"fasc-button fasc-size-large fasc-type-glossy fasc-rounded-medium ico-fa fasc-ico-after fa-envelope fasc-style-bold\" style=\"background-color: #ff0000; color: #ffffff;\" target=\"_blank\" rel=\"noopener\" href=\"mailto:tagung@zentralsekretariat.de\">tagung@zentralsekretariat.de<\/a>&nbsp;<\/p><\/blockquote>\n<p>&nbsp;<\/p>\n<p>.<\/p>\n<hr>\n<p>.<\/p>\n<p>&nbsp;<\/p>\n<p>&nbsp;<\/p>\n<div class=\"art-postcontent clearfix\">\n<blockquote>\n<h2>Gesch\u00e4ftsf\u00fchrer:<\/h2>\n<p>&nbsp;<\/p>\n<p>&nbsp;<\/p>\n<p><a href=\"https:\/\/technik-netzwerk.de\/fileserver-zentrale\/technik-netzwerk\/schulz1200px.jpg\"><img loading=\"lazy\" decoding=\"async\" class=\"lazy-loaded alignnone\" src=\"https:\/\/technik-netzwerk.de\/fileserver-zentrale\/technik-netzwerk\/schulz1200px.jpg\" alt=\"\" data-lazy-type=\"image\" data-src=\"https:\/\/technik-netzwerk.de\/fileserver-zentrale\/technik-netzwerk\/schulz1200px.jpg\" width=\"601\" height=\"649\"><\/a><\/p>\n<p>&nbsp;<\/p>\n<p><strong>Diplom-Volkswirt E. SCHULZ&nbsp;<\/strong><\/p>\n<p>* Gesch\u00e4ftsf\u00fchrer \/ Managing Director<\/p>\n<p>* Interdisziplin\u00e4rer Forschungsverbund Bahntechnik e.V. (Vereinsgesch\u00e4ftsf\u00fchrer)<\/p>\n<p>* IFV Beratung und Service GmbH (CEO)<\/p>\n<p>* Kompetenznetz-Manager sowie Arbeitskreis-Koordinator<\/p>\n<p>* Zust\u00e4ndig f\u00fcr &gt;&gt;&gt;&nbsp;<em><strong>Allgemeine Anfragen zum Bahntechnik-Netzwerk &amp; Inhaltliche Koordination (insbesondere von Arbeitskreisen, Thinktanks sowie von Forschungsprojekten)<\/strong><\/em><\/p>\n<p>* Herausgeber der Schriftenreihe BAHNTECHNIK AKTUELL<\/p>\n<p>* Telefon der Vereinsgesch\u00e4ftsstelle \/ Zentralsekretariat : <strong>030 39720171<\/strong><\/p>\n<p>* B\u00fcro Berlin: 030 81898731<\/p>\n<p>* B\u00fcro Rhein-Main: 06135 3127<\/p>\n<p>* B\u00fcro N\u00fcrnberg: 0911 209112<\/p>\n<p>* Mobilfon &gt;&gt;&gt; <a class=\"fasc-button fasc-size-large fasc-type-glossy fasc-rounded-medium ico-fa fasc-ico-after fa-phone-square fasc-style-bold\" style=\"background-color: #ff0000; color: #ffffff;\" href=\"tel:+4917670094803\">0176 70094803<\/a><\/p>\n<p>* WhatsApp &gt;&gt;&gt; &nbsp; <a class=\"fasc-button fasc-size-large fasc-type-glossy fasc-rounded-medium ico-fa fasc-ico-after fa-check-square fasc-style-bold\" style=\"background-color: #ff0000; color: #ffffff;\" href=\"https:\/\/web.whatsapp.com\/send?phone=+4917670094803&amp;text=\">WhatsApp<\/a><\/p>\n<p>* E-Mail &gt;&gt;&gt; &nbsp; <a class=\"fasc-button fasc-size-large fasc-type-glossy fasc-rounded-medium ico-fa fasc-ico-after fa-envelope fasc-style-bold\" style=\"background-color: #ff0000; color: #ffffff;\" target=\"_blank\" rel=\"noopener\" href=\"mailto:schulz@ifv-bahntechnik.de\">schulz@ifv-bahntechnik.de<\/a>&nbsp;<\/p><\/blockquote>\n<p style=\"text-align: right;\"><span style=\"color: #ffffff;\">.<\/span><\/p>\n<p style=\"text-align: right;\"><span style=\"color: #ffffff;\">.<\/span><\/p>\n<\/div>\n<\/div>\n<\/div>\n<\/div>\n<\/div>\n<\/div>\n<\/div>\n<hr>\n<p style=\"text-align: right;\"><span style=\"color: #ffffff;\">.<\/span><\/p>\n<p style=\"text-align: right;\"><span style=\"color: #ffffff;\">.<\/span><br \/>\n&nbsp;<\/p>\n<blockquote>\n<p style=\"text-align: right;\"><span style=\"color: #999999;\">_<\/span><\/p>\n<p><a class=\"fasc-button fasc-size-large fasc-type-popout fasc-rounded-medium fasc-ico-before dashicons-menu fasc-style-bold\" style=\"background-color: #ff0000; color: #ffffff;\" href=\"https:\/\/expertentagung.info\/kontakt\/\">KONTAKT &gt;&gt;&gt; Ansprechpartner<\/a><\/p>\n<p style=\"text-align: right;\"><span style=\"color: #999999;\">_<\/span><\/p>\n<\/blockquote>\n<p>&nbsp;<\/p>\n<p>&nbsp;<\/p>\n<p>&nbsp;<\/p>\n","protected":false},"excerpt":{"rendered":"<p>&nbsp; Bei Fragen k\u00f6nnen Sie gerne KONTAKT zu Ihren direkten Ansprechpartnern aufnehmen: &nbsp; &nbsp; Event-Management &amp; Digital Content Management: &nbsp; Frau&nbsp;J. HEYER * Gepr\u00fcfte Veranstaltungsfachwirtin \/ Bachelor Professional of Event Organisation, CCI * Gesch\u00e4ftsbereichsleiterin f\u00fcr Tagungen &amp; Events (Head of Event-Management) * Projektmanagerin f\u00fcr Digitale Events (seit 06\/2020) * Hygienebeauftragte f\u00fcr die Veranstaltungswirtschaft (seit 05\/2021) [&hellip;]<\/p>\n","protected":false},"author":1,"featured_media":0,"parent":0,"menu_order":0,"comment_status":"closed","ping_status":"closed","template":"","meta":{"footnotes":""},"class_list":["post-22","page","type-page","status-publish","hentry"],"_links":{"self":[{"href":"https:\/\/expertentagung.info\/tsi-2023\/wp-json\/wp\/v2\/pages\/22","targetHints":{"allow":["GET"]}}],"collection":[{"href":"https:\/\/expertentagung.info\/tsi-2023\/wp-json\/wp\/v2\/pages"}],"about":[{"href":"https:\/\/expertentagung.info\/tsi-2023\/wp-json\/wp\/v2\/types\/page"}],"author":[{"embeddable":true,"href":"https:\/\/expertentagung.info\/tsi-2023\/wp-json\/wp\/v2\/users\/1"}],"replies":[{"embeddable":true,"href":"https:\/\/expertentagung.info\/tsi-2023\/wp-json\/wp\/v2\/comments?post=22"}],"version-history":[{"count":6,"href":"https:\/\/expertentagung.info\/tsi-2023\/wp-json\/wp\/v2\/pages\/22\/revisions"}],"predecessor-version":[{"id":217,"href":"https:\/\/expertentagung.info\/tsi-2023\/wp-json\/wp\/v2\/pages\/22\/revisions\/217"}],"wp:attachment":[{"href":"https:\/\/expertentagung.info\/tsi-2023\/wp-json\/wp\/v2\/media?parent=22"}],"curies":[{"name":"wp","href":"https:\/\/api.w.org\/{rel}","templated":true}]}}