{"id":378,"date":"2023-04-25T04:18:57","date_gmt":"2023-04-25T02:18:57","guid":{"rendered":"https:\/\/expertentagung.info\/digital-rail-2023\/?page_id=378"},"modified":"2023-04-25T04:19:26","modified_gmt":"2023-04-25T02:19:26","slug":"networking-event","status":"publish","type":"page","link":"https:\/\/expertentagung.info\/digital-rail-2023\/networking-event\/","title":{"rendered":"Networking-Event"},"content":{"rendered":"<p><a class=\"fasc-button fasc-size-xlarge fasc-type-flat fasc-rounded-medium fasc-style-bold\" style=\"background-color: #ff0000; color: #ffffff;\" href=\"#\">Systematische-Vernetzung.info<\/a><\/p>\n<p>&nbsp;<\/p>\n<p>Die Expertentagung Digital-Rail.com ist der ideale Ort f\u00fcr die systematische Vernetzung zum Spezialthema: BAHN-DIGITALISIERUNG.<\/p>\n<p>Alle anwesenden Teilnehmer, Referenten und Fachaussteller sowie Hochschulvertreter sind auf dem Gesch\u00e4ftsfeld der Bahn-Digitalisierung aktiv und wollen sich mit anderen Experten auf genau diesem Gebiet vernetzen.<\/p>\n<p>&nbsp;<\/p>\n<p><strong>Networking-Module:<\/strong><\/p>\n<ul>\n<li>W\u00e4hrend der zweit\u00e4gigen Expertentagung werden viele AKTIVE NETWORKING MODULE angeboten:<\/li>\n<li>Come-Together (Begr\u00fc\u00dfungskaffee vor Tagungsbeginn),<\/li>\n<li>Ausreichend lange bemessene Kaffeepausen am Vormittag sowie am Nachmittag (an beiden Konferenztagen)<\/li>\n<li>Last but not least: Networking-Event am Abend des ersten Konferenztages findet das besondere Networking-Event des Bahnverbandes statt.<\/li>\n<\/ul>\n<p>&nbsp;<\/p>\n<p><strong>Visitenkarten-Abend:<\/strong><\/p>\n<ul>\n<li>Der VISITENKARTEN-ABEND in einem traditionellen Restaurant in M\u00fcnchen &#8211; geselliges Beisammensein bei typisch-bayerischen Spezialit\u00e4ten aus K\u00fcche und Keller.<\/li>\n<li>Eingeladen sind Teilnehmer, Referenten und Fachaussteller der Expertentagung (Der Visitenkartenabend ist in der Tagungspauschale bereits inkludiert)<\/li>\n<li>Zus\u00e4tzliche G\u00e4ste k\u00f6nnen beim Veranstalter angemeldet werden (kostenpflichtige G\u00e4stekarten)<\/li>\n<li>Dieser Networking-Event bietet den idealen Rahmen f\u00fcr informelle Gespr\u00e4che und das pers\u00f6nliche Networking.<\/li>\n<li>Es wird empfohlen, VISITENKARTEN in ausreichender Zahl mitzubringen.<\/li>\n<\/ul>\n<p>&nbsp;<\/p>\n<p>Das SYSTEMATISCHE NETWORKING ist gut f\u00fcr das Gesch\u00e4ft bzw. f\u00f6rderlich f\u00fcr die eigene Karriere.<\/p>\n<p>&nbsp;<\/p>\n<p>&nbsp;<\/p>\n<p>&nbsp;<\/p>\n<p>&nbsp;<\/p>\n<p>&nbsp;<\/p>\n<p>&nbsp;<\/p>\n","protected":false},"excerpt":{"rendered":"<p>Systematische-Vernetzung.info &nbsp; Die Expertentagung Digital-Rail.com ist der ideale Ort f\u00fcr die systematische Vernetzung zum Spezialthema: BAHN-DIGITALISIERUNG. Alle anwesenden Teilnehmer, Referenten und Fachaussteller sowie Hochschulvertreter sind auf dem Gesch\u00e4ftsfeld der Bahn-Digitalisierung aktiv und wollen sich mit anderen Experten auf genau diesem Gebiet vernetzen. &nbsp; Networking-Module: W\u00e4hrend der zweit\u00e4gigen Expertentagung werden viele AKTIVE NETWORKING MODULE angeboten: Come-Together [&hellip;]<\/p>\n","protected":false},"author":1,"featured_media":0,"parent":0,"menu_order":0,"comment_status":"closed","ping_status":"closed","template":"","meta":{"footnotes":""},"class_list":["post-378","page","type-page","status-publish","hentry"],"_links":{"self":[{"href":"https:\/\/expertentagung.info\/digital-rail-2023\/wp-json\/wp\/v2\/pages\/378","targetHints":{"allow":["GET"]}}],"collection":[{"href":"https:\/\/expertentagung.info\/digital-rail-2023\/wp-json\/wp\/v2\/pages"}],"about":[{"href":"https:\/\/expertentagung.info\/digital-rail-2023\/wp-json\/wp\/v2\/types\/page"}],"author":[{"embeddable":true,"href":"https:\/\/expertentagung.info\/digital-rail-2023\/wp-json\/wp\/v2\/users\/1"}],"replies":[{"embeddable":true,"href":"https:\/\/expertentagung.info\/digital-rail-2023\/wp-json\/wp\/v2\/comments?post=378"}],"version-history":[{"count":1,"href":"https:\/\/expertentagung.info\/digital-rail-2023\/wp-json\/wp\/v2\/pages\/378\/revisions"}],"predecessor-version":[{"id":379,"href":"https:\/\/expertentagung.info\/digital-rail-2023\/wp-json\/wp\/v2\/pages\/378\/revisions\/379"}],"wp:attachment":[{"href":"https:\/\/expertentagung.info\/digital-rail-2023\/wp-json\/wp\/v2\/media?parent=378"}],"curies":[{"name":"wp","href":"https:\/\/api.w.org\/{rel}","templated":true}]}}