{"id":329,"date":"2023-02-08T04:01:21","date_gmt":"2023-02-08T03:01:21","guid":{"rendered":"https:\/\/expertentagung.info\/digital-rail\/?page_id=329"},"modified":"2023-04-24T16:18:35","modified_gmt":"2023-04-24T14:18:35","slug":"referentenliste","status":"publish","type":"page","link":"https:\/\/expertentagung.info\/digital-rail-2023\/referentenliste\/","title":{"rendered":"REFERENTENLISTE"},"content":{"rendered":"<h2 style=\"text-align: center;\">7. Expertentagung BAHN-DIGITALISIERUNG<\/h2>\n<h2 style=\"text-align: center;\">Digital-Rail 2023<\/h2>\n<p><a href=\"https:\/\/expertentagung.info\/digital-rail-2023\" target=\"_blank\" rel=\"noopener\"><img loading=\"lazy\" decoding=\"async\" class=\"aligncenter\" src=\"https:\/\/bahnverband.info\/fileserver\/bahnverband-tagung\/2023-digital-rail\/digital-rail-2023-tagungslogo-800px.png\" alt=\"\" width=\"401\" height=\"349\"><\/a><\/p>\n<p>&nbsp;<\/p>\n<h2 style=\"text-align: center;\">&#8211; REFERENTENLISTE &#8211;<\/h2>\n<p style=\"text-align: center;\">Referenten, Co-Referenten bzw. Co-Autoren von A &#8211; Z<\/p>\n<p style=\"text-align: center;\"><span style=\"color: #ffffff;\">.<\/span><\/p>\n<blockquote>\n<p style=\"text-align: right;\"><span style=\"color: #ffffff;\">_<\/span><\/p>\n<p><a href=\"https:\/\/expertentagung.info\/digital-rail-2023\/interaktion\/\" target=\"_blank\" rel=\"noopener\"><img loading=\"lazy\" decoding=\"async\" class=\"alignnone\" src=\"https:\/\/technik-netzwerk.de\/fileserver-zentrale\/2023\/Digital-Rail-2023-Borgwarth-Embex-800px.png\" alt=\"\" width=\"600\" height=\"424\"><\/a><\/p>\n<p>Dr. Kai BORGWARTH<\/p>\n<p>&#8211; Leiter Marketing &amp; Vertrieb &#8211; embeX GmbH; Transportation &amp; Mobile Automation; Freiburg\/Breisgau<\/p>\n<p style=\"text-align: right;\"><a class=\"fasc-button fasc-size-xsmall fasc-type-popout fasc-ico-before dashicons-editor-help fasc-style-bold\" style=\"background-color: #cccccc; color: #000000;\" target=\"_blank\" rel=\"noopener\" href=\"https:\/\/expertentagung.info\/digital-rail-2023\/interaktion\/\">[FRAGE an den Referenten stellen]<\/a><\/p>\n<\/blockquote>\n<p style=\"text-align: right;\"><span style=\"color: #ffffff;\">.<\/span><\/p>\n<blockquote>\n<p style=\"text-align: right;\"><span style=\"color: #ffffff;\">_<\/span><\/p>\n<p><a href=\"https:\/\/expertentagung.info\/digital-rail-2023\/interaktion\/\" target=\"_blank\" rel=\"noopener\"><img loading=\"lazy\" decoding=\"async\" class=\"alignnone\" src=\"https:\/\/technik-netzwerk.de\/fileserver-zentrale\/2023\/Digital-Rail-2023-Dube-DB-Systemtechnik-800px.png\" alt=\"\" width=\"600\" height=\"424\"><\/a><\/p>\n<p>Dipl.-Ing. Nils DUBE<\/p>\n<p>&#8211; Leiter Business Line Engineering (TT.TVE) &#8211; DB Systemtechnik GmbH; M\u00fcnchen<\/p>\n<p style=\"text-align: right;\"><a class=\"fasc-button fasc-size-xsmall fasc-type-popout fasc-ico-before dashicons-editor-help fasc-style-bold\" style=\"background-color: #cccccc; color: #000000;\" target=\"_blank\" rel=\"noopener\" href=\"https:\/\/expertentagung.info\/digital-rail-2023\/interaktion\/\">[FRAGE an den Referenten stellen]<\/a><\/p>\n<p style=\"text-align: right;\"><span style=\"color: #ffffff;\">_<\/span><\/p>\n<\/blockquote>\n<p style=\"text-align: right;\"><span style=\"color: #ffffff;\">.<\/span><\/p>\n<p style=\"text-align: right;\"><span style=\"color: #ffffff;\">_<\/span><\/p>\n<blockquote><p><a href=\"https:\/\/expertentagung.info\/digital-rail-2023\/interaktion\/\" target=\"_blank\" rel=\"noopener\"><img loading=\"lazy\" decoding=\"async\" class=\"alignnone\" src=\"https:\/\/technik-netzwerk.de\/fileserver-zentrale\/2023\/Digital-Rail-2023-Falk-DB-Systemtechnik-800px.png\" alt=\"\" width=\"600\" height=\"424\"><\/a><\/p>\n<p>Dipl.-Ing. Andreas FALK \u2013 Kompetenzzentrum Komponenten und Funktionen (TT.TVE 3)<\/p>\n<p>&#8211; DB Systemtechnik GmbH; M\u00fcnchen<\/p>\n<p style=\"text-align: right;\"><a class=\"fasc-button fasc-size-xsmall fasc-type-popout fasc-ico-before dashicons-editor-help fasc-style-bold\" style=\"background-color: #cccccc; color: #000000;\" target=\"_blank\" rel=\"noopener\" href=\"https:\/\/expertentagung.info\/digital-rail-2023\/interaktion\/\">[FRAGE an den Referenten stellen]<\/a><\/p>\n<\/blockquote>\n<p style=\"text-align: right;\"><span style=\"color: #ffffff;\">_<\/span><\/p>\n<p style=\"text-align: right;\"><span style=\"color: #ffffff;\">.<\/span><\/p>\n<p style=\"text-align: right;\"><span style=\"color: #ffffff;\">_<\/span><\/p>\n<blockquote><p><a href=\"https:\/\/expertentagung.info\/digital-rail-2023\/interaktion\/\" target=\"_blank\" rel=\"noopener\"><img loading=\"lazy\" decoding=\"async\" class=\"alignnone\" src=\"https:\/\/technik-netzwerk.de\/fileserver-zentrale\/2023\/Digital-Rail-2023-Gutknecht-DB-Systemtechnik-800px.png\" alt=\"\" width=\"600\" height=\"424\"><\/a><\/p>\n<p>Dipl-Ing. (FH) Norbert GUTKNECHT<\/p>\n<p>&#8211; Informationstechnik (TT.TVE 42) &#8211; DB Systemtechnik GmbH; M\u00fcnchen<\/p>\n<p style=\"text-align: right;\"><a class=\"fasc-button fasc-size-xsmall fasc-type-popout fasc-ico-before dashicons-editor-help fasc-style-bold\" style=\"background-color: #cccccc; color: #000000;\" target=\"_blank\" rel=\"noopener\" href=\"https:\/\/expertentagung.info\/digital-rail-2023\/interaktion\/\">[FRAGE an den Referenten stellen]<\/a><\/p>\n<\/blockquote>\n<p style=\"text-align: right;\"><span style=\"color: #ffffff;\">_<\/span><\/p>\n<p style=\"text-align: right;\"><span style=\"color: #ffffff;\">.<\/span><\/p>\n<p style=\"text-align: right;\"><span style=\"color: #ffffff;\">_<\/span><\/p>\n<blockquote><p><a href=\"https:\/\/expertentagung.info\/digital-rail-2023\/interaktion\/\" target=\"_blank\" rel=\"noopener\"><img loading=\"lazy\" decoding=\"async\" class=\"alignnone\" src=\"https:\/\/technik-netzwerk.de\/fileserver-zentrale\/2023\/Digital-Rail-2023-Heinrich-DB-Systemtechnik-800px.png\" alt=\"\" width=\"599\" height=\"423\"><\/a><\/p>\n<p>Dr. rer. nat. Robert HEINRICH<\/p>\n<p>&#8211; Referent Strategische Messtechnikentwicklung \/ Fahrzeugseitiges Infrastrukturmonitoring; TVP (Pr\u00fcfdienstleistungen) &#8211; DB Systemtechnik GmbH; M\u00fcnchen<\/p>\n<p style=\"text-align: right;\"><a class=\"fasc-button fasc-size-xsmall fasc-type-popout fasc-ico-before dashicons-editor-help fasc-style-bold\" style=\"background-color: #cccccc; color: #000000;\" target=\"_blank\" rel=\"noopener\" href=\"https:\/\/expertentagung.info\/digital-rail-2023\/interaktion\/\">[FRAGE an den Referenten stellen]<\/a><\/p>\n<\/blockquote>\n<p style=\"text-align: right;\"><span style=\"color: #ffffff;\">_<\/span><\/p>\n<p style=\"text-align: right;\"><span style=\"color: #ffffff;\">.<\/span><\/p>\n<p style=\"text-align: right;\"><span style=\"color: #ffffff;\">_<\/span><\/p>\n<blockquote><p><a href=\"https:\/\/expertentagung.info\/digital-rail-2023\/interaktion\/\" target=\"_blank\" rel=\"noopener\"><img loading=\"lazy\" decoding=\"async\" class=\"alignnone\" src=\"https:\/\/technik-netzwerk.de\/fileserver-zentrale\/2023\/Digital-Rail-2023-Henkel-ANAVS-800px.png\" alt=\"\" width=\"603\" height=\"426\"><\/a><\/p>\n<p>Dr.-Ing. Patrick HENKEL<\/p>\n<p>&#8211; Gesch\u00e4ftsf\u00fchrer &#8211; ANavS GmbH; M\u00fcnchen<\/p>\n<p style=\"text-align: right;\"><a class=\"fasc-button fasc-size-xsmall fasc-type-popout fasc-ico-before dashicons-editor-help fasc-style-bold\" style=\"background-color: #cccccc; color: #000000;\" target=\"_blank\" rel=\"noopener\" href=\"https:\/\/expertentagung.info\/digital-rail-2023\/interaktion\/\">[FRAGE an den Referenten stellen]<\/a><\/p>\n<\/blockquote>\n<p style=\"text-align: right;\"><span style=\"color: #ffffff;\">_<\/span><\/p>\n<p style=\"text-align: right;\"><span style=\"color: #ffffff;\">.<\/span><\/p>\n<p style=\"text-align: right;\"><span style=\"color: #ffffff;\">_<\/span><\/p>\n<blockquote><p><a href=\"https:\/\/expertentagung.info\/digital-rail-2023\/interaktion\/\" target=\"_blank\" rel=\"noopener\"><img loading=\"lazy\" decoding=\"async\" class=\"alignnone\" src=\"https:\/\/technik-netzwerk.de\/fileserver-zentrale\/2023\/Digital-Rail-2023-Kirschinger-DB-Systemtechnik-800px.png\" alt=\"\" width=\"600\" height=\"424\"><\/a><\/p>\n<p>Dipl.-Ing. Christoph KIRSCHINGER<\/p>\n<p>&#8211; Gesch\u00e4ftsf\u00fchrer Vertrieb &#8211; DB Systemtechnik GmbH; M\u00fcnchen et al.<\/p>\n<p style=\"text-align: right;\"><a class=\"fasc-button fasc-size-xsmall fasc-type-popout fasc-ico-before dashicons-editor-help fasc-style-bold\" style=\"background-color: #cccccc; color: #000000;\" target=\"_blank\" rel=\"noopener\" href=\"https:\/\/expertentagung.info\/digital-rail-2023\/interaktion\/\">[FRAGE an den Referenten stellen]<\/a><\/p>\n<\/blockquote>\n<p style=\"text-align: right;\"><span style=\"color: #ffffff;\">_<\/span><\/p>\n<p style=\"text-align: right;\"><span style=\"color: #ffffff;\">.<\/span><\/p>\n<p style=\"text-align: right;\"><span style=\"color: #ffffff;\">_<\/span><\/p>\n<blockquote><p><a href=\"https:\/\/expertentagung.info\/digital-rail-2023\/interaktion\/\" target=\"_blank\" rel=\"noopener\"><img loading=\"lazy\" decoding=\"async\" class=\"alignnone\" src=\"https:\/\/technik-netzwerk.de\/fileserver-zentrale\/2023\/Digital-Rail-2023-Kuehnast-Benedikt-Boom-800px.png\" alt=\"\" width=\"598\" height=\"422\"><\/a><\/p>\n<p>Dr. mont. Robin K\u00dcHNAST-BENEDIKT<\/p>\n<p>&#8211; Abteilungsleiter Produktmanagement &#8211; BOOM Software AG; Leibnitz (\u00d6sterreich)<\/p>\n<p style=\"text-align: right;\"><a class=\"fasc-button fasc-size-xsmall fasc-type-popout fasc-ico-before dashicons-editor-help fasc-style-bold\" style=\"background-color: #cccccc; color: #000000;\" target=\"_blank\" rel=\"noopener\" href=\"https:\/\/expertentagung.info\/digital-rail-2023\/interaktion\/\">[FRAGE an den Referenten stellen]<\/a><\/p>\n<\/blockquote>\n<p style=\"text-align: right;\"><span style=\"color: #ffffff;\">_<\/span><\/p>\n<p style=\"text-align: right;\"><span style=\"color: #ffffff;\">.<\/span><\/p>\n<p style=\"text-align: right;\"><span style=\"color: #ffffff;\">_<\/span><\/p>\n<blockquote><p><a href=\"https:\/\/expertentagung.info\/digital-rail-2023\/interaktion\/\" target=\"_blank\" rel=\"noopener\"><img loading=\"lazy\" decoding=\"async\" class=\"alignnone\" src=\"https:\/\/technik-netzwerk.de\/fileserver-zentrale\/2023\/Digital-Rail-2023-Kuehne-DB-Systemtechnik-800px.png\" alt=\"\" width=\"595\" height=\"421\"><\/a><\/p>\n<p>Dr. Markus K\u00dcHNE &#8211; Teamkoordinator IoT &amp; Automation<\/p>\n<p>&#8211; DB Systemtechnik GmbH; Frankfurt\/Main<\/p>\n<p style=\"text-align: right;\"><a class=\"fasc-button fasc-size-xsmall fasc-type-popout fasc-ico-before dashicons-editor-help fasc-style-bold\" style=\"background-color: #cccccc; color: #000000;\" target=\"_blank\" rel=\"noopener\" href=\"https:\/\/expertentagung.info\/digital-rail-2023\/interaktion\/\">[FRAGE an den Referenten stellen]<\/a><\/p>\n<\/blockquote>\n<p style=\"text-align: right;\"><span style=\"color: #ffffff;\">_<\/span><\/p>\n<p style=\"text-align: right;\"><span style=\"color: #ffffff;\">.<\/span><\/p>\n<p style=\"text-align: right;\"><span style=\"color: #ffffff;\">_<\/span><\/p>\n<blockquote><p><a href=\"https:\/\/expertentagung.info\/digital-rail-2023\/interaktion\/\" target=\"_blank\" rel=\"noopener\"><img loading=\"lazy\" decoding=\"async\" class=\"alignnone\" src=\"https:\/\/technik-netzwerk.de\/fileserver-zentrale\/2023\/Digital-Rail-2023-Moeller-DB-Systemtechnik-800px.png\" alt=\"\" width=\"596\" height=\"421\"><\/a><\/p>\n<p>Dr. Helmut M\u00d6LLER<\/p>\n<p>&#8211; Leiter des Kompetenzzentrums Komponenten und Funktionen &#8211; DB Systemtechnik GmbH; M\u00fcnchen<\/p>\n<p style=\"text-align: right;\"><a class=\"fasc-button fasc-size-xsmall fasc-type-popout fasc-ico-before dashicons-editor-help fasc-style-bold\" style=\"background-color: #cccccc; color: #000000;\" target=\"_blank\" rel=\"noopener\" href=\"https:\/\/expertentagung.info\/digital-rail-2023\/interaktion\/\">[FRAGE an den Referenten stellen]<\/a><\/p>\n<\/blockquote>\n<p style=\"text-align: right;\"><span style=\"color: #ffffff;\">_<\/span><\/p>\n<p style=\"text-align: right;\"><span style=\"color: #ffffff;\">.<\/span><\/p>\n<p style=\"text-align: right;\"><span style=\"color: #ffffff;\">_<\/span><\/p>\n<blockquote><p><a href=\"https:\/\/expertentagung.info\/digital-rail-2023\/interaktion\/\" target=\"_blank\" rel=\"noopener\"><img loading=\"lazy\" decoding=\"async\" class=\"alignnone\" src=\"https:\/\/technik-netzwerk.de\/fileserver-zentrale\/2023\/Digital-Rail-2023-Neitzel-ITK-800px.png\" alt=\"\" width=\"600\" height=\"424\"><\/a><\/p>\n<p>Dipl.-Informatiker Udo NEITZEL<\/p>\n<p>&#8211; Security Engineer Mobility &#8211; ITK Engineering GmbH; R\u00fclzheim et al.<\/p>\n<p style=\"text-align: right;\"><a class=\"fasc-button fasc-size-xsmall fasc-type-popout fasc-ico-before dashicons-editor-help fasc-style-bold\" style=\"background-color: #cccccc; color: #000000;\" target=\"_blank\" rel=\"noopener\" href=\"https:\/\/expertentagung.info\/digital-rail-2023\/interaktion\/\">[FRAGE an den Referenten stellen]<\/a><\/p>\n<\/blockquote>\n<p style=\"text-align: right;\"><span style=\"color: #ffffff;\">_<\/span><\/p>\n<p style=\"text-align: right;\"><span style=\"color: #ffffff;\">.<\/span><\/p>\n<p style=\"text-align: right;\"><span style=\"color: #ffffff;\">_<\/span><\/p>\n<blockquote><p><a href=\"https:\/\/expertentagung.info\/digital-rail-2023\/interaktion\/\" target=\"_blank\" rel=\"noopener\"><img loading=\"lazy\" decoding=\"async\" class=\"alignnone\" src=\"https:\/\/technik-netzwerk.de\/fileserver-zentrale\/2023\/Digital-Rail-2023-Potrafke-BMDV-800px.png\" alt=\"\" width=\"598\" height=\"422\"><\/a><\/p>\n<p>TRDir Dipl.-Ing. Mattias POTRAFKE<\/p>\n<p>&#8211; Leiter des Referates E 15 (Digitalisierung Eisenbahnen) &#8211; Bundesministerium f\u00fcr Digitales und Verkehr (BMDV); Bonn<\/p>\n<p style=\"text-align: right;\"><a class=\"fasc-button fasc-size-xsmall fasc-type-popout fasc-ico-before dashicons-editor-help fasc-style-bold\" style=\"background-color: #cccccc; color: #000000;\" target=\"_blank\" rel=\"noopener\" href=\"https:\/\/expertentagung.info\/digital-rail-2023\/interaktion\/\">[FRAGE an den Referenten stellen]<\/a><\/p>\n<\/blockquote>\n<p style=\"text-align: right;\"><span style=\"color: #ffffff;\">_<\/span><\/p>\n<p style=\"text-align: right;\"><span style=\"color: #ffffff;\">.<\/span><\/p>\n<p style=\"text-align: right;\"><span style=\"color: #ffffff;\">_<\/span><\/p>\n<blockquote><p><a href=\"https:\/\/expertentagung.info\/digital-rail-2023\/interaktion\/\" target=\"_blank\" rel=\"noopener\"><img loading=\"lazy\" decoding=\"async\" class=\"alignnone\" src=\"https:\/\/technik-netzwerk.de\/fileserver-zentrale\/2023\/Digital-Rail-2023-Ruscher-TU-Dresden-800px.png\" alt=\"\" width=\"602\" height=\"425\"><\/a><\/p>\n<p>Dipl.-Ing. Martin RUSCHER<\/p>\n<p>&#8211; Wissenschaftlicher Mitarbeiter an der Professur f\u00fcr Elektrische Bahnen &#8211; Technische Universit\u00e4t Dresden<\/p>\n<p style=\"text-align: right;\"><a class=\"fasc-button fasc-size-xsmall fasc-type-popout fasc-ico-before dashicons-editor-help fasc-style-bold\" style=\"background-color: #cccccc; color: #000000;\" target=\"_blank\" rel=\"noopener\" href=\"https:\/\/expertentagung.info\/digital-rail-2023\/interaktion\/\">[FRAGE an den Referenten stellen]<\/a><\/p>\n<\/blockquote>\n<p style=\"text-align: right;\"><span style=\"color: #ffffff;\">_<\/span><\/p>\n<p><span style=\"color: #ffffff;\">.<\/span><\/p>\n<p style=\"text-align: right;\"><span style=\"color: #ffffff;\">_<\/span><\/p>\n<blockquote><p><a href=\"https:\/\/expertentagung.info\/digital-rail-2023\/interaktion\/\" target=\"_blank\" rel=\"noopener\"><img loading=\"lazy\" decoding=\"async\" class=\"alignnone\" src=\"https:\/\/technik-netzwerk.de\/fileserver-zentrale\/2023\/Digital-Rail-2023-SCHULZ_BAHNVERBAND-800px.png\" alt=\"\" width=\"602\" height=\"425\"><\/a><\/p>\n<p>Dipl.-Volkswirt Eckhard SCHULZ<\/p>\n<p>&#8211; Verbandsgesch\u00e4ftsf\u00fchrer &#8211; BAHNVERBAND e.V. &#8211; Gesch\u00e4ftsbereich IFV BAHNTECHNIK sowie Arbeitskreis Bahn-Digitalsierung; Berlin<\/p>\n<p>&#8211; Leading Consultant \/ Certified-Consultant.com &#8211;&nbsp; Institut f\u00fcr Verb\u00e4ndeberatung; IFV Beratung und Service GmbH; Gau-Bischofsheim \/ Mainz<\/p>\n<p style=\"text-align: right;\"><a class=\"fasc-button fasc-size-xsmall fasc-type-popout fasc-ico-before dashicons-editor-help fasc-style-bold\" style=\"background-color: #cccccc; color: #000000;\" target=\"_blank\" rel=\"noopener\" href=\"https:\/\/expertentagung.info\/digital-rail-2023\/interaktion\/\">[FRAGE an den Referenten stellen]<\/a><\/p>\n<\/blockquote>\n<p style=\"text-align: right;\"><span style=\"color: #ffffff;\">_<\/span><\/p>\n<p style=\"text-align: right;\"><span style=\"color: #ffffff;\">.<\/span><\/p>\n<p style=\"text-align: right;\"><span style=\"color: #ffffff;\">_<\/span><\/p>\n<blockquote><p><a href=\"https:\/\/expertentagung.info\/digital-rail-2023\/interaktion\/\" target=\"_blank\" rel=\"noopener\"><img loading=\"lazy\" decoding=\"async\" class=\"alignnone\" src=\"https:\/\/technik-netzwerk.de\/fileserver-zentrale\/2023\/Digital-Rail-2023-Wilbrecht-TU-Dresden-800px.png\" alt=\"\" width=\"602\" height=\"425\"><\/a><\/p>\n<p>Dipl.-Ing. Sebastian WILBRECHT<\/p>\n<p>&#8211; Gesch\u00e4ftsf\u00fchrender Gesellschafter &#8211; Pioneta GmbH; Dresden<\/p>\n<p style=\"text-align: right;\"><a class=\"fasc-button fasc-size-xsmall fasc-type-popout fasc-ico-before dashicons-editor-help fasc-style-bold\" style=\"background-color: #cccccc; color: #000000;\" target=\"_blank\" rel=\"noopener\" href=\"https:\/\/expertentagung.info\/digital-rail-2023\/interaktion\/\">[FRAGE an den Referenten stellen]<\/a><\/p>\n<\/blockquote>\n<p style=\"text-align: right;\"><span style=\"color: #ffffff;\">_<\/span><\/p>\n<p style=\"text-align: right;\"><span style=\"color: #ffffff;\">.<\/span><\/p>\n<p style=\"text-align: right;\"><span style=\"color: #ffffff;\">_<\/span><\/p>\n<blockquote><p><a href=\"https:\/\/expertentagung.info\/digital-rail-2023\/interaktion\/\" target=\"_blank\" rel=\"noopener\"><img loading=\"lazy\" decoding=\"async\" class=\"alignnone\" src=\"https:\/\/technik-netzwerk.de\/fileserver-zentrale\/2023\/Digital-Rail-2023-Wild-DB-Systemtechnik-800px.png\" alt=\"\" width=\"598\" height=\"422\"><\/a><\/p>\n<p>Dr. Eric WILD<\/p>\n<p>&#8211; Fachreferent f\u00fcr mechanisierte Pr\u00fcfsysteme f\u00fcr Radsatzwellen mit L\u00e4ngsbohrung (TT.TVI &#8211; Instandhaltung)-<\/p>\n<p>DB Systemtechnik GmbH; Brandenburg-Kirchm\u00f6ser<\/p>\n<p style=\"text-align: right;\"><a class=\"fasc-button fasc-size-xsmall fasc-type-popout fasc-ico-before dashicons-editor-help fasc-style-bold\" style=\"background-color: #cccccc; color: #000000;\" target=\"_blank\" rel=\"noopener\" href=\"https:\/\/expertentagung.info\/digital-rail-2023\/interaktion\/\">[FRAGE an den Referenten stellen]<\/a><\/p>\n<\/blockquote>\n<p style=\"text-align: right;\"><span style=\"color: #ffffff;\">_<\/span><\/p>\n<p style=\"text-align: right;\"><span style=\"color: #ffffff;\">.<\/span><\/p>\n<p style=\"text-align: right;\"><span style=\"color: #ffffff;\">_<\/span><\/p>\n<blockquote><p><a href=\"https:\/\/expertentagung.info\/digital-rail-2023\/interaktion\/\" target=\"_blank\" rel=\"noopener\"><img loading=\"lazy\" decoding=\"async\" class=\"alignnone\" src=\"https:\/\/technik-netzwerk.de\/fileserver-zentrale\/2023\/Digital-Rail-2023-Willms-ITK-800px.png\" alt=\"\" width=\"598\" height=\"422\"><\/a><\/p>\n<p>Lennart WILLMS<\/p>\n<p>&#8211; Fachexperte &amp; Business Development Smart Maintenance Rail &#8211; ITK&nbsp; Engineering GmbH; R\u00fclzheim et al.<\/p>\n<p style=\"text-align: right;\"><a class=\"fasc-button fasc-size-xsmall fasc-type-popout fasc-ico-before dashicons-editor-help fasc-style-bold\" style=\"background-color: #cccccc; color: #000000;\" target=\"_blank\" rel=\"noopener\" href=\"https:\/\/expertentagung.info\/digital-rail-2023\/interaktion\/\">[FRAGE an den Referenten stellen]<\/a><\/p>\n<\/blockquote>\n<p style=\"text-align: right;\"><span style=\"color: #ffffff;\">_<\/span><\/p>\n<p style=\"text-align: right;\"><span style=\"color: #ffffff;\">.<\/span><\/p>\n<p style=\"text-align: right;\"><span style=\"color: #ffffff;\">_<\/span><\/p>\n<blockquote><p><a href=\"https:\/\/expertentagung.info\/digital-rail-2023\/interaktion\/\" target=\"_blank\" rel=\"noopener\"><img loading=\"lazy\" decoding=\"async\" class=\"alignnone\" src=\"https:\/\/technik-netzwerk.de\/fileserver-zentrale\/2023\/Digital-Rail-2023-SCHULZ-Arbeitskreis-Bahn-Digitalisierung-info-800px.png\" alt=\"\" width=\"599\" height=\"423\"><\/a><\/p>\n<p>N.N.<\/p>\n<p>&#8211; Arbeitskreis Bahn-Digitalisierung; Berlin<\/p>\n<p style=\"text-align: right;\"><a class=\"fasc-button fasc-size-xsmall fasc-type-popout fasc-ico-before dashicons-editor-help fasc-style-bold\" style=\"background-color: #cccccc; color: #000000;\" target=\"_blank\" rel=\"noopener\" href=\"https:\/\/expertentagung.info\/digital-rail-2023\/interaktion\/\">[FRAGE an den Referenten stellen]<\/a><\/p>\n<\/blockquote>\n<p style=\"text-align: right;\"><span style=\"color: #ffffff;\">_<\/span><\/p>\n<p style=\"text-align: right;\"><span style=\"color: #ffffff;\">.<\/span><\/p>\n<p style=\"text-align: right;\"><span style=\"color: #ffffff;\">_<\/span><\/p>\n<blockquote><p><a href=\"https:\/\/expertentagung.info\/digital-rail-2023\/interaktion\/\" target=\"_blank\" rel=\"noopener\"><img loading=\"lazy\" decoding=\"async\" class=\"alignnone\" src=\"https:\/\/technik-netzwerk.de\/fileserver-zentrale\/2023\/Digital-Rail-2023-Wienholt-IABG-800px.png\" alt=\"\" width=\"598\" height=\"422\"><\/a><\/p>\n<p>Dr. Willfried WIENHOLT<\/p>\n<p>&#8211; Ressortleiter InfoKom &#8211; &nbsp;[IABG; Industrieanlagen-Betriebsgesellschaft mbH; Ottobrunn<\/p>\n<p style=\"text-align: right;\"><a class=\"fasc-button fasc-size-xsmall fasc-type-popout fasc-ico-before dashicons-editor-help fasc-style-bold\" style=\"background-color: #cccccc; color: #000000;\" target=\"_blank\" rel=\"noopener\" href=\"https:\/\/expertentagung.info\/digital-rail-2023\/interaktion\/\">[FRAGE an den Referenten stellen]<\/a><\/p>\n<\/blockquote>\n<p style=\"text-align: right;\"><span style=\"color: #ffffff;\">_<\/span><\/p>\n<p style=\"text-align: right;\"><span style=\"color: #ffffff;\">.<\/span><\/p>\n<p style=\"text-align: right;\"><span style=\"color: #ffffff;\">&nbsp;<\/span><\/p>\n<hr>\n<p>&nbsp;<\/p>\n<p style=\"text-align: right;\"><span style=\"color: #ffffff;\">_<\/span><\/p>\n<p style=\"text-align: center;\">Tagungsprogramm \/ Tagungsprospekt zum Download:<\/p>\n<p>&nbsp;<\/p>\n<p><a href=\"https:\/\/expertentagung.info\/download\/digital-rail.pdf\" target=\"_blank\" rel=\"noopener\"><img loading=\"lazy\" decoding=\"async\" class=\"aligncenter\" src=\"https:\/\/expertentagung.info\/download\/digital-rail-2023\/digital-rail_Seite_01.png\" alt=\"\" width=\"599\" height=\"848\"><\/a><\/p>\n<p>&nbsp;<\/p>\n<p style=\"text-align: center;\">Tagungshomepage:<\/p>\n<p style=\"text-align: center;\"><a class=\"fasc-button fasc-size-large fasc-type-flat fasc-style-bold\" style=\"background-color: #ff0000; color: #ffffff;\" href=\"https:\/\/expertentagung.info\/digital-rail-2023\">https:\/\/expertentagung.info\/digital-rail-2023<\/a><\/p>\n<p>&nbsp;<\/p>\n<p>&nbsp;<\/p>\n","protected":false},"excerpt":{"rendered":"<p>7. Expertentagung BAHN-DIGITALISIERUNG Digital-Rail 2023 &nbsp; &#8211; REFERENTENLISTE &#8211; Referenten, Co-Referenten bzw. Co-Autoren von A &#8211; Z . _ Dr. Kai BORGWARTH &#8211; Leiter Marketing &amp; Vertrieb &#8211; embeX GmbH; Transportation &amp; Mobile Automation; Freiburg\/Breisgau [FRAGE an den Referenten stellen] . _ Dipl.-Ing. Nils DUBE &#8211; Leiter Business Line Engineering (TT.TVE) &#8211; DB Systemtechnik GmbH; [&hellip;]<\/p>\n","protected":false},"author":1,"featured_media":0,"parent":0,"menu_order":0,"comment_status":"closed","ping_status":"closed","template":"","meta":{"footnotes":""},"class_list":["post-329","page","type-page","status-publish","hentry"],"_links":{"self":[{"href":"https:\/\/expertentagung.info\/digital-rail-2023\/wp-json\/wp\/v2\/pages\/329","targetHints":{"allow":["GET"]}}],"collection":[{"href":"https:\/\/expertentagung.info\/digital-rail-2023\/wp-json\/wp\/v2\/pages"}],"about":[{"href":"https:\/\/expertentagung.info\/digital-rail-2023\/wp-json\/wp\/v2\/types\/page"}],"author":[{"embeddable":true,"href":"https:\/\/expertentagung.info\/digital-rail-2023\/wp-json\/wp\/v2\/users\/1"}],"replies":[{"embeddable":true,"href":"https:\/\/expertentagung.info\/digital-rail-2023\/wp-json\/wp\/v2\/comments?post=329"}],"version-history":[{"count":6,"href":"https:\/\/expertentagung.info\/digital-rail-2023\/wp-json\/wp\/v2\/pages\/329\/revisions"}],"predecessor-version":[{"id":370,"href":"https:\/\/expertentagung.info\/digital-rail-2023\/wp-json\/wp\/v2\/pages\/329\/revisions\/370"}],"wp:attachment":[{"href":"https:\/\/expertentagung.info\/digital-rail-2023\/wp-json\/wp\/v2\/media?parent=329"}],"curies":[{"name":"wp","href":"https:\/\/api.w.org\/{rel}","templated":true}]}}