{"id":69,"date":"2021-10-06T17:38:59","date_gmt":"2021-10-06T15:38:59","guid":{"rendered":"https:\/\/expertentagung.info\/digital-rail-2021\/?page_id=69"},"modified":"2021-11-16T17:17:32","modified_gmt":"2021-11-16T16:17:32","slug":"fachprogramm-konferenztag-1","status":"publish","type":"page","link":"https:\/\/expertentagung.info\/digital-rail-2021\/fachprogramm-konferenztag-1\/","title":{"rendered":"Fachprogramm Konferenztag 1"},"content":{"rendered":"<p>DIGITAL-RAIL 2021<\/p>\n<h2>Fachprogramm am Mittwoch, 24.11.2021 <strong>(Vormittag)<\/strong><\/h2>\n<p>&nbsp;<\/p>\n<p>&nbsp;<\/p>\n<p><strong>[[ 0<\/strong><strong>8:00 &#8211; 09:25 Uhr ]] = CHECK-IN <\/strong><\/p>\n<p>&nbsp;<\/p>\n<blockquote><p><strong>Networking #1<\/strong><\/p>\n<p><strong>Begr\u00fc\u00dfungskaffee &amp; <\/strong><\/p>\n<p><strong>COME TOGETHER <\/strong><\/p><\/blockquote>\n<p>&nbsp;<\/p>\n<p><span style=\"color: #ffffff;\"><strong><span style=\"background-color: #ff0000;\">DIGITAL-RAIL 2021: Bahn-Digitalisierung und Automatisierung<\/span> <\/strong><\/span><\/p>\n<p><span style=\"color: #ff0000;\">Begr\u00fc\u00dfung und thematische Einf\u00fchrung zur 6. Expertentagung DIGITAL-RAIL 2021<\/span><\/p>\n<p><span style=\"color: #ff0000;\">&amp; F\u00fcnfundzwanzig Jahre IFV Bahntechnik e.V.<\/span><\/p>\n<p>Dipl.-Volkswirt Eckhard <strong><u>SCHULZ<\/u><\/strong> &#8211; Vereinsgesch\u00e4ftsf\u00fchrer &#8211; [Interdisziplin\u00e4rer Forschungsverbund Bahntechnik e.V.; Berlin]<\/p>\n<p>&nbsp;<\/p>\n<p>&nbsp;<\/p>\n<p><span style=\"color: #ffffff;\"><strong><span style=\"background-color: #ff0000;\">DIGITAL-RAIL 2021: Kooperationsveranstaltung DB Systemtechnik &amp; IFV<\/span> <\/strong><\/span><\/p>\n<p><span style=\"color: #ff0000;\">Gru\u00dfwort zur 6. Expertentagung DIGITAL-RAIL 2021<\/span><\/p>\n<p><span style=\"color: #ff0000;\">&amp; Zehn Jahre DB Systemtechnik GmbH<\/span><\/p>\n<p>Diplom-Ingenieur Christoph <strong><u>KIRSCHINGER<\/u><\/strong> &#8211; Gesch\u00e4ftsf\u00fchrer Vertrieb &#8211; [DB Systemtechnik GmbH; M\u00fcnchen et al.]<\/p>\n<p>&nbsp;<\/p>\n<p>&nbsp;<\/p>\n<p><span style=\"background-color: #ff0000; color: #ffffff;\"><strong>Digitalisierung der Eisenbahnen in Deutschland<br \/>\n<\/strong><\/span><\/p>\n<p><span style=\"color: #ff0000;\">Bahn-Digitalisierung aus der Sicht des Bundesverkehrsministeriums<\/span><\/p>\n<p>Dipl.-Ing. Mattias <strong><u>POTRAFKE<\/u> <\/strong>&#8211; Leiter des Referats E 15 (Digitalisierung Eisenbahnen) &#8211; [Bundesministerium f\u00fcr Verkehr und Digitale Infrastruktur (BMVI); Bonn]<\/p>\n<p>&nbsp;<\/p>\n<p>&nbsp;<\/p>\n<p><span style=\"color: #ffffff;\"><strong><span style=\"background-color: #ff0000;\">Business Cases der Bahn-Digitalisierung, ver\u00e4nderte Rollen und neue Qualifikationen:<\/span> <\/strong><\/span><\/p>\n<p><span style=\"color: #ff0000;\">Wer profitiert von der Digitalisierung von Betriebserfahrungen im Bahnbetrieb und wie kann die Bahn-Digitalisierung funktionieren? (Mit praxisnahen Beispielen aus dem SGV)<\/span><\/p>\n<p>Prof. Dr. Raphael <strong><u>PFAFF<\/u><\/strong> &#8211; Schienenfahrzeugtechnik, Fachbereich Maschinenbau u. Mechatronik &#8211; [Fachhochschule Aachen]<\/p>\n<p>&nbsp;<\/p>\n<blockquote><p><strong>Networking&nbsp; #2<\/strong><\/p>\n<p><strong>=<\/strong><strong> Kaffeepause =&nbsp; <\/strong><\/p><\/blockquote>\n<p>&nbsp;<\/p>\n<p><span style=\"color: #ffffff;\"><strong><span style=\"background-color: #ff0000;\">Smarte Sensortechnik und Bahn-Digitalisierung<\/span> <\/strong><\/span><\/p>\n<p>Renate <strong><u>BAY<\/u><\/strong> &#8211; Gesch\u00e4ftsf\u00fchrende Gesellschafterin &#8211; [ASC GmbH; Pfaffenhofen \/ Ilm];<\/p>\n<p>Dr.-Ing. Klaus Ulrich <strong><u>WOLTER<\/u><\/strong> &#8211; Fahrzeugseitiges Infrastrukturmonitoring &#8211; [DB Systemtechnik GmbH; M\u00fcnchen]<\/p>\n<p>&nbsp;<\/p>\n<p>&nbsp;<\/p>\n<p><span style=\"color: #ffffff;\"><strong><span style=\"background-color: #ff0000;\">Berechnung des Radprofilverschlei\u00df durch Mehrk\u00f6rpersimulation (MKS):<\/span> <\/strong><\/span><\/p>\n<p><span style=\"color: #ff0000;\">Entwicklung von formstabilen Profilen am Beispiel ICT<\/span><\/p>\n<p>Dipl.-Ing. Clemens <strong><u>H\u00d6PPE<\/u><\/strong> &#8211; Stellv. Leiter TT.TVP 25 &#8211; (Simulation Gesamtfahrzeug) &#8211; [DB Systemtechnik GmbH; Minden]<\/p>\n<p>&nbsp;<\/p>\n<p><strong>[[ <\/strong><strong>12:50 &#8211; 13:50 Uhr ]] = Mittagspause<br \/>\n<\/strong><\/p>\n<p>&nbsp;<\/p>\n<blockquote><p><strong>Networking&nbsp; #3<\/strong><\/p>\n<p><strong><span style=\"background-color: #ff0000; color: #ffffff;\">DIGITAL-RAIL 2021<\/span><\/strong><\/p>\n<p><span style=\"color: #ff0000;\"><strong>Tagungsbegleitende Fachausstellung im Foyer von DB Systemtechnik GmbH in M\u00fcnchen<\/strong><\/span><\/p>\n<p>Networking-Coffee \/ Aktive Networking-Pause<\/p><\/blockquote>\n<p>&nbsp;<\/p>\n<p>&nbsp;<\/p>\n<h2 style=\"text-align: center;\">Fachprogramm am Mittwoch, 24.11.2021 <strong>(Nachmittag)<\/strong><\/h2>\n<p>&nbsp;<\/p>\n<p>&nbsp;<\/p>\n<p><span style=\"background-color: #ff0000; color: #ffffff;\"><strong>ATO Freight: <\/strong><\/span><\/p>\n<p><span style=\"color: #ff0000;\">Vorstellung der DB Cargo ATO Strategie; Tests und aktuelle Projekte; Lessons learned aus bisherigen ATO Entwicklungen (ATO Betuweroute)<\/span><\/p>\n<p>&nbsp;Dipl.-Ing. Baseliyos <strong><u>JACOB<\/u><\/strong> (MBA) &#8211; Senior Engineer ATO\/ETCS &#8211; [DB Cargo AG (Asset &amp; Technology); M\u00fcnchen]<\/p>\n<p>&nbsp;<\/p>\n<p>&nbsp;<\/p>\n<p><span style=\"background-color: #ff0000; color: #ffffff;\"><strong>Digitales Testfeld Bahn der Digitalen Schiene Deutschland: <\/strong><\/span><\/p>\n<p><span style=\"color: #ff0000;\">Neue Einsatzm\u00f6glichkeiten f\u00fcr das Reallabor f\u00fcr Forschung, Entwicklung und Erprobung von Innovationen im Kontext von Digitalisierung und Automatisierung des Bahnsystems<\/span><\/p>\n<p>Diplom-Wirtschaftsinformatiker Raik <strong><u>HOFFMANN<\/u><\/strong> (Master of Computer Science) &#8211; Koordinator Digitales Testfeld Bahn (Living Lab Bahn, I.NAT 331) &#8211; [DB Netz AG; Annaberg et al.]<\/p>\n<p>&nbsp;<\/p>\n<p>&nbsp;<\/p>\n<blockquote><p><strong>Networking&nbsp; #4<\/strong><\/p>\n<p><strong>=<\/strong><strong>&nbsp; Kaffeepause = <\/strong><\/p><\/blockquote>\n<p>&nbsp;<\/p>\n<p>&nbsp;<\/p>\n<p><span style=\"background-color: #ff0000; color: #ffffff;\"><strong>Security for Safety: <\/strong><\/span><\/p>\n<p><span style=\"color: #ff0000;\">Was ist im Bahnbereich gr\u00f6\u00dfer &#8211; die Herausforderungen oder der Werkzeugkasten?<\/span><\/p>\n<p>Dr. Kai <strong><u>BORGWARTH <\/u><\/strong>&#8211; Leiter Marketing und Vertrieb (Transportation) &#8211; [embeX GmbH; Freiburg \/ Br.]<\/p>\n<p>&nbsp;<\/p>\n<p>&nbsp;<\/p>\n<p><span style=\"background-color: #ff0000; color: #ffffff;\"><strong>Security f\u00fcr den \u00d6PNV: <\/strong><\/span><\/p>\n<p><span style=\"color: #ff0000;\">Bahnhofsbetriebsmanagementsystem der n\u00e4chsten Generation; Use Cases der Management Suite Synergy<\/span><\/p>\n<p>Dipl.-Phys. J\u00fcrgen <strong><u>FUCHS<\/u><\/strong> &#8211; Prokurist &#8211; [Synectic Systems GmbH; Berlin et al.]<\/p>\n<p>&nbsp;<\/p>\n<p>&nbsp;<\/p>\n<p><span style=\"background-color: #ff0000; color: #ffffff;\"><strong>Digitalisierte Mobilit\u00e4t: <\/strong><\/span><\/p>\n<p><span style=\"color: #ff0000;\">Technische Herausforderungen der Bahn-Digitalisierung und wirtschaftliche Aspekte Automatisierung im Bahn- bzw. Verkehrssektor<\/span><\/p>\n<p>Dipl.-Volkswirt Eckhard <strong><u>SCHULZ<\/u><\/strong> &#8211; Leading Consultant \/ Certified-Consultant.com &#8211; [IFV Beratung und Service GmbH; Gau-Bischofsheim \/ Mainz]<\/p>\n<p>&nbsp;<\/p>\n<p>&nbsp;<\/p>\n<p><strong>[[ <\/strong><strong>ca. 17:15 Uhr ]] = Ende des Fachprogramms (Tag 1, Mittwoch, 24.11.2021)<\/strong><\/p>\n<p>&nbsp;<\/p>\n<p>&nbsp;<\/p>\n<blockquote><p><strong>Rahmenprogramm am Mittwoch, 24. November 2021 (ca. 19:00 ~ 22:00 Uhr)<\/strong><\/p>\n<ul>\n<li><span style=\"background-color: #ff0000; color: #ffffff;\"><strong>VISITENKARTEN-ABEND in einem Spezialit\u00e4tenrestaurant in M\u00fcnchen<\/strong><\/span><\/li>\n<li><span style=\"color: #ff0000;\">NETWORKING-EVENT f\u00fcr Referenten, Tagungsteilnehmer und Aussteller<\/span><\/li>\n<li>Systematisches Networking #5<\/li>\n<\/ul>\n<\/blockquote>\n<p>&nbsp;<\/p>\n<hr>\n<p>&nbsp;<\/p>\n<p>&gt;&gt;&gt; <a class=\"fasc-button fasc-size-medium fasc-type-flat fasc-rounded-medium ico-fa fasc-ico-before fa-caret-square-o-right\" style=\"background-color: #afafaf; color: #ffffff;\" href=\"https:\/\/expertentagung.info\/digital-rail-2021\/fachprogramm-konferenztag-2\/\">WEITER zum Fachprogramm am 2. Konferenztag<\/a><\/p>\n<p>&nbsp;<\/p>\n<p>&gt;&gt;&gt; <a class=\"fasc-button fasc-size-medium fasc-type-popout fasc-rounded-medium fasc-ico-before dashicons-cart fasc-style-bold\" style=\"background-color: #ff0000; color: #ffffff;\" target=\"_blank\" rel=\"noopener\" href=\"https:\/\/expertentagung.info\/digital-rail-2021\/anmeldung\/\">Weiter zur TEILNEHMER-ANMELDUNG<\/a><\/p>\n<p>&nbsp;<\/p>\n<p>&nbsp;<\/p>\n","protected":false},"excerpt":{"rendered":"<p>DIGITAL-RAIL 2021 Fachprogramm am Mittwoch, 24.11.2021 (Vormittag) &nbsp; &nbsp; [[ 08:00 &#8211; 09:25 Uhr ]] = CHECK-IN &nbsp; Networking #1 Begr\u00fc\u00dfungskaffee &amp; COME TOGETHER &nbsp; DIGITAL-RAIL 2021: Bahn-Digitalisierung und Automatisierung Begr\u00fc\u00dfung und thematische Einf\u00fchrung zur 6. Expertentagung DIGITAL-RAIL 2021 &amp; F\u00fcnfundzwanzig Jahre IFV Bahntechnik e.V. Dipl.-Volkswirt Eckhard SCHULZ &#8211; Vereinsgesch\u00e4ftsf\u00fchrer &#8211; [Interdisziplin\u00e4rer Forschungsverbund Bahntechnik e.V.; [&hellip;]<\/p>\n","protected":false},"author":1,"featured_media":0,"parent":0,"menu_order":0,"comment_status":"closed","ping_status":"closed","template":"","meta":{"footnotes":""},"class_list":["post-69","page","type-page","status-publish","hentry"],"_links":{"self":[{"href":"https:\/\/expertentagung.info\/digital-rail-2021\/wp-json\/wp\/v2\/pages\/69","targetHints":{"allow":["GET"]}}],"collection":[{"href":"https:\/\/expertentagung.info\/digital-rail-2021\/wp-json\/wp\/v2\/pages"}],"about":[{"href":"https:\/\/expertentagung.info\/digital-rail-2021\/wp-json\/wp\/v2\/types\/page"}],"author":[{"embeddable":true,"href":"https:\/\/expertentagung.info\/digital-rail-2021\/wp-json\/wp\/v2\/users\/1"}],"replies":[{"embeddable":true,"href":"https:\/\/expertentagung.info\/digital-rail-2021\/wp-json\/wp\/v2\/comments?post=69"}],"version-history":[{"count":3,"href":"https:\/\/expertentagung.info\/digital-rail-2021\/wp-json\/wp\/v2\/pages\/69\/revisions"}],"predecessor-version":[{"id":102,"href":"https:\/\/expertentagung.info\/digital-rail-2021\/wp-json\/wp\/v2\/pages\/69\/revisions\/102"}],"wp:attachment":[{"href":"https:\/\/expertentagung.info\/digital-rail-2021\/wp-json\/wp\/v2\/media?parent=69"}],"curies":[{"name":"wp","href":"https:\/\/api.w.org\/{rel}","templated":true}]}}