{"id":65,"date":"2021-10-06T17:36:14","date_gmt":"2021-10-06T15:36:14","guid":{"rendered":"https:\/\/expertentagung.info\/digital-rail-2021\/?page_id=65"},"modified":"2021-11-16T15:10:09","modified_gmt":"2021-11-16T14:10:09","slug":"fachprogramm-konferenztag-2","status":"publish","type":"page","link":"https:\/\/expertentagung.info\/digital-rail-2021\/fachprogramm-konferenztag-2\/","title":{"rendered":"Fachprogramm Konferenztag 2"},"content":{"rendered":"<p>DIGITAL-RAIL 2021<\/p>\n<h2>Fachprogramm am Donnerstag, 25.11.2021 <strong>(Vormittag)<\/strong><\/h2>\n<p>&nbsp;<\/p>\n<p>&nbsp;<\/p>\n<p><strong>[[ <\/strong><strong>08:00 &#8211; 08:55 Uhr]]&nbsp; CHECK-IN<\/strong><\/p>\n<p>&nbsp;<\/p>\n<blockquote><p><strong>Networking #6<\/strong><\/p>\n<p><strong>= Begr\u00fc\u00dfungskaffee =&nbsp; <\/strong><\/p>\n<p><strong>COME TOGETHER <\/strong><\/p><\/blockquote>\n<p>&nbsp;<\/p>\n<p>&nbsp;<\/p>\n<p><span style=\"color: #ffffff;\"><strong><span style=\"background-color: #ff0000;\">Vernetzung im Bereich der Bahn-Digitalisierung:<\/span> <\/strong><\/span><\/p>\n<p><span style=\"color: #ff0000;\">Synergie-Effekte durch systematische Netzwerkbildung im Bahn- und Verkehrsbereich<\/span><\/p>\n<p>Dipl.-Volkswirt Eckhard <strong><u>SCHULZ<\/u><\/strong> &#8211; [Arbeitskreis Bahn-Digitalisierung; Berlin] et al.<\/p>\n<p>&nbsp;<\/p>\n<p>&nbsp;<\/p>\n<p><span style=\"background-color: #ff0000; color: #ffffff;\"><strong>CAF&#8217;S Digital Depot:<\/strong><\/span><\/p>\n<p><span style=\"color: #ff0000;\">Digital approach to Rolling Stock Maintenance<\/span><\/p>\n<p>Luis Fern\u00e1ndez <strong><u>DE BARRENA<\/u><\/strong> (Industrial Engineer, MBA) &#8211; Business Development Manager &#8211; [CAF Digital Services.; Irun, Pa\u00eds Vasco, Spanien]<\/p>\n<p>&nbsp;<\/p>\n<p>&nbsp;<\/p>\n<p><span style=\"color: #ffffff;\"><strong><span style=\"background-color: #ff0000;\">Digitale Instandhaltung im Systemverbund Bahn &#8211; Starke Schiene Deutschland:<\/span> <\/strong><\/span><\/p>\n<p><span style=\"color: #ff0000;\">Sichere Vernetzung von OT und IT: Security, Safety, Instandhaltung, CBM<\/span><\/p>\n<p>Dipl.-Ing. Philipp <strong><u>NIENHEYSEN<\/u><\/strong> &#8211; Senior Digital Consultant (Business Line Digitale Produkte &amp; Services (TT.TVD)) &#8211; [DB Systemtechnik GmbH; Frankfurt \/ M.]<\/p>\n<p>&nbsp;<\/p>\n<p style=\"text-align: center;\">&nbsp;<\/p>\n<p><span style=\"color: #ffffff;\"><strong><span style=\"background-color: #ff0000;\">Vorausschauende Instandhaltung von Stra\u00dfenbahnen:<\/span> <\/strong><\/span><\/p>\n<p><span style=\"color: #ff0000;\">Nutzung von digital erfassten Messungen der Radprofile zur Prognose der verbleibenden Laufleistung und entsprechende Umsetzung in der Werkstattplanung (PM), Data Mining, Prognose<\/span><\/p>\n<p>Dipl.-Ing. Thomas <strong><u>WEBER<\/u><\/strong> &#8211; Sachverst\u00e4ndiger f\u00fcr Schienenfahrzeuge, Stellvertretender Leiter Dynamik &#8211; [LogoMotive GmbH; N\u00fcrnberg];<\/p>\n<p>Dipl.-Ing. Stephan <strong>LESSER <\/strong>&#8211; Ingenieur f\u00fcr Fahrzeugtechnik, Mechanik &#8211; [Berliner Verkehrsbetriebe (BVG) &#8211; A\u00f6R); Berlin]<\/p>\n<p>&nbsp;<\/p>\n<p><strong>&nbsp;<\/strong><\/p>\n<blockquote><p><strong>Networking&nbsp; #7<\/strong><\/p>\n<p><strong>= Kaffeepause=<\/strong><\/p><\/blockquote>\n<p>&nbsp;<\/p>\n<p>&nbsp;<\/p>\n<p><span style=\"color: #ffffff;\"><strong><span style=\"background-color: #ff0000;\">Datenaufbereitung mit Kopf &#8211; fachlicher Schl\u00fcssel f\u00fcr die Digitalisierung:<\/span> <\/strong><\/span><\/p>\n<p><span style=\"color: #ff0000;\">Generisches Datenmodell (GDM) als fachlicher Schl\u00fcssel f\u00fcr die Erschlie\u00dfung digitaler Daten der Schienenfahrzeuge sowie universelles Datengateway (UDG) als Datendrehscheibe der DB AG<\/span><\/p>\n<p>Daniel <strong><u>M\u00dcLLER<\/u><\/strong> (Master of Science) &#8211; Leiter IT-Nutzung, Diagnose, Daten (TT.TVE) &#8211; [DB Systemtechnik GmbH); Frankfurt \/ M.]<\/p>\n<p>&nbsp;<\/p>\n<p style=\"text-align: center;\">&nbsp;<\/p>\n<p><span style=\"background-color: #ff0000; color: #ffffff;\"><strong>Zerst\u00f6rungsfreie Pr\u00fcfung &#8211; ZfP 4.0:<\/strong><\/span><\/p>\n<p><span style=\"color: #ff0000;\">Die ZfP im Zeichen der Digitalisierung; IT-Anforderungen an mechanisierte Pr\u00fcfanlagen und aktuelle Entwicklungen<\/span><\/p>\n<p>Dr.-Ing. Eric <strong><u>WILD<\/u><\/strong> &#8211; Fachreferent f\u00fcr mechanisierte Pr\u00fcfsysteme f\u00fcr Radsatzwellen mit L\u00e4ngsbohrung (TT.TVI 2(2));<\/p>\n<p>Dr.-Ing. Jochen <strong>KURZ<\/strong> &#8211; Leiter der Abteilung Zerst\u00f6rungsfreie Pr\u00fcfung und Pr\u00fcfsysteme (TT.TVI);<\/p>\n<p>Dipl.-Ing. Thomas <strong>OELSCHL\u00c4GEL<\/strong> &#8211; Leiter der Arbeitsgruppe Mechanisierte Pr\u00fcfsysteme &#8211; [DB Systemtechnik GmbH; Brandenburg-Kirchm\u00f6ser]<\/p>\n<p>&nbsp;<\/p>\n<p style=\"text-align: center;\">&nbsp;<\/p>\n<p><strong>[[ <\/strong><strong>12:25 &#8211; 13:35&nbsp; Uhr]]&nbsp; Mittagspause<\/strong><\/p>\n<blockquote><p>&nbsp;<\/p>\n<p><strong>Networking&nbsp; #8<\/strong><\/p>\n<p><span style=\"background-color: #ff0000; color: #ffffff;\"><strong>DIGITAL-RAIL 2021<\/strong><\/span><\/p>\n<p><span style=\"color: #ff0000;\">Tagungsbegleitende Fachausstellung im Foyer von DB Systemtechnik GmbH in M\u00fcnchen<\/span><\/p>\n<p>Networking-Coffee \/ Aktive Networking-Pause<\/p><\/blockquote>\n<p>&nbsp;<\/p>\n<p>&nbsp;<\/p>\n<p>&nbsp;<\/p>\n<h2 style=\"text-align: center;\">Fachprogramm am Donnerstag, 25.11.2021 <strong>(Nachmittag)<\/strong><\/h2>\n<p>&nbsp;<\/p>\n<p>&nbsp;<\/p>\n<p><span style=\"background-color: #ff0000; color: #ffffff;\"><strong>RAILEYE3D: Selbstabfertigungsassistent mit integrierter K\u00fcnstlicher Intelligenz:<\/strong><\/span><\/p>\n<p><span style=\"color: #ff0000;\">Erfahrungsberichte von KI-basierter Umgebungs\u00fcberwachung von Z\u00fcgen in der praktischen Anwendung bei Vollbahnen und Stra\u00dfenbahnen<\/span><\/p>\n<p>Dipl. Ing. Johannes <strong><u>TRAXLER<\/u><\/strong> &#8211; Gesch\u00e4ftsf\u00fchrer &#8211; [EYYES GmbH; Gedersdorf, \u00d6sterreich]<\/p>\n<p>&nbsp;<\/p>\n<p style=\"text-align: center;\">&nbsp;<\/p>\n<p><span style=\"color: #ffffff;\"><strong><span style=\"background-color: #ff0000;\">Das digitale Rechenzentrum im Fahrzeug:<\/span> <\/strong><\/span><\/p>\n<p><span style=\"color: #ff0000;\">Der Weg zur sicheren, einfachen und komfortablen Datenkommunikation mit den Fahrzeugen<\/span><\/p>\n<p>Peter&nbsp; <strong><u>HONEDER<\/u><\/strong> &#8211; CTO &#8211; [Unwired Networks GmbH; Wien]<\/p>\n<p>&nbsp;<\/p>\n<p style=\"text-align: center;\"><strong>&nbsp;<br \/>\n<\/strong><\/p>\n<blockquote><p><strong>Networking&nbsp; #9<\/strong><\/p>\n<p><strong>= Kaffeepause =<br \/>\n<\/strong><\/p><\/blockquote>\n<p>&nbsp;<\/p>\n<p style=\"text-align: center;\">&nbsp;<\/p>\n<p><span style=\"color: #ffffff;\"><strong><span style=\"background-color: #ff0000;\">Quo vadis Digital Rail? &#8211; Entwicklungslinien der Bahn-Digitalisierung:<\/span> <\/strong><\/span><\/p>\n<p><span style=\"color: #ff0000;\">R\u00fcckblick auf das bisher Erreichte und Ausblick auf zuk\u00fcnftig m\u00f6gliche Entwicklungsstufen<\/span><\/p>\n<p>Dr. rer. nat. (habil.) Elias <strong><u>DAHLHAUS<\/u><\/strong> &#8211; Privatdozent &#8211; [Fachgebiet Algorithmik, Fachbereich Informatik; Technische Universit\u00e4t Darmstadt] et al.<\/p>\n<p>&nbsp;<\/p>\n<p style=\"text-align: center;\">&nbsp;<\/p>\n<p><span style=\"background-color: #ff0000; color: #ffffff;\"><strong>DIGITAL-RAIL.com 2021: &nbsp;<\/strong><\/span><\/p>\n<p><span style=\"color: #ff0000;\">\u00d6konomische Bewertung der Digitalisierung und Automatisierung im Bahn-Sektor<\/span><\/p>\n<p>Dipl.-Volkswirt Eckhard <strong><u>SCHULZ<\/u><\/strong> &#8211; Vereinsgesch\u00e4ftsf\u00fchrer &#8211; [Interdisziplin\u00e4rer Forschungsverbund Bahntechnik e.V.; Berlin]<\/p>\n<p>&nbsp;<\/p>\n<p style=\"text-align: center;\">&nbsp;<\/p>\n<p><strong>\u009e<\/strong><strong> ca. 16:15&nbsp;&nbsp;&nbsp;&nbsp;&nbsp;&nbsp;&nbsp;&nbsp;&nbsp;&nbsp;&nbsp;&nbsp;&nbsp;&nbsp; Ende des Fachprogramms (Tag 2, Donnerstag, 25.11.2021)<\/strong><\/p>\n<p>&nbsp;<\/p>\n<blockquote><p><strong>Verabschiedung der Teilnehmer <\/strong><\/p>\n<p><strong>Finales Networking (im Foyer) #10 <\/strong><\/p><\/blockquote>\n<p>&nbsp;<\/p>\n<p style=\"text-align: center;\">&nbsp;<\/p>\n<p style=\"text-align: right;\">.<\/p>\n<hr>\n<p>&nbsp;<\/p>\n<p>&gt;&gt;&gt; <a class=\"fasc-button fasc-size-medium fasc-type-flat fasc-rounded-medium ico-fa fasc-ico-before fa-caret-square-o-left\" style=\"background-color: #afafaf; color: #ffffff;\" href=\" https:\/\/expertentagung.info\/digital-rail-2021\/fachprogramm-konferenztag-1\">ZUR\u00dcCK zum Fachprogramm am 1. Konferenztag<\/a><\/p>\n<p>&nbsp;<\/p>\n<p>&gt;&gt;&gt; <a class=\"fasc-button fasc-size-medium fasc-type-popout fasc-rounded-medium fasc-ico-before dashicons-cart fasc-style-bold\" style=\"background-color: #ff0000; color: #ffffff;\" target=\"_blank\" rel=\"noopener\" href=\"https:\/\/expertentagung.info\/digital-rail-2021\/anmeldung\/\">Weiter zur TEILNEHMER-ANMELDUNG<\/a><\/p>\n<p>&nbsp;<\/p>\n<p style=\"text-align: right;\">&nbsp;<\/p>\n","protected":false},"excerpt":{"rendered":"<p>DIGITAL-RAIL 2021 Fachprogramm am Donnerstag, 25.11.2021 (Vormittag) &nbsp; &nbsp; [[ 08:00 &#8211; 08:55 Uhr]]&nbsp; CHECK-IN &nbsp; Networking #6 = Begr\u00fc\u00dfungskaffee =&nbsp; COME TOGETHER &nbsp; &nbsp; Vernetzung im Bereich der Bahn-Digitalisierung: Synergie-Effekte durch systematische Netzwerkbildung im Bahn- und Verkehrsbereich Dipl.-Volkswirt Eckhard SCHULZ &#8211; [Arbeitskreis Bahn-Digitalisierung; Berlin] et al. &nbsp; &nbsp; CAF&#8217;S Digital Depot: Digital approach to [&hellip;]<\/p>\n","protected":false},"author":1,"featured_media":0,"parent":0,"menu_order":0,"comment_status":"closed","ping_status":"closed","template":"","meta":{"footnotes":""},"class_list":["post-65","page","type-page","status-publish","hentry"],"_links":{"self":[{"href":"https:\/\/expertentagung.info\/digital-rail-2021\/wp-json\/wp\/v2\/pages\/65","targetHints":{"allow":["GET"]}}],"collection":[{"href":"https:\/\/expertentagung.info\/digital-rail-2021\/wp-json\/wp\/v2\/pages"}],"about":[{"href":"https:\/\/expertentagung.info\/digital-rail-2021\/wp-json\/wp\/v2\/types\/page"}],"author":[{"embeddable":true,"href":"https:\/\/expertentagung.info\/digital-rail-2021\/wp-json\/wp\/v2\/users\/1"}],"replies":[{"embeddable":true,"href":"https:\/\/expertentagung.info\/digital-rail-2021\/wp-json\/wp\/v2\/comments?post=65"}],"version-history":[{"count":4,"href":"https:\/\/expertentagung.info\/digital-rail-2021\/wp-json\/wp\/v2\/pages\/65\/revisions"}],"predecessor-version":[{"id":100,"href":"https:\/\/expertentagung.info\/digital-rail-2021\/wp-json\/wp\/v2\/pages\/65\/revisions\/100"}],"wp:attachment":[{"href":"https:\/\/expertentagung.info\/digital-rail-2021\/wp-json\/wp\/v2\/media?parent=65"}],"curies":[{"name":"wp","href":"https:\/\/api.w.org\/{rel}","templated":true}]}}