{"id":51,"date":"2021-09-22T04:49:24","date_gmt":"2021-09-22T02:49:24","guid":{"rendered":"https:\/\/expertentagung.info\/digital-rail-2021\/?page_id=51"},"modified":"2021-11-16T14:16:47","modified_gmt":"2021-11-16T13:16:47","slug":"hygienekonzept","status":"publish","type":"page","link":"https:\/\/expertentagung.info\/digital-rail-2021\/hygienekonzept\/","title":{"rendered":"Hygienekonzept"},"content":{"rendered":"<p>&nbsp;<\/p>\n<h2>HYGIENEKONZEPT<\/h2>\n<p>&nbsp;<\/p>\n<div class=\" accordion-nyaw3o style2 magee-shortcode panel-group magee-accordion accordion-boxed\" role=\"tablist\" aria-multiselectable=\"yes\" id=\"accordion-nyaw3o\"> <div class=\"panel panel-default \" id=\"panelaccordion-nyaw3o-1\"><div class=\"panel-heading\" role=\"tab\" id=\"headingcollapseaccordion-nyaw3o-1\">\r\n\t\t\t\t<a class=\"accordion-toggle \" data-toggle=\"collapse\" data-parent=\"#accordion-nyaw3o\" href=\"#collapseaccordion-nyaw3o-1\" aria-expanded=\"true\" aria-controls=\"collapseaccordion-nyaw3o-1\">\r\n\t\t\t\t\t<h4 class=\"panel-title\">\r\n\t\t\t\t\t\t\tRegeln f\u00fcr die Expertentagung am 24. - 25. November 2021 in M\u00fcnchen\r\n\t\t\t\t\t<\/h4>\r\n\t\t\t\t<\/a>\r\n\t\t\t<\/div>\r\n\t\t\t<div id=\"collapseaccordion-nyaw3o-1\" class=\"panel-collapse collapse in\" role=\"tabpanel\" aria-labelledby=\"headingcollapseaccordion-nyaw3o-1\" aria-expanded=\"true\">\r\n\t\t\t\t<div class=\"panel-body\">\r\n\t\t\t\t\t\n<div data-post-id=\"84\" class=\"insert-page insert-page-84 \"><p>&nbsp;<\/p>\n<p><strong>Zum Schutz von Teilnehmern, Referenten, Mitarbeitern gilt folgendes Hygienekonzept f\u00fcr die Veranstaltung <span style=\"color: #ff0000;\">DIGITAL-RAIL 2021<\/span> in M\u00fcnchen:<\/strong><\/p>\n<p>&nbsp;<\/p>\n<p>(1.) Obligatorisch: <strong>Gesetzliche Regelungen (bzw. Anrordnungen) der <a href=\"https:\/\/www.bundesregierung.de\/breg-de\" target=\"_blank\" rel=\"noopener\">Bundesrepublik Deutschland<\/a>, des <a href=\"https:\/\/www.bayern.de\/\" target=\"_blank\" rel=\"noopener\">Feistaates Bayern<\/a> sowie der <a href=\"https:\/\/www.muenchen.de\/\" target=\"_blank\" rel=\"noopener\">Stadt M\u00fcnchen<\/a> als rechtlich zust\u00e4ndige Gebietsk\u00f6rperschaft.<\/strong><\/p>\n<p>&nbsp;<\/p>\n<p>(2.) Auf dem Gel\u00e4nde bzw. in den R\u00e4umlichkeiten von DB Systemtechnik GmbH gilt das Hausrecht und damit das <strong>Hygienekonzept von DB Systemtechnik GmbH<\/strong>. Auf Aush\u00e4nge ist zu achten &#8211; den Anweisungen des Personals ist Folge zu leisten.<\/p>\n<p>&nbsp;<\/p>\n<p>(3.) Die Veranstaltung findet nach aktuellem Planungsstand im <strong>&#8222;2G-Modus&#8220;<\/strong> statt. Das bedeutet: Zutritt nur f\u00fcr Genesene und Geimpfte, welche ihren jeweiligen COVID19-Status durch geeignete Dokumente nachweisen k\u00f6nnen. Der Veranstalter ist verpflichtet, personenbezogene Daten (Teilnehmerliste) mit den Status-Nachweisen f\u00fcr eine begrenzte Zeit vorzuhalten. (Nachverfolgung von Infektionen.) Es ist nicht unwahrscheindlich, dass der Zutrittsmodus auf &#8222;2G+&#8220; angehoben wird. Bedeutet, dass auch f\u00fcr Genesene &amp; Geimpfte ein tagesaktueller Corona-Test nachgewiesen und dokumentiert werden muss.<\/p>\n<p>&nbsp;<\/p>\n<p>(4.) Auch den Teilnehmern mit &#8222;2G-Status&#8220; wird empfohlen, sich durch einen <strong>aktuellen Corona-Test<\/strong> (Antigen- oder PCR-Test) zu vergewissern, dass keine &#8222;symptomfreie Infektion&#8220; vorliegt. Es ist nicht auszuschlie\u00dfen, dass ein entsprechender Testnachweis zum Zeitpunkt der Veranstaltung oblitagorisch wird. Bitte nutzen Sie die in M\u00fcnchen verf\u00fcgbaren Testeinrichtungen, wie auf der interaktiven Karte angezeigt &gt;&gt;&gt; <a href=\"https:\/\/www.testen-muenchen.de\/\" target=\"_blank\" rel=\"noopener\">https:\/\/www.testen-muenchen.de\/<\/a><\/p>\n<p>&nbsp;<\/p>\n<p>(5.) Durch die dynamische Entwicklung der COVID-19-Situation k\u00f6nnen <strong>kurzfristige \u00c4nderungen des Hygienekonzeptes<\/strong> nicht ausgeschlossen werden, die z.B. aus beh\u00f6rdlichen Anordnungen resultieren. Bitte beachten Sie die aktuellen Hinweise in den Medien bzw. die Internetseiten der o.g. Gebietsk\u00f6rperschaften sowie \u00c4nderungen \/ Updates auf dieser Internetseite.<\/p>\n<p>&nbsp;<\/p>\n<p>(6.) W\u00e4hrend der Veranstaltung sind die &#8222;<strong>allgemeinen empfohlenen Hygieneregeln<\/strong>&#8220; &#8211; einzuhalten:<\/p>\n<p>&nbsp;<\/p>\n<p>Abstand halten:<\/p>\n<p>&nbsp;<\/p>\n<p><img decoding=\"async\" src=\"https:\/\/upload.wikimedia.org\/wikipedia\/commons\/thumb\/2\/22\/AHA-distance.svg\/240px-AHA-distance.svg.png\" \/><\/p>\n<p>&nbsp;<\/p>\n<p>Hygienestandards einhalten:<\/p>\n<p><img decoding=\"async\" src=\"https:\/\/upload.wikimedia.org\/wikipedia\/commons\/thumb\/d\/de\/ISO_7010_M011.svg\/240px-ISO_7010_M011.svg.png\" \/><\/p>\n<p>&nbsp;<\/p>\n<p>Mund-Nasen-Bedeckung tragen (FFP2):<\/p>\n<p><img decoding=\"async\" src=\"https:\/\/upload.wikimedia.org\/wikipedia\/commons\/thumb\/8\/80\/ISO_7010_M016.svg\/240px-ISO_7010_M016.svg.png\" \/><\/p>\n<p>&nbsp;<\/p>\n<p>L\u00fcften:<\/p>\n<p><img decoding=\"async\" src=\"https:\/\/upload.wikimedia.org\/wikipedia\/commons\/thumb\/6\/65\/Covid_aha_ventilation_1.svg\/240px-Covid_aha_ventilation_1.svg.png\" \/><\/p>\n<p>&nbsp;<\/p>\n<p>App benutzen:<\/p>\n<p><img decoding=\"async\" src=\"https:\/\/upload.wikimedia.org\/wikipedia\/commons\/thumb\/5\/5a\/Covid_aha_app.svg\/240px-Covid_aha_app.svg.png\" \/><\/p>\n<p>&nbsp;<\/p>\n<p>Quelle: https:\/\/www.zusammengegencorona.de bzw. https:\/\/de.wikipedia.org\/wiki\/AHA-Formel<\/p>\n<p>&nbsp;<\/p>\n<\/div>\n[Letzte Aktualisierung: 15. November 2021]\n\r\n\t\t\t\t\t<div class=\"clear\"><\/div>\r\n\t\t\t\t<\/div>\r\n\t\t\t<\/div>\r\n\t\t<\/div> <\/div>\n<p style=\"text-align: right;\"><span style=\"color: #ffffff;\">.<\/span><\/p>\n<p style=\"text-align: right;\"><span style=\"color: #ffffff;\">.<\/span><\/p>\n<hr>\n<p style=\"text-align: right;\"><span style=\"color: #ffffff;\">.<\/span><\/p>\n<p style=\"text-align: right;\"><span style=\"color: #ffffff;\">.<\/span><\/p>\n<blockquote>\n<p style=\"text-align: right;\"><span style=\"color: #ffffff;\">_<\/span><\/p>\n<p><a class=\"fasc-button fasc-size-large fasc-type-popout fasc-rounded-medium fasc-ico-before dashicons-menu fasc-style-bold\" style=\"background-color: #ff0000; color: #ffffff;\" href=\"https:\/\/expertentagung.info\/hygienekonzept\/\">Grundlagen zum HYGIENEKONZEPT f\u00fcr Pr\u00e4senzveranstaltungen (Stand: September 2021)<\/a><\/p>\n<p style=\"text-align: right;\"><span style=\"color: #ffffff;\">.<\/span><\/p>\n<p style=\"text-align: right;\"><span style=\"color: #ffffff;\">.<\/span><\/p>\n<p style=\"text-align: left;\">\n<blockquote class=\"wp-embedded-content\" data-secret=\"xszUn2vcQr\"><p><a href=\"https:\/\/expertentagung.info\/hygienekonzept\/\">Hygienekonzept<\/a><\/p><\/blockquote>\n<p><iframe loading=\"lazy\" class=\"wp-embedded-content\" sandbox=\"allow-scripts\" security=\"restricted\" style=\"position: absolute; clip: rect(1px, 1px, 1px, 1px);\" title=\"&#8222;Hygienekonzept&#8220; &#8212; EXPERTENTAGUNG.info\" src=\"https:\/\/expertentagung.info\/hygienekonzept\/embed\/#?secret=ZlqNNCaKbu#?secret=xszUn2vcQr\" data-secret=\"xszUn2vcQr\" width=\"500\" height=\"282\" frameborder=\"0\" marginwidth=\"0\" marginheight=\"0\" scrolling=\"no\"><\/iframe><\/p>\n<p style=\"text-align: right;\"><span style=\"color: #ffffff;\">_<\/span><\/p>\n<\/blockquote>\n<p>&nbsp;<\/p>\n<p style=\"text-align: right;\">&nbsp;<br \/>\n[Stand: 22.09.2021]<\/p>\n<p>&nbsp;<\/p>\n<p>&nbsp;<\/p>\n","protected":false},"excerpt":{"rendered":"<p>&nbsp; HYGIENEKONZEPT &nbsp; . . . . _ Grundlagen zum HYGIENEKONZEPT f\u00fcr Pr\u00e4senzveranstaltungen (Stand: September 2021) . . Hygienekonzept _ &nbsp; &nbsp; [Stand: 22.09.2021] &nbsp; &nbsp;<\/p>\n","protected":false},"author":1,"featured_media":0,"parent":0,"menu_order":0,"comment_status":"closed","ping_status":"closed","template":"","meta":{"footnotes":""},"class_list":["post-51","page","type-page","status-publish","hentry"],"_links":{"self":[{"href":"https:\/\/expertentagung.info\/digital-rail-2021\/wp-json\/wp\/v2\/pages\/51","targetHints":{"allow":["GET"]}}],"collection":[{"href":"https:\/\/expertentagung.info\/digital-rail-2021\/wp-json\/wp\/v2\/pages"}],"about":[{"href":"https:\/\/expertentagung.info\/digital-rail-2021\/wp-json\/wp\/v2\/types\/page"}],"author":[{"embeddable":true,"href":"https:\/\/expertentagung.info\/digital-rail-2021\/wp-json\/wp\/v2\/users\/1"}],"replies":[{"embeddable":true,"href":"https:\/\/expertentagung.info\/digital-rail-2021\/wp-json\/wp\/v2\/comments?post=51"}],"version-history":[{"count":4,"href":"https:\/\/expertentagung.info\/digital-rail-2021\/wp-json\/wp\/v2\/pages\/51\/revisions"}],"predecessor-version":[{"id":94,"href":"https:\/\/expertentagung.info\/digital-rail-2021\/wp-json\/wp\/v2\/pages\/51\/revisions\/94"}],"wp:attachment":[{"href":"https:\/\/expertentagung.info\/digital-rail-2021\/wp-json\/wp\/v2\/media?parent=51"}],"curies":[{"name":"wp","href":"https:\/\/api.w.org\/{rel}","templated":true}]}}