{"id":24,"date":"2021-09-10T09:46:22","date_gmt":"2021-09-10T07:46:22","guid":{"rendered":"https:\/\/expertentagung.info\/digital-rail-2021\/?page_id=24"},"modified":"2021-10-07T00:30:31","modified_gmt":"2021-10-06T22:30:31","slug":"fachprogramm","status":"publish","type":"page","link":"https:\/\/expertentagung.info\/digital-rail-2021\/fachprogramm\/","title":{"rendered":"Fachprogramm"},"content":{"rendered":"<p style=\"text-align: right;\">.<\/p>\n<div data-post-id=\"69\" class=\"insert-page insert-page-69 \"><p>DIGITAL-RAIL 2021<\/p>\n<h2>Fachprogramm am Mittwoch, 24.11.2021 <strong>(Vormittag)<\/strong><\/h2>\n<p>&nbsp;<\/p>\n<p>&nbsp;<\/p>\n<p><strong>[[ 0<\/strong><strong>8:00 &#8211; 09:25 Uhr ]] = CHECK-IN <\/strong><\/p>\n<p>&nbsp;<\/p>\n<blockquote><p><strong>Networking #1<\/strong><\/p>\n<p><strong>Begr\u00fc\u00dfungskaffee &amp; <\/strong><\/p>\n<p><strong>COME TOGETHER <\/strong><\/p><\/blockquote>\n<p>&nbsp;<\/p>\n<p><span style=\"color: #ffffff;\"><strong><span style=\"background-color: #ff0000;\">DIGITAL-RAIL 2021: Bahn-Digitalisierung und Automatisierung<\/span> <\/strong><\/span><\/p>\n<p><span style=\"color: #ff0000;\">Begr\u00fc\u00dfung und thematische Einf\u00fchrung zur 6. Expertentagung DIGITAL-RAIL 2021<\/span><\/p>\n<p><span style=\"color: #ff0000;\">&amp; F\u00fcnfundzwanzig Jahre IFV Bahntechnik e.V.<\/span><\/p>\n<p>Dipl.-Volkswirt Eckhard <strong><u>SCHULZ<\/u><\/strong> &#8211; Vereinsgesch\u00e4ftsf\u00fchrer &#8211; [Interdisziplin\u00e4rer Forschungsverbund Bahntechnik e.V.; Berlin]<\/p>\n<p>&nbsp;<\/p>\n<p>&nbsp;<\/p>\n<p><span style=\"color: #ffffff;\"><strong><span style=\"background-color: #ff0000;\">DIGITAL-RAIL 2021: Kooperationsveranstaltung DB Systemtechnik &amp; IFV<\/span> <\/strong><\/span><\/p>\n<p><span style=\"color: #ff0000;\">Gru\u00dfwort zur 6. Expertentagung DIGITAL-RAIL 2021<\/span><\/p>\n<p><span style=\"color: #ff0000;\">&amp; Zehn Jahre DB Systemtechnik GmbH<\/span><\/p>\n<p>Diplom-Ingenieur Christoph <strong><u>KIRSCHINGER<\/u><\/strong> &#8211; Gesch\u00e4ftsf\u00fchrer Vertrieb &#8211; [DB Systemtechnik GmbH; M\u00fcnchen et al.]<\/p>\n<p>&nbsp;<\/p>\n<p>&nbsp;<\/p>\n<p><span style=\"background-color: #ff0000; color: #ffffff;\"><strong>Digitalisierung der Eisenbahnen in Deutschland<br \/>\n<\/strong><\/span><\/p>\n<p><span style=\"color: #ff0000;\">Bahn-Digitalisierung aus der Sicht des Bundesverkehrsministeriums<\/span><\/p>\n<p>Dipl.-Ing. Mattias <strong><u>POTRAFKE<\/u> <\/strong>&#8211; Leiter des Referats E 15 (Digitalisierung Eisenbahnen) &#8211; [Bundesministerium f\u00fcr Verkehr und Digitale Infrastruktur (BMVI); Bonn]<\/p>\n<p>&nbsp;<\/p>\n<p>&nbsp;<\/p>\n<p><span style=\"color: #ffffff;\"><strong><span style=\"background-color: #ff0000;\">Business Cases der Bahn-Digitalisierung, ver\u00e4nderte Rollen und neue Qualifikationen:<\/span> <\/strong><\/span><\/p>\n<p><span style=\"color: #ff0000;\">Wer profitiert von der Digitalisierung von Betriebserfahrungen im Bahnbetrieb und wie kann die Bahn-Digitalisierung funktionieren? (Mit praxisnahen Beispielen aus dem SGV)<\/span><\/p>\n<p>Prof. Dr. Raphael <strong><u>PFAFF<\/u><\/strong> &#8211; Schienenfahrzeugtechnik, Fachbereich Maschinenbau u. Mechatronik &#8211; [Fachhochschule Aachen]<\/p>\n<p>&nbsp;<\/p>\n<blockquote><p><strong>Networking&nbsp; #2<\/strong><\/p>\n<p><strong>=<\/strong><strong> Kaffeepause =&nbsp; <\/strong><\/p><\/blockquote>\n<p>&nbsp;<\/p>\n<p><span style=\"color: #ffffff;\"><strong><span style=\"background-color: #ff0000;\">Smarte Sensortechnik und Bahn-Digitalisierung<\/span> <\/strong><\/span><\/p>\n<p>Renate <strong><u>BAY<\/u><\/strong> &#8211; Gesch\u00e4ftsf\u00fchrende Gesellschafterin &#8211; [ASC GmbH; Pfaffenhofen \/ Ilm];<\/p>\n<p>Dr.-Ing. Klaus Ulrich <strong><u>WOLTER<\/u><\/strong> &#8211; Fahrzeugseitiges Infrastrukturmonitoring &#8211; [DB Systemtechnik GmbH; M\u00fcnchen]<\/p>\n<p>&nbsp;<\/p>\n<p>&nbsp;<\/p>\n<p><span style=\"color: #ffffff;\"><strong><span style=\"background-color: #ff0000;\">Berechnung des Radprofilverschlei\u00df durch Mehrk\u00f6rpersimulation (MKS):<\/span> <\/strong><\/span><\/p>\n<p><span style=\"color: #ff0000;\">Entwicklung von formstabilen Profilen am Beispiel ICT<\/span><\/p>\n<p>Dipl.-Ing. Clemens <strong><u>H\u00d6PPE<\/u><\/strong> &#8211; Stellv. Leiter TT.TVP 25 &#8211; (Simulation Gesamtfahrzeug) &#8211; [DB Systemtechnik GmbH; Minden]<\/p>\n<p>&nbsp;<\/p>\n<p><strong>[[ <\/strong><strong>12:50 &#8211; 13:50 Uhr ]] = Mittagspause<br \/>\n<\/strong><\/p>\n<p>&nbsp;<\/p>\n<blockquote><p><strong>Networking&nbsp; #3<\/strong><\/p>\n<p><strong><span style=\"background-color: #ff0000; color: #ffffff;\">DIGITAL-RAIL 2021<\/span><\/strong><\/p>\n<p><span style=\"color: #ff0000;\"><strong>Tagungsbegleitende Fachausstellung im Foyer von DB Systemtechnik GmbH in M\u00fcnchen<\/strong><\/span><\/p>\n<p>Networking-Coffee \/ Aktive Networking-Pause<\/p><\/blockquote>\n<p>&nbsp;<\/p>\n<p>&nbsp;<\/p>\n<h2 style=\"text-align: center;\">Fachprogramm am Mittwoch, 24.11.2021 <strong>(Nachmittag)<\/strong><\/h2>\n<p>&nbsp;<\/p>\n<p>&nbsp;<\/p>\n<p><span style=\"background-color: #ff0000; color: #ffffff;\"><strong>ATO Freight: <\/strong><\/span><\/p>\n<p><span style=\"color: #ff0000;\">Vorstellung der DB Cargo ATO Strategie; Tests und aktuelle Projekte; Lessons learned aus bisherigen ATO Entwicklungen (ATO Betuweroute)<\/span><\/p>\n<p>&nbsp;Dipl.-Ing. Baseliyos <strong><u>JACOB<\/u><\/strong> (MBA) &#8211; Senior Engineer ATO\/ETCS &#8211; [DB Cargo AG (Asset &amp; Technology); M\u00fcnchen]<\/p>\n<p>&nbsp;<\/p>\n<p>&nbsp;<\/p>\n<p><span style=\"background-color: #ff0000; color: #ffffff;\"><strong>Digitales Testfeld Bahn der Digitalen Schiene Deutschland: <\/strong><\/span><\/p>\n<p><span style=\"color: #ff0000;\">Neue Einsatzm\u00f6glichkeiten f\u00fcr das Reallabor f\u00fcr Forschung, Entwicklung und Erprobung von Innovationen im Kontext von Digitalisierung und Automatisierung des Bahnsystems<\/span><\/p>\n<p>Diplom-Wirtschaftsinformatiker Raik <strong><u>HOFFMANN<\/u><\/strong> (Master of Computer Science) &#8211; Koordinator Digitales Testfeld Bahn (Living Lab Bahn, I.NAT 331) &#8211; [DB Netz AG; Annaberg et al.]<\/p>\n<p>&nbsp;<\/p>\n<p>&nbsp;<\/p>\n<blockquote><p><strong>Networking&nbsp; #4<\/strong><\/p>\n<p><strong>=<\/strong><strong>&nbsp; Kaffeepause = <\/strong><\/p><\/blockquote>\n<p>&nbsp;<\/p>\n<p>&nbsp;<\/p>\n<p><span style=\"background-color: #ff0000; color: #ffffff;\"><strong>Security for Safety: <\/strong><\/span><\/p>\n<p><span style=\"color: #ff0000;\">Was ist im Bahnbereich gr\u00f6\u00dfer &#8211; die Herausforderungen oder der Werkzeugkasten?<\/span><\/p>\n<p>Dr. Kai <strong><u>BORGWARTH <\/u><\/strong>&#8211; Leiter Marketing und Vertrieb (Transportation) &#8211; [embeX GmbH; Freiburg \/ Br.]<\/p>\n<p>&nbsp;<\/p>\n<p>&nbsp;<\/p>\n<p><span style=\"background-color: #ff0000; color: #ffffff;\"><strong>Security f\u00fcr den \u00d6PNV: <\/strong><\/span><\/p>\n<p><span style=\"color: #ff0000;\">Bahnhofsbetriebsmanagementsystem der n\u00e4chsten Generation; Use Cases der Management Suite Synergy<\/span><\/p>\n<p>Dipl.-Phys. J\u00fcrgen <strong><u>FUCHS<\/u><\/strong> &#8211; Prokurist &#8211; [Synectic Systems GmbH; Berlin et al.]<\/p>\n<p>&nbsp;<\/p>\n<p>&nbsp;<\/p>\n<p><span style=\"background-color: #ff0000; color: #ffffff;\"><strong>Digitalisierte Mobilit\u00e4t: <\/strong><\/span><\/p>\n<p><span style=\"color: #ff0000;\">Technische Herausforderungen der Bahn-Digitalisierung und wirtschaftliche Aspekte Automatisierung im Bahn- bzw. Verkehrssektor<\/span><\/p>\n<p>Dipl.-Volkswirt Eckhard <strong><u>SCHULZ<\/u><\/strong> &#8211; Leading Consultant \/ Certified-Consultant.com &#8211; [IFV Beratung und Service GmbH; Gau-Bischofsheim \/ Mainz]<\/p>\n<p>&nbsp;<\/p>\n<p>&nbsp;<\/p>\n<p><strong>[[ <\/strong><strong>ca. 17:15 Uhr ]] = Ende des Fachprogramms (Tag 1, Mittwoch, 24.11.2021)<\/strong><\/p>\n<p>&nbsp;<\/p>\n<p>&nbsp;<\/p>\n<blockquote><p><strong>Rahmenprogramm am Mittwoch, 24. November 2021 (ca. 19:00 ~ 22:00 Uhr)<\/strong><\/p>\n<ul>\n<li><span style=\"background-color: #ff0000; color: #ffffff;\"><strong>VISITENKARTEN-ABEND in einem Spezialit\u00e4tenrestaurant in M\u00fcnchen<\/strong><\/span><\/li>\n<li><span style=\"color: #ff0000;\">NETWORKING-EVENT f\u00fcr Referenten, Tagungsteilnehmer und Aussteller<\/span><\/li>\n<li>Systematisches Networking #5<\/li>\n<\/ul>\n<\/blockquote>\n<p>&nbsp;<\/p>\n<hr>\n<p>&nbsp;<\/p>\n<p>&gt;&gt;&gt; <a class=\"fasc-button fasc-size-medium fasc-type-flat fasc-rounded-medium ico-fa fasc-ico-before fa-caret-square-o-right\" style=\"background-color: #afafaf; color: #ffffff;\" href=\"https:\/\/expertentagung.info\/digital-rail-2021\/fachprogramm-konferenztag-2\/\">WEITER zum Fachprogramm am 2. Konferenztag<\/a><\/p>\n<p>&nbsp;<\/p>\n<p>&gt;&gt;&gt; <a class=\"fasc-button fasc-size-medium fasc-type-popout fasc-rounded-medium fasc-ico-before dashicons-cart fasc-style-bold\" style=\"background-color: #ff0000; color: #ffffff;\" target=\"_blank\" rel=\"noopener\" href=\"https:\/\/expertentagung.info\/digital-rail-2021\/anmeldung\/\">Weiter zur TEILNEHMER-ANMELDUNG<\/a><\/p>\n<p>&nbsp;<\/p>\n<p>&nbsp;<\/p>\n<\/div>\n<p>&nbsp;<\/p>\n<p style=\"text-align: right;\">.<\/p>\n<div data-post-id=\"65\" class=\"insert-page insert-page-65 \"><p>DIGITAL-RAIL 2021<\/p>\n<h2>Fachprogramm am Donnerstag, 25.11.2021 <strong>(Vormittag)<\/strong><\/h2>\n<p>&nbsp;<\/p>\n<p>&nbsp;<\/p>\n<p><strong>[[ <\/strong><strong>08:00 &#8211; 08:55 Uhr]]&nbsp; CHECK-IN<\/strong><\/p>\n<p>&nbsp;<\/p>\n<blockquote><p><strong>Networking #6<\/strong><\/p>\n<p><strong>= Begr\u00fc\u00dfungskaffee =&nbsp; <\/strong><\/p>\n<p><strong>COME TOGETHER <\/strong><\/p><\/blockquote>\n<p>&nbsp;<\/p>\n<p>&nbsp;<\/p>\n<p><span style=\"color: #ffffff;\"><strong><span style=\"background-color: #ff0000;\">Vernetzung im Bereich der Bahn-Digitalisierung:<\/span> <\/strong><\/span><\/p>\n<p><span style=\"color: #ff0000;\">Synergie-Effekte durch systematische Netzwerkbildung im Bahn- und Verkehrsbereich<\/span><\/p>\n<p>Dipl.-Volkswirt Eckhard <strong><u>SCHULZ<\/u><\/strong> &#8211; [Arbeitskreis Bahn-Digitalisierung; Berlin] et al.<\/p>\n<p>&nbsp;<\/p>\n<p>&nbsp;<\/p>\n<p><span style=\"background-color: #ff0000; color: #ffffff;\"><strong>CAF&#8217;S Digital Depot:<\/strong><\/span><\/p>\n<p><span style=\"color: #ff0000;\">Digital approach to Rolling Stock Maintenance<\/span><\/p>\n<p>Luis Fern\u00e1ndez <strong><u>DE BARRENA<\/u><\/strong> (Industrial Engineer, MBA) &#8211; Business Development Manager &#8211; [CAF Digital Services.; Irun, Pa\u00eds Vasco, Spanien]<\/p>\n<p>&nbsp;<\/p>\n<p>&nbsp;<\/p>\n<p><span style=\"color: #ffffff;\"><strong><span style=\"background-color: #ff0000;\">Digitale Instandhaltung im Systemverbund Bahn &#8211; Starke Schiene Deutschland:<\/span> <\/strong><\/span><\/p>\n<p><span style=\"color: #ff0000;\">Sichere Vernetzung von OT und IT: Security, Safety, Instandhaltung, CBM<\/span><\/p>\n<p>Dipl.-Ing. Philipp <strong><u>NIENHEYSEN<\/u><\/strong> &#8211; Senior Digital Consultant (Business Line Digitale Produkte &amp; Services (TT.TVD)) &#8211; [DB Systemtechnik GmbH; Frankfurt \/ M.]<\/p>\n<p>&nbsp;<\/p>\n<p style=\"text-align: center;\">&nbsp;<\/p>\n<p><span style=\"color: #ffffff;\"><strong><span style=\"background-color: #ff0000;\">Vorausschauende Instandhaltung von Stra\u00dfenbahnen:<\/span> <\/strong><\/span><\/p>\n<p><span style=\"color: #ff0000;\">Nutzung von digital erfassten Messungen der Radprofile zur Prognose der verbleibenden Laufleistung und entsprechende Umsetzung in der Werkstattplanung (PM), Data Mining, Prognose<\/span><\/p>\n<p>Dipl.-Ing. Thomas <strong><u>WEBER<\/u><\/strong> &#8211; Sachverst\u00e4ndiger f\u00fcr Schienenfahrzeuge, Stellvertretender Leiter Dynamik &#8211; [LogoMotive GmbH; N\u00fcrnberg];<\/p>\n<p>Dipl.-Ing. Stephan <strong>LESSER <\/strong>&#8211; Ingenieur f\u00fcr Fahrzeugtechnik, Mechanik &#8211; [Berliner Verkehrsbetriebe (BVG) &#8211; A\u00f6R); Berlin]<\/p>\n<p>&nbsp;<\/p>\n<p><strong>&nbsp;<\/strong><\/p>\n<blockquote><p><strong>Networking&nbsp; #7<\/strong><\/p>\n<p><strong>= Kaffeepause=<\/strong><\/p><\/blockquote>\n<p>&nbsp;<\/p>\n<p>&nbsp;<\/p>\n<p><span style=\"color: #ffffff;\"><strong><span style=\"background-color: #ff0000;\">Datenaufbereitung mit Kopf &#8211; fachlicher Schl\u00fcssel f\u00fcr die Digitalisierung:<\/span> <\/strong><\/span><\/p>\n<p><span style=\"color: #ff0000;\">Generisches Datenmodell (GDM) als fachlicher Schl\u00fcssel f\u00fcr die Erschlie\u00dfung digitaler Daten der Schienenfahrzeuge sowie universelles Datengateway (UDG) als Datendrehscheibe der DB AG<\/span><\/p>\n<p>Daniel <strong><u>M\u00dcLLER<\/u><\/strong> (Master of Science) &#8211; Leiter IT-Nutzung, Diagnose, Daten (TT.TVE) &#8211; [DB Systemtechnik GmbH); Frankfurt \/ M.]<\/p>\n<p>&nbsp;<\/p>\n<p style=\"text-align: center;\">&nbsp;<\/p>\n<p><span style=\"background-color: #ff0000; color: #ffffff;\"><strong>Zerst\u00f6rungsfreie Pr\u00fcfung &#8211; ZfP 4.0:<\/strong><\/span><\/p>\n<p><span style=\"color: #ff0000;\">Die ZfP im Zeichen der Digitalisierung; IT-Anforderungen an mechanisierte Pr\u00fcfanlagen und aktuelle Entwicklungen<\/span><\/p>\n<p>Dr.-Ing. Eric <strong><u>WILD<\/u><\/strong> &#8211; Fachreferent f\u00fcr mechanisierte Pr\u00fcfsysteme f\u00fcr Radsatzwellen mit L\u00e4ngsbohrung (TT.TVI 2(2));<\/p>\n<p>Dr.-Ing. Jochen <strong>KURZ<\/strong> &#8211; Leiter der Abteilung Zerst\u00f6rungsfreie Pr\u00fcfung und Pr\u00fcfsysteme (TT.TVI);<\/p>\n<p>Dipl.-Ing. Thomas <strong>OELSCHL\u00c4GEL<\/strong> &#8211; Leiter der Arbeitsgruppe Mechanisierte Pr\u00fcfsysteme &#8211; [DB Systemtechnik GmbH; Brandenburg-Kirchm\u00f6ser]<\/p>\n<p>&nbsp;<\/p>\n<p style=\"text-align: center;\">&nbsp;<\/p>\n<p><strong>[[ <\/strong><strong>12:25 &#8211; 13:35&nbsp; Uhr]]&nbsp; Mittagspause<\/strong><\/p>\n<blockquote><p>&nbsp;<\/p>\n<p><strong>Networking&nbsp; #8<\/strong><\/p>\n<p><span style=\"background-color: #ff0000; color: #ffffff;\"><strong>DIGITAL-RAIL 2021<\/strong><\/span><\/p>\n<p><span style=\"color: #ff0000;\">Tagungsbegleitende Fachausstellung im Foyer von DB Systemtechnik GmbH in M\u00fcnchen<\/span><\/p>\n<p>Networking-Coffee \/ Aktive Networking-Pause<\/p><\/blockquote>\n<p>&nbsp;<\/p>\n<p>&nbsp;<\/p>\n<p>&nbsp;<\/p>\n<h2 style=\"text-align: center;\">Fachprogramm am Donnerstag, 25.11.2021 <strong>(Nachmittag)<\/strong><\/h2>\n<p>&nbsp;<\/p>\n<p>&nbsp;<\/p>\n<p><span style=\"background-color: #ff0000; color: #ffffff;\"><strong>RAILEYE3D: Selbstabfertigungsassistent mit integrierter K\u00fcnstlicher Intelligenz:<\/strong><\/span><\/p>\n<p><span style=\"color: #ff0000;\">Erfahrungsberichte von KI-basierter Umgebungs\u00fcberwachung von Z\u00fcgen in der praktischen Anwendung bei Vollbahnen und Stra\u00dfenbahnen<\/span><\/p>\n<p>Dipl. Ing. Johannes <strong><u>TRAXLER<\/u><\/strong> &#8211; Gesch\u00e4ftsf\u00fchrer &#8211; [EYYES GmbH; Gedersdorf, \u00d6sterreich]<\/p>\n<p>&nbsp;<\/p>\n<p style=\"text-align: center;\">&nbsp;<\/p>\n<p><span style=\"color: #ffffff;\"><strong><span style=\"background-color: #ff0000;\">Das digitale Rechenzentrum im Fahrzeug:<\/span> <\/strong><\/span><\/p>\n<p><span style=\"color: #ff0000;\">Der Weg zur sicheren, einfachen und komfortablen Datenkommunikation mit den Fahrzeugen<\/span><\/p>\n<p>Peter&nbsp; <strong><u>HONEDER<\/u><\/strong> &#8211; CTO &#8211; [Unwired Networks GmbH; Wien]<\/p>\n<p>&nbsp;<\/p>\n<p style=\"text-align: center;\"><strong>&nbsp;<br \/>\n<\/strong><\/p>\n<blockquote><p><strong>Networking&nbsp; #9<\/strong><\/p>\n<p><strong>= Kaffeepause =<br \/>\n<\/strong><\/p><\/blockquote>\n<p>&nbsp;<\/p>\n<p style=\"text-align: center;\">&nbsp;<\/p>\n<p><span style=\"color: #ffffff;\"><strong><span style=\"background-color: #ff0000;\">Quo vadis Digital Rail? &#8211; Entwicklungslinien der Bahn-Digitalisierung:<\/span> <\/strong><\/span><\/p>\n<p><span style=\"color: #ff0000;\">R\u00fcckblick auf das bisher Erreichte und Ausblick auf zuk\u00fcnftig m\u00f6gliche Entwicklungsstufen<\/span><\/p>\n<p>Dr. rer. nat. (habil.) Elias <strong><u>DAHLHAUS<\/u><\/strong> &#8211; Privatdozent &#8211; [Fachgebiet Algorithmik, Fachbereich Informatik; Technische Universit\u00e4t Darmstadt] et al.<\/p>\n<p>&nbsp;<\/p>\n<p style=\"text-align: center;\">&nbsp;<\/p>\n<p><span style=\"background-color: #ff0000; color: #ffffff;\"><strong>DIGITAL-RAIL.com 2021: &nbsp;<\/strong><\/span><\/p>\n<p><span style=\"color: #ff0000;\">\u00d6konomische Bewertung der Digitalisierung und Automatisierung im Bahn-Sektor<\/span><\/p>\n<p>Dipl.-Volkswirt Eckhard <strong><u>SCHULZ<\/u><\/strong> &#8211; Vereinsgesch\u00e4ftsf\u00fchrer &#8211; [Interdisziplin\u00e4rer Forschungsverbund Bahntechnik e.V.; Berlin]<\/p>\n<p>&nbsp;<\/p>\n<p style=\"text-align: center;\">&nbsp;<\/p>\n<p><strong>\u009e<\/strong><strong> ca. 16:15&nbsp;&nbsp;&nbsp;&nbsp;&nbsp;&nbsp;&nbsp;&nbsp;&nbsp;&nbsp;&nbsp;&nbsp;&nbsp;&nbsp; Ende des Fachprogramms (Tag 2, Donnerstag, 25.11.2021)<\/strong><\/p>\n<p>&nbsp;<\/p>\n<blockquote><p><strong>Verabschiedung der Teilnehmer <\/strong><\/p>\n<p><strong>Finales Networking (im Foyer) #10 <\/strong><\/p><\/blockquote>\n<p>&nbsp;<\/p>\n<p style=\"text-align: center;\">&nbsp;<\/p>\n<p style=\"text-align: right;\">.<\/p>\n<hr>\n<p>&nbsp;<\/p>\n<p>&gt;&gt;&gt; <a class=\"fasc-button fasc-size-medium fasc-type-flat fasc-rounded-medium ico-fa fasc-ico-before fa-caret-square-o-left\" style=\"background-color: #afafaf; color: #ffffff;\" href=\" https:\/\/expertentagung.info\/digital-rail-2021\/fachprogramm-konferenztag-1\">ZUR\u00dcCK zum Fachprogramm am 1. Konferenztag<\/a><\/p>\n<p>&nbsp;<\/p>\n<p>&gt;&gt;&gt; <a class=\"fasc-button fasc-size-medium fasc-type-popout fasc-rounded-medium fasc-ico-before dashicons-cart fasc-style-bold\" style=\"background-color: #ff0000; color: #ffffff;\" target=\"_blank\" rel=\"noopener\" href=\"https:\/\/expertentagung.info\/digital-rail-2021\/anmeldung\/\">Weiter zur TEILNEHMER-ANMELDUNG<\/a><\/p>\n<p>&nbsp;<\/p>\n<p style=\"text-align: right;\">&nbsp;<\/p>\n<\/div>\n<p>&nbsp;<\/p>\n<p style=\"text-align: right;\">.<\/p>\n<p>&nbsp;&nbsp;<\/p>\n<blockquote><p>&nbsp;<br \/>\n<strong><a class=\"fasc-button fasc-size-large fasc-type-flat fasc-rounded-medium fasc-style-bold\" style=\"background-color: #ff0000; color: #ffffff;\" href=\"https:\/\/ifv-bahntechnik.de\/digital-rail\/digital-rail-2021\/#\">Tagungsmodule der Expertentagung DIGITAL-RAIL 2021 (Vorschau)<\/a><br \/>\n<\/strong><\/p>\n<p>&nbsp;<\/p>\n<ul>\n<li><strong>Praxis der Bahn-Digitalisierung:<\/strong> Hardware, Software, Schnittstellen, Sensortechnik, Daten-Analytics, IT-Services<\/li>\n<\/ul>\n<p>&nbsp;<\/p>\n<ul>\n<li><strong>Prozess der digitalen Migration: <\/strong>Der Migrationspfad von Bahn 0.4 nach Bahn 4.0<\/li>\n<\/ul>\n<p>&nbsp;<\/p>\n<ul>\n<li><strong>Sicherheitsaspekte in der Bahn-Informationstechnik:<\/strong> Cybersecurity (vs. konventionelle Risiken)<\/li>\n<\/ul>\n<p>&nbsp;<\/p>\n<ul>\n<li><strong>Anforderungen der Auftraggeber an Digitalisierungsprojekte: <\/strong>Herausforderungen f\u00fcr Hersteller (Schienenfahrzeuge und Bahn-Infrastruktur) sowie Dienstleistungsunternehmen im Bahn- bzw. Verkehrssektor (Einsatzm\u00f6glichkeiten von Rail Data Science)<\/li>\n<\/ul>\n<p>&nbsp;<\/p>\n<ul>\n<li><strong>State of the art und Erfolgsfaktoren der Bahn-Digitalisierung:<\/strong> Case studies und daraus abgeleitete \u201elessons learnt\u201c<\/li>\n<\/ul>\n<p>&nbsp;<\/p><\/blockquote>\n<p>&nbsp;<\/p>\n<hr>\n<p>&nbsp;<\/p>\n<blockquote><p><a class=\"fasc-button fasc-size-large fasc-type-flat fasc-rounded-medium fasc-style-bold\" style=\"background-color: #ff0000; color: #ffffff;\" href=\"https:\/\/ifv-bahntechnik.de\/digital-rail\/digital-rail-2021\/#\">Rahmenprogramm am Abend des 24. November 2021<\/a><\/p>\n<p>&nbsp;<br \/>\n<strong><u>RAHMENPROGRAMM&nbsp; \/\/\/&nbsp; NETWORKING-EVENT \/\/\/ VISITENKARTEN-ABEND<br \/>\n<\/u><\/strong><\/p>\n<p>\u2014 Systematisches Networking in einem Restaurant in M\u00fcnchen \u2014<\/p>\n<p>&nbsp;<\/p>\n<p>(Die aktuellen Hygiene-Regelungen am Veranstaltungsort sind zu beachten!)<\/p>\n<p>Teilnahmebeschr\u00e4nkung gem\u00e4\u00df \u201e2G-Optionsmodell\u201c, wie vom Veranstalter angesagt \u2013 ggf. kurzfristige \u00c4nderungen durch beh\u00f6rdliche Anordnungen k\u00f6nnen nicht ausgeschlossen werden. &gt;&gt;&gt; Siehe&nbsp; <a class=\"fasc-button fasc-size-medium fasc-type-flat fasc-style-bold\" style=\"background-color: #efefef; color: #afafaf;\" href=\"https:\/\/expertentagung.info\/hygienekonzept\/\">Hygienekonzept<\/a><\/p><\/blockquote>\n<p>&nbsp;<\/p>\n","protected":false},"excerpt":{"rendered":"<p>. &nbsp; . &nbsp; . &nbsp;&nbsp; &nbsp; Tagungsmodule der Expertentagung DIGITAL-RAIL 2021 (Vorschau) &nbsp; Praxis der Bahn-Digitalisierung: Hardware, Software, Schnittstellen, Sensortechnik, Daten-Analytics, IT-Services &nbsp; Prozess der digitalen Migration: Der Migrationspfad von Bahn 0.4 nach Bahn 4.0 &nbsp; Sicherheitsaspekte in der Bahn-Informationstechnik: Cybersecurity (vs. konventionelle Risiken) &nbsp; Anforderungen der Auftraggeber an Digitalisierungsprojekte: Herausforderungen f\u00fcr Hersteller (Schienenfahrzeuge [&hellip;]<\/p>\n","protected":false},"author":1,"featured_media":0,"parent":0,"menu_order":0,"comment_status":"closed","ping_status":"closed","template":"","meta":{"footnotes":""},"class_list":["post-24","page","type-page","status-publish","hentry"],"_links":{"self":[{"href":"https:\/\/expertentagung.info\/digital-rail-2021\/wp-json\/wp\/v2\/pages\/24","targetHints":{"allow":["GET"]}}],"collection":[{"href":"https:\/\/expertentagung.info\/digital-rail-2021\/wp-json\/wp\/v2\/pages"}],"about":[{"href":"https:\/\/expertentagung.info\/digital-rail-2021\/wp-json\/wp\/v2\/types\/page"}],"author":[{"embeddable":true,"href":"https:\/\/expertentagung.info\/digital-rail-2021\/wp-json\/wp\/v2\/users\/1"}],"replies":[{"embeddable":true,"href":"https:\/\/expertentagung.info\/digital-rail-2021\/wp-json\/wp\/v2\/comments?post=24"}],"version-history":[{"count":7,"href":"https:\/\/expertentagung.info\/digital-rail-2021\/wp-json\/wp\/v2\/pages\/24\/revisions"}],"predecessor-version":[{"id":79,"href":"https:\/\/expertentagung.info\/digital-rail-2021\/wp-json\/wp\/v2\/pages\/24\/revisions\/79"}],"wp:attachment":[{"href":"https:\/\/expertentagung.info\/digital-rail-2021\/wp-json\/wp\/v2\/media?parent=24"}],"curies":[{"name":"wp","href":"https:\/\/api.w.org\/{rel}","templated":true}]}}